{"id":756212,"date":"2026-02-22T11:37:49","date_gmt":"2026-02-22T10:37:49","guid":{"rendered":"https:\/\/lucacastelli.com\/prodotto\/stihl-disque-diamant-de-tronconnage-beton-pierre-dure-d-sb90n-o-350-mm-14\/"},"modified":"2026-02-22T11:37:49","modified_gmt":"2026-02-22T10:37:49","slug":"stihl-disque-diamant-de-tronconnage-beton-pierre-dure-d-sb90n-o-350-mm-14","status":"publish","type":"product","link":"https:\/\/lucacastelli.com\/fr\/produit\/stihl-disque-diamant-de-tronconnage-beton-pierre-dure-d-sb90n-o-350-mm-14\/","title":{"rendered":"STIHL Disque diamant de tron\u00e7onnage, b\u00e9ton\/pierre dure, D-SB90N, \u00d8 350 mm\/14&#8243;"},"content":{"rendered":"<p>Disque diamant D-SB90N, \u00d8 350 mm : utilisation universelle pour b\u00e9ton, b\u00e9ton fortement arm\u00e9 et pierres naturelles dures<br \/>\nAvec les disques de tron\u00e7onnage STIHL, vous pouvez couper une grande vari\u00e9t\u00e9 de mat\u00e9riaux sur les chantiers. Ils sont parfaitement adapt\u00e9s aux tron\u00e7onneuses STIHL, particuli\u00e8rement robustes et convaincants par leur durabilit\u00e9, leur capacit\u00e9 de coupe \u00e9lev\u00e9e et leur haute pr\u00e9cision.<br \/>\nLe disque diamant haute vitesse D-SB90N convient comme disque universel pour de nombreux mat\u00e9riaux : b\u00e9ton, b\u00e9ton ancien, b\u00e9ton arm\u00e9, b\u00e9ton fortement arm\u00e9, briques et pierres naturelles dures.<br \/>\nL&#8217;\u00e9mission sonore du disque STIHL D-SB90N a \u00e9t\u00e9 consid\u00e9rablement r\u00e9duite par rapport aux disques STIHL conventionnels, ce qui le rend particuli\u00e8rement adapt\u00e9 \u00e0 l&#8217;utilisation avec des tron\u00e7onneuses \u00e0 batterie.<br \/>\nLe disque diamant STIHL D-SB90N de 350 mm peut \u00eatre utilis\u00e9 avec les tron\u00e7onneuses suivantes : <\/p>\n<p>STIHL TS 420<br \/>\nSTIHL TS 440<br \/>\nSTIHL TS 500i<br \/>\nSTIHL TS 710i<br \/>\nSTIHL TSA 350<br \/>\nSTIHL TSA 500 B<\/p>\n","protected":false},"excerpt":{"rendered":"<p>Disque diamant D-SB90N, \u00d8 350 mm : utilisation universelle pour b\u00e9ton, b\u00e9ton fortement arm\u00e9 et pierres naturelles dures Avec les<\/p>\n","protected":false},"featured_media":756213,"template":"","meta":{"_seopress_robots_primary_cat":"none","_seopress_titles_title":"","_seopress_titles_desc":"","_seopress_robots_index":""},"product_brand":[3555],"product_cat":[167,1689,1688,1686],"product_tag":[],"class_list":{"0":"post-756212","1":"product","2":"type-product","3":"status-publish","4":"has-post-thumbnail","6":"product_brand-stihl-fr","7":"product_cat-machines","8":"product_cat-coupe-bordures-et-elagueurs","9":"product_cat-accessoires-et-consommables-fr-8","10":"product_cat-tronconneuses-fr","11":"sws-gruppo-macchinari-fr","12":"sws-conto-ricavi-merci-rivendita-macchinari-fr","13":"sws-gruppo-iva-iva81-fr","15":"first","16":"instock","17":"sale","18":"shipping-taxable","19":"purchasable","20":"product-type-simple"},"_links":{"self":[{"href":"https:\/\/lucacastelli.com\/fr\/wp-json\/wp\/v2\/product\/756212","targetHints":{"allow":["GET"]}}],"collection":[{"href":"https:\/\/lucacastelli.com\/fr\/wp-json\/wp\/v2\/product"}],"about":[{"href":"https:\/\/lucacastelli.com\/fr\/wp-json\/wp\/v2\/types\/product"}],"wp:featuredmedia":[{"embeddable":true,"href":"https:\/\/lucacastelli.com\/fr\/wp-json\/wp\/v2\/media\/756213"}],"wp:attachment":[{"href":"https:\/\/lucacastelli.com\/fr\/wp-json\/wp\/v2\/media?parent=756212"}],"wp:term":[{"taxonomy":"product_brand","embeddable":true,"href":"https:\/\/lucacastelli.com\/fr\/wp-json\/wp\/v2\/product_brand?post=756212"},{"taxonomy":"product_cat","embeddable":true,"href":"https:\/\/lucacastelli.com\/fr\/wp-json\/wp\/v2\/product_cat?post=756212"},{"taxonomy":"product_tag","embeddable":true,"href":"https:\/\/lucacastelli.com\/fr\/wp-json\/wp\/v2\/product_tag?post=756212"}],"curies":[{"name":"wp","href":"https:\/\/api.w.org\/{rel}","templated":true}]}}