{"id":756202,"date":"2026-02-20T07:24:04","date_gmt":"2026-02-20T06:24:04","guid":{"rendered":"https:\/\/lucacastelli.com\/prodotto\/husqvarna-casque-de-protection-technical\/"},"modified":"2026-02-20T07:24:04","modified_gmt":"2026-02-20T06:24:04","slug":"husqvarna-casque-de-protection-technical","status":"publish","type":"product","link":"https:\/\/lucacastelli.com\/fr\/produit\/husqvarna-casque-de-protection-technical\/","title":{"rendered":"HUSQVARNA Casque de protection Technical"},"content":{"rendered":"<p>Casque l\u00e9ger pour travaux forestiers professionnels<\/p>\n<p>Casque de protection pour usage forestier avec protection auditive, visi\u00e8re et protection de la nuque. Robuste mais l\u00e9ger, le casque Technical Husqvarna est con\u00e7u pour \u00eatre modulaire, permettant de changer la visi\u00e8re et la protection auditive pour s&#8217;adapter \u00e0 toutes les conditions. La visi\u00e8re enveloppe le visage, offrant un excellent champ de vision aussi bien en position abaiss\u00e9e qu&#8217;en position relev\u00e9e, garantissant une vision d\u00e9gag\u00e9e de la cime des arbres. De mani\u00e8re g\u00e9n\u00e9rale, le casque est con\u00e7u pour \u00eatre confortable afin de permettre de porter une attention maximale \u00e0 l&#8217;activit\u00e9 \u00e0 r\u00e9aliser. Disponible en deux coloris pour s&#8217;adapter \u00e0 votre style et \u00e0 l&#8217;environnement.    <\/p>\n<p>&nbsp;<\/p>\n","protected":false},"excerpt":{"rendered":"<p>Casque l\u00e9ger pour travaux forestiers professionnels Casque de protection pour usage forestier avec protection auditive, visi\u00e8re et protection de la<\/p>\n","protected":false},"featured_media":734934,"template":"","meta":{"_seopress_robots_primary_cat":"","_seopress_titles_title":"","_seopress_titles_desc":"","_seopress_robots_index":""},"product_brand":[4371],"product_cat":[1405,144,1397],"product_tag":[],"class_list":{"0":"post-756202","1":"product","2":"type-product","3":"status-publish","4":"has-post-thumbnail","6":"product_brand-husqvarna-fr","7":"product_cat-casques","8":"product_cat-equipement","9":"product_cat-equipement-de-travail","10":"sws-gruppo-abb-libero-fr","11":"sws-conto-ricavi-merci-rivendita-abbigliamento-fr","12":"sws-gruppo-iva-iva81-fr","14":"first","15":"instock","16":"shipping-taxable","17":"purchasable","18":"product-type-simple"},"_links":{"self":[{"href":"https:\/\/lucacastelli.com\/fr\/wp-json\/wp\/v2\/product\/756202","targetHints":{"allow":["GET"]}}],"collection":[{"href":"https:\/\/lucacastelli.com\/fr\/wp-json\/wp\/v2\/product"}],"about":[{"href":"https:\/\/lucacastelli.com\/fr\/wp-json\/wp\/v2\/types\/product"}],"wp:featuredmedia":[{"embeddable":true,"href":"https:\/\/lucacastelli.com\/fr\/wp-json\/wp\/v2\/media\/734934"}],"wp:attachment":[{"href":"https:\/\/lucacastelli.com\/fr\/wp-json\/wp\/v2\/media?parent=756202"}],"wp:term":[{"taxonomy":"product_brand","embeddable":true,"href":"https:\/\/lucacastelli.com\/fr\/wp-json\/wp\/v2\/product_brand?post=756202"},{"taxonomy":"product_cat","embeddable":true,"href":"https:\/\/lucacastelli.com\/fr\/wp-json\/wp\/v2\/product_cat?post=756202"},{"taxonomy":"product_tag","embeddable":true,"href":"https:\/\/lucacastelli.com\/fr\/wp-json\/wp\/v2\/product_tag?post=756202"}],"curies":[{"name":"wp","href":"https:\/\/api.w.org\/{rel}","templated":true}]}}