{"id":756092,"date":"2026-02-22T15:31:28","date_gmt":"2026-02-22T14:31:28","guid":{"rendered":"https:\/\/lucacastelli.com\/prodotto\/milwaukee-foret-diamante\/"},"modified":"2026-02-22T15:31:28","modified_gmt":"2026-02-22T14:31:28","slug":"milwaukee-foret-diamante","status":"publish","type":"product","link":"https:\/\/lucacastelli.com\/fr\/produit\/milwaukee-foret-diamante\/","title":{"rendered":"MILWAUKEE Foret diamant\u00e9"},"content":{"rendered":"<p>FORET DIAMANT\u00c9 FIXATION M14 &#8211; SET 4 PCS<br \/>\nForets diamant\u00e9s \u00e0 sec DIAMOND MAX\u2122<\/p>\n<p>Diam\u00e8tre 6, 8, 10, 14 mm<br \/>\n4058546618469<\/p>\n","protected":false},"excerpt":{"rendered":"<p>FORET DIAMANT\u00c9 FIXATION M14 &#8211; SET 4 PCS Forets diamant\u00e9s \u00e0 sec DIAMOND MAX\u2122 Diam\u00e8tre 6, 8, 10, 14 mm<\/p>\n","protected":false},"featured_media":739020,"template":"","meta":{"_seopress_robots_primary_cat":"","_seopress_titles_title":"","_seopress_titles_desc":"","_seopress_robots_index":""},"product_brand":[3658],"product_cat":[5532,167,1555],"product_tag":[6838],"class_list":{"0":"post-756092","1":"product","2":"type-product","3":"status-publish","4":"has-post-thumbnail","6":"product_brand-milwaukee-fr","7":"product_cat-diverses-machines-milwaukee","8":"product_cat-machines","9":"product_cat-accessoires-pour-perceuses-et-tournevis","10":"product_tag-imp-26-mw_new","11":"sws-gruppo-macchinari-fr","12":"sws-conto-ricavi-merci-rivendita-macchinari-fr","13":"sws-gruppo-iva-iva81-fr","15":"first","16":"instock","17":"sale","18":"shipping-taxable","19":"purchasable","20":"product-type-simple"},"_links":{"self":[{"href":"https:\/\/lucacastelli.com\/fr\/wp-json\/wp\/v2\/product\/756092","targetHints":{"allow":["GET"]}}],"collection":[{"href":"https:\/\/lucacastelli.com\/fr\/wp-json\/wp\/v2\/product"}],"about":[{"href":"https:\/\/lucacastelli.com\/fr\/wp-json\/wp\/v2\/types\/product"}],"wp:featuredmedia":[{"embeddable":true,"href":"https:\/\/lucacastelli.com\/fr\/wp-json\/wp\/v2\/media\/739020"}],"wp:attachment":[{"href":"https:\/\/lucacastelli.com\/fr\/wp-json\/wp\/v2\/media?parent=756092"}],"wp:term":[{"taxonomy":"product_brand","embeddable":true,"href":"https:\/\/lucacastelli.com\/fr\/wp-json\/wp\/v2\/product_brand?post=756092"},{"taxonomy":"product_cat","embeddable":true,"href":"https:\/\/lucacastelli.com\/fr\/wp-json\/wp\/v2\/product_cat?post=756092"},{"taxonomy":"product_tag","embeddable":true,"href":"https:\/\/lucacastelli.com\/fr\/wp-json\/wp\/v2\/product_tag?post=756092"}],"curies":[{"name":"wp","href":"https:\/\/api.w.org\/{rel}","templated":true}]}}