{"id":755965,"date":"2026-02-22T15:29:47","date_gmt":"2026-02-22T14:29:47","guid":{"rendered":"https:\/\/lucacastelli.com\/prodotto\/milwaukee-a-cliquet-5\/"},"modified":"2026-02-22T15:29:47","modified_gmt":"2026-02-22T14:29:47","slug":"milwaukee-a-cliquet-5","status":"publish","type":"product","link":"https:\/\/lucacastelli.com\/fr\/produit\/milwaukee-a-cliquet-5\/","title":{"rendered":"Milwaukee \u00e0 cliquet"},"content":{"rendered":"<p>M12 FIR12G2-0 \/ Cliquet 1\/2<br \/>\nCliquet \u00bd\u2033 M12 FUEL\u2122<\/p>\n<p>Livr\u00e9 sans batteries, livr\u00e9 sans chargeur, livr\u00e9 sans coffret ou sac, 2 x crans<br \/>\n4058546528089<\/p>\n","protected":false},"excerpt":{"rendered":"<p>M12 FIR12G2-0 \/ Cliquet 1\/2 Cliquet \u00bd\u2033 M12 FUEL\u2122 Livr\u00e9 sans batteries, livr\u00e9 sans chargeur, livr\u00e9 sans coffret ou sac,<\/p>\n","protected":false},"featured_media":738796,"template":"","meta":{"_seopress_robots_primary_cat":"","_seopress_titles_title":"","_seopress_titles_desc":"","_seopress_robots_index":""},"product_brand":[3658],"product_cat":[5532,167,1555],"product_tag":[6838],"class_list":{"0":"post-755965","1":"product","2":"type-product","3":"status-publish","4":"has-post-thumbnail","6":"product_brand-milwaukee-fr","7":"product_cat-diverses-machines-milwaukee","8":"product_cat-machines","9":"product_cat-accessoires-pour-perceuses-et-tournevis","10":"product_tag-imp-26-mw_new","11":"sws-gruppo-macchinari-fr","12":"sws-conto-ricavi-merci-rivendita-macchinari-fr","13":"sws-gruppo-iva-iva81-fr","15":"first","16":"instock","17":"sale","18":"shipping-taxable","19":"purchasable","20":"product-type-simple"},"_links":{"self":[{"href":"https:\/\/lucacastelli.com\/fr\/wp-json\/wp\/v2\/product\/755965","targetHints":{"allow":["GET"]}}],"collection":[{"href":"https:\/\/lucacastelli.com\/fr\/wp-json\/wp\/v2\/product"}],"about":[{"href":"https:\/\/lucacastelli.com\/fr\/wp-json\/wp\/v2\/types\/product"}],"wp:featuredmedia":[{"embeddable":true,"href":"https:\/\/lucacastelli.com\/fr\/wp-json\/wp\/v2\/media\/738796"}],"wp:attachment":[{"href":"https:\/\/lucacastelli.com\/fr\/wp-json\/wp\/v2\/media?parent=755965"}],"wp:term":[{"taxonomy":"product_brand","embeddable":true,"href":"https:\/\/lucacastelli.com\/fr\/wp-json\/wp\/v2\/product_brand?post=755965"},{"taxonomy":"product_cat","embeddable":true,"href":"https:\/\/lucacastelli.com\/fr\/wp-json\/wp\/v2\/product_cat?post=755965"},{"taxonomy":"product_tag","embeddable":true,"href":"https:\/\/lucacastelli.com\/fr\/wp-json\/wp\/v2\/product_tag?post=755965"}],"curies":[{"name":"wp","href":"https:\/\/api.w.org\/{rel}","templated":true}]}}