{"id":754441,"date":"2026-02-22T16:16:26","date_gmt":"2026-02-22T15:16:26","guid":{"rendered":"https:\/\/lucacastelli.com\/prodotto\/milwaukee-set-de-roulements-a-billes-pour-defonceuse-a-feuillure-vario\/"},"modified":"2026-02-22T16:16:26","modified_gmt":"2026-02-22T15:16:26","slug":"milwaukee-set-de-roulements-a-billes-pour-defonceuse-a-feuillure-vario","status":"publish","type":"product","link":"https:\/\/lucacastelli.com\/fr\/produit\/milwaukee-set-de-roulements-a-billes-pour-defonceuse-a-feuillure-vario\/","title":{"rendered":"MILWAUKEE Set de roulements \u00e0 billes pour d\u00e9fonceuse \u00e0 feuillure vario"},"content":{"rendered":"<p>KIT 6 ROULEMENTS &amp; ACCESSOIRES POUR D\u00c9FONCEUSE \u00c0 FEUILLURE<br \/>\nKit d\u00e9fonceuse \u00e0 feuillure<\/p>\n<p>Comprend : 6 roulements (diam\u00e8tres : 12,7\/15,88\/19,05\/22\/28,5\/34,9), cl\u00e9 hexagonale, protection et vis de fixation<br \/>\n4058546623029<\/p>\n","protected":false},"excerpt":{"rendered":"<p>KIT 6 ROULEMENTS &amp; ACCESSOIRES POUR D\u00c9FONCEUSE \u00c0 FEUILLURE Kit d\u00e9fonceuse \u00e0 feuillure Comprend : 6 roulements (diam\u00e8tres : 12,7\/15,88\/19,05\/22\/28,5\/34,9),<\/p>\n","protected":false},"featured_media":740180,"template":"","meta":{"_seopress_robots_primary_cat":"","_seopress_titles_title":"","_seopress_titles_desc":"","_seopress_robots_index":""},"product_brand":[3658],"product_cat":[1555,5532,167,1552],"product_tag":[6838],"class_list":{"0":"post-754441","1":"product","2":"type-product","3":"status-publish","4":"has-post-thumbnail","6":"product_brand-milwaukee-fr","7":"product_cat-accessoires-pour-perceuses-et-tournevis","8":"product_cat-diverses-machines-milwaukee","9":"product_cat-machines","10":"product_cat-perceuses-et-tournevis","11":"product_tag-imp-26-mw_new","12":"sws-gruppo-macchinari-fr","13":"sws-conto-ricavi-merci-rivendita-macchinari-fr","14":"sws-gruppo-iva-iva81-fr","16":"first","17":"instock","18":"sale","19":"shipping-taxable","20":"purchasable","21":"product-type-simple"},"_links":{"self":[{"href":"https:\/\/lucacastelli.com\/fr\/wp-json\/wp\/v2\/product\/754441","targetHints":{"allow":["GET"]}}],"collection":[{"href":"https:\/\/lucacastelli.com\/fr\/wp-json\/wp\/v2\/product"}],"about":[{"href":"https:\/\/lucacastelli.com\/fr\/wp-json\/wp\/v2\/types\/product"}],"wp:featuredmedia":[{"embeddable":true,"href":"https:\/\/lucacastelli.com\/fr\/wp-json\/wp\/v2\/media\/740180"}],"wp:attachment":[{"href":"https:\/\/lucacastelli.com\/fr\/wp-json\/wp\/v2\/media?parent=754441"}],"wp:term":[{"taxonomy":"product_brand","embeddable":true,"href":"https:\/\/lucacastelli.com\/fr\/wp-json\/wp\/v2\/product_brand?post=754441"},{"taxonomy":"product_cat","embeddable":true,"href":"https:\/\/lucacastelli.com\/fr\/wp-json\/wp\/v2\/product_cat?post=754441"},{"taxonomy":"product_tag","embeddable":true,"href":"https:\/\/lucacastelli.com\/fr\/wp-json\/wp\/v2\/product_tag?post=754441"}],"curies":[{"name":"wp","href":"https:\/\/api.w.org\/{rel}","templated":true}]}}