{"id":753959,"date":"2026-02-22T16:41:00","date_gmt":"2026-02-22T15:41:00","guid":{"rendered":"https:\/\/lucacastelli.com\/prodotto\/milwaukee-tourne-a-gauche-a-poignee-coulissante\/"},"modified":"2026-02-22T16:41:00","modified_gmt":"2026-02-22T15:41:00","slug":"milwaukee-tourne-a-gauche-a-poignee-coulissante","status":"publish","type":"product","link":"https:\/\/lucacastelli.com\/fr\/produit\/milwaukee-tourne-a-gauche-a-poignee-coulissante\/","title":{"rendered":"MILWAUKEE Tourne-\u00e0-gauche \u00e0 poign\u00e9e coulissante"},"content":{"rendered":"<p>TOURNE-\u00c0-GAUCHE \u00c0 POIGN\u00c9E COULISSANTE<br \/>\nTourne-\u00e0-gauche<\/p>\n<p>4058546619305<\/p>\n","protected":false},"excerpt":{"rendered":"<p>TOURNE-\u00c0-GAUCHE \u00c0 POIGN\u00c9E COULISSANTE Tourne-\u00e0-gauche 4058546619305<\/p>\n","protected":false},"featured_media":740533,"template":"","meta":{"_seopress_robots_primary_cat":"","_seopress_titles_title":"","_seopress_titles_desc":"","_seopress_robots_index":""},"product_brand":[3658],"product_cat":[5417,144],"product_tag":[6838],"class_list":{"0":"post-753959","1":"product","2":"type-product","3":"status-publish","4":"has-post-thumbnail","6":"product_brand-milwaukee-fr","7":"product_cat-outils-pour-atelier","8":"product_cat-equipement","9":"product_tag-imp-26-mw_new","10":"sws-gruppo-macchinari-fr","11":"sws-conto-ricavi-merci-rivendita-macchinari-fr","12":"sws-gruppo-iva-iva81-fr","14":"first","15":"instock","16":"sale","17":"shipping-taxable","18":"purchasable","19":"product-type-simple"},"_links":{"self":[{"href":"https:\/\/lucacastelli.com\/fr\/wp-json\/wp\/v2\/product\/753959","targetHints":{"allow":["GET"]}}],"collection":[{"href":"https:\/\/lucacastelli.com\/fr\/wp-json\/wp\/v2\/product"}],"about":[{"href":"https:\/\/lucacastelli.com\/fr\/wp-json\/wp\/v2\/types\/product"}],"wp:featuredmedia":[{"embeddable":true,"href":"https:\/\/lucacastelli.com\/fr\/wp-json\/wp\/v2\/media\/740533"}],"wp:attachment":[{"href":"https:\/\/lucacastelli.com\/fr\/wp-json\/wp\/v2\/media?parent=753959"}],"wp:term":[{"taxonomy":"product_brand","embeddable":true,"href":"https:\/\/lucacastelli.com\/fr\/wp-json\/wp\/v2\/product_brand?post=753959"},{"taxonomy":"product_cat","embeddable":true,"href":"https:\/\/lucacastelli.com\/fr\/wp-json\/wp\/v2\/product_cat?post=753959"},{"taxonomy":"product_tag","embeddable":true,"href":"https:\/\/lucacastelli.com\/fr\/wp-json\/wp\/v2\/product_tag?post=753959"}],"curies":[{"name":"wp","href":"https:\/\/api.w.org\/{rel}","templated":true}]}}