{"id":753407,"date":"2026-02-22T16:54:59","date_gmt":"2026-02-22T15:54:59","guid":{"rendered":"https:\/\/lucacastelli.com\/prodotto\/milwaukee-cle-a-rouleaux-reglable-3\/"},"modified":"2026-02-22T16:54:59","modified_gmt":"2026-02-22T15:54:59","slug":"milwaukee-cle-a-rouleaux-reglable-3","status":"publish","type":"product","link":"https:\/\/lucacastelli.com\/fr\/produit\/milwaukee-cle-a-rouleaux-reglable-3\/","title":{"rendered":"Milwaukee Cl\u00e9 \u00e0 rouleaux r\u00e9glable"},"content":{"rendered":"<p>CL\u00c9S \u00c0 MOLETTE GRANDE 200mm<br \/>\nCl\u00e9 \u00e0 molette<\/p>\n<p>4058546566869<\/p>\n","protected":false},"excerpt":{"rendered":"<p>CL\u00c9S \u00c0 MOLETTE GRANDE 200mm Cl\u00e9 \u00e0 molette 4058546566869<\/p>\n","protected":false},"featured_media":740681,"template":"","meta":{"_seopress_robots_primary_cat":"","_seopress_titles_title":"","_seopress_titles_desc":"","_seopress_robots_index":""},"product_brand":[3658],"product_cat":[5417,144],"product_tag":[6838],"class_list":{"0":"post-753407","1":"product","2":"type-product","3":"status-publish","4":"has-post-thumbnail","6":"product_brand-milwaukee-fr","7":"product_cat-outils-pour-atelier","8":"product_cat-equipement","9":"product_tag-imp-26-mw_new","10":"sws-gruppo-macchinari-fr","11":"sws-conto-ricavi-merci-rivendita-macchinari-fr","12":"sws-gruppo-iva-iva81-fr","14":"first","15":"instock","16":"sale","17":"shipping-taxable","18":"purchasable","19":"product-type-simple"},"_links":{"self":[{"href":"https:\/\/lucacastelli.com\/fr\/wp-json\/wp\/v2\/product\/753407","targetHints":{"allow":["GET"]}}],"collection":[{"href":"https:\/\/lucacastelli.com\/fr\/wp-json\/wp\/v2\/product"}],"about":[{"href":"https:\/\/lucacastelli.com\/fr\/wp-json\/wp\/v2\/types\/product"}],"wp:featuredmedia":[{"embeddable":true,"href":"https:\/\/lucacastelli.com\/fr\/wp-json\/wp\/v2\/media\/740681"}],"wp:attachment":[{"href":"https:\/\/lucacastelli.com\/fr\/wp-json\/wp\/v2\/media?parent=753407"}],"wp:term":[{"taxonomy":"product_brand","embeddable":true,"href":"https:\/\/lucacastelli.com\/fr\/wp-json\/wp\/v2\/product_brand?post=753407"},{"taxonomy":"product_cat","embeddable":true,"href":"https:\/\/lucacastelli.com\/fr\/wp-json\/wp\/v2\/product_cat?post=753407"},{"taxonomy":"product_tag","embeddable":true,"href":"https:\/\/lucacastelli.com\/fr\/wp-json\/wp\/v2\/product_tag?post=753407"}],"curies":[{"name":"wp","href":"https:\/\/api.w.org\/{rel}","templated":true}]}}