{"id":753330,"date":"2026-02-22T16:56:57","date_gmt":"2026-02-22T15:56:57","guid":{"rendered":"https:\/\/lucacastelli.com\/prodotto\/milwaukee-jeu-de-pinces-cles\/"},"modified":"2026-02-22T16:56:57","modified_gmt":"2026-02-22T15:56:57","slug":"milwaukee-jeu-de-pinces-cles","status":"publish","type":"product","link":"https:\/\/lucacastelli.com\/fr\/produit\/milwaukee-jeu-de-pinces-cles\/","title":{"rendered":"MILWAUKEE Jeu de pinces-cl\u00e9s"},"content":{"rendered":"<p>LOT DE 2 PCS &#8211; PINCES-CL\u00c9S (180 mm + 250 mm)<br \/>\nPinces \u00e0 becs lisses<\/p>\n<p>Pince-cl\u00e9 180 mm et 250 mm<br \/>\n4058546624545<\/p>\n","protected":false},"excerpt":{"rendered":"<p>LOT DE 2 PCS &#8211; PINCES-CL\u00c9S (180 mm + 250 mm) Pinces \u00e0 becs lisses Pince-cl\u00e9 180 mm et 250<\/p>\n","protected":false},"featured_media":740685,"template":"","meta":{"_seopress_robots_primary_cat":"","_seopress_titles_title":"","_seopress_titles_desc":"","_seopress_robots_index":""},"product_brand":[3658],"product_cat":[5417,144],"product_tag":[6838],"class_list":{"0":"post-753330","1":"product","2":"type-product","3":"status-publish","4":"has-post-thumbnail","6":"product_brand-milwaukee-fr","7":"product_cat-outils-pour-atelier","8":"product_cat-equipement","9":"product_tag-imp-26-mw_new","10":"sws-gruppo-macchinari-fr","11":"sws-conto-ricavi-merci-rivendita-macchinari-fr","12":"sws-gruppo-iva-iva81-fr","14":"first","15":"instock","16":"sale","17":"shipping-taxable","18":"purchasable","19":"product-type-simple"},"_links":{"self":[{"href":"https:\/\/lucacastelli.com\/fr\/wp-json\/wp\/v2\/product\/753330","targetHints":{"allow":["GET"]}}],"collection":[{"href":"https:\/\/lucacastelli.com\/fr\/wp-json\/wp\/v2\/product"}],"about":[{"href":"https:\/\/lucacastelli.com\/fr\/wp-json\/wp\/v2\/types\/product"}],"wp:featuredmedia":[{"embeddable":true,"href":"https:\/\/lucacastelli.com\/fr\/wp-json\/wp\/v2\/media\/740685"}],"wp:attachment":[{"href":"https:\/\/lucacastelli.com\/fr\/wp-json\/wp\/v2\/media?parent=753330"}],"wp:term":[{"taxonomy":"product_brand","embeddable":true,"href":"https:\/\/lucacastelli.com\/fr\/wp-json\/wp\/v2\/product_brand?post=753330"},{"taxonomy":"product_cat","embeddable":true,"href":"https:\/\/lucacastelli.com\/fr\/wp-json\/wp\/v2\/product_cat?post=753330"},{"taxonomy":"product_tag","embeddable":true,"href":"https:\/\/lucacastelli.com\/fr\/wp-json\/wp\/v2\/product_tag?post=753330"}],"curies":[{"name":"wp","href":"https:\/\/api.w.org\/{rel}","templated":true}]}}