{"id":752968,"date":"2026-02-26T19:37:58","date_gmt":"2026-02-26T18:37:58","guid":{"rendered":"https:\/\/lucacastelli.com\/prodotto\/la-sportiva-aequilibrium-st-woman-gtx\/"},"modified":"2026-02-26T23:15:55","modified_gmt":"2026-02-26T22:15:55","slug":"la-sportiva-aequilibrium-st-woman-gtx","status":"publish","type":"product","link":"https:\/\/lucacastelli.com\/fr\/produit\/la-sportiva-aequilibrium-st-woman-gtx\/","title":{"rendered":"La Sportiva Aequilibrium ST Woman GTX"},"content":{"rendered":"<div class=\"row viewport_pdp\">\n<div class=\"col-md-5\">\n<div class=\"product-info-main\">\n<div class=\"product attribute overview\">\n<div class=\"value\">\n<p class=\"product-short-description\">Chaussure d\u2019alpinisme technique ultra-l\u00e9g\u00e8re, id\u00e9ale pour les via ferrata, le trekking, les travers\u00e9es de glaciers et les terrains mixtes.<\/p>\n<\/div>\n<\/div>\n<\/div>\n<\/div>\n<\/div>\n<div class=\"row justify-content-center product-details\">L\u2019Aequilibrium ST GTX est la chaussure d\u2019alpinisme technique l\u00e9g\u00e8re id\u00e9ale pour les via ferrata, le trekking et les travers\u00e9es de glaciers sur terrains mixtes. Confort de chaussant maximal gr\u00e2ce \u00e0 la languette \u00e0 soufflet int\u00e9gr\u00e9 et \u00e0 la petite gu\u00eatre pare-neige souple sur le collier. Excellente marchabilit\u00e9 gr\u00e2ce \u00e0 la construction innovante du talon Double Heel\u2122 : la g\u00e9om\u00e9trie \u00e0 double crampon arri\u00e8re tr\u00e8s prononc\u00e9 augmente l\u2019effet de freinage en descente et permet un d\u00e9roul\u00e9 plus fluide, r\u00e9duisant la fatigue musculaire. Durabilit\u00e9 et l\u00e9g\u00e8ret\u00e9 s\u2019allient harmonieusement gr\u00e2ce au nouvel ensemble semelle\/intercalaire avec construction \u00e0 coque Rubber Guard\u2122 externe et mousse interne pour un amorti accentu\u00e9 et une l\u00e9g\u00e8ret\u00e9 issue d\u2019une utilisation r\u00e9duite de couches de caoutchouc. La forme est Ergonomic : enveloppante et pr\u00e9cise, avec des coques en TPU int\u00e9gr\u00e9es \u00e0 la pointe et au talon pour renforcer la tige. La jonction directionnelle 3D Flex System Evo\u2122 avec mall\u00e9ole profil\u00e9e et protection anti-abrasion permet un meilleur contr\u00f4le de l\u2019appui et une parfaite mobilit\u00e9 de la cheville. La petite gu\u00eatre de protection du la\u00e7age en pointe prot\u00e8ge des frottements. L\u2019intercalaire est semi-cramponnable, la semelle adopte une bande de roulement Vibram\u00ae SpringLug Tech avec des crampons Impact Brake System pour une meilleure adaptabilit\u00e9 aux surfaces rocheuses dures. L\u2019alpinisme en parfaite harmonie.        <\/div>\n<div><\/div>\n<div>\n<p><b>Membrane imperm\u00e9able : <\/b>GORE-TEX Performance Comfort<\/p>\n<p><b>Sous-pied : <\/b>nylon renforc\u00e9 de fibre de verre<\/p>\n<p><b>Doublure : <\/b>GORE-TEX Performance Comfort<\/p>\n<p><b>Intercalaire : <\/b>aucune<\/p>\n<p><b>Brevet : <\/b>Impact Brake System\u2122, 3D Flex System Evo\u2122<\/p>\n<p><b>Semelle : <\/b>Vibram avec SpringLug Tech et Impact Brake System\u2122<\/p>\n<p><b>Tige : <\/b>Nylon 6.6 hydrofuge et haute t\u00e9nacit\u00e9 avec protection HoneyComb r\u00e9sistante \u00e0 l\u2019abrasion<\/p>\n<\/div>\n","protected":false},"excerpt":{"rendered":"<p>Chaussure d\u2019alpinisme technique ultra-l\u00e9g\u00e8re, id\u00e9ale pour les via ferrata, le trekking, les travers\u00e9es de glaciers et les terrains mixtes. L\u2019Aequilibrium<\/p>\n","protected":false},"featured_media":752973,"template":"","meta":{"_seopress_robots_primary_cat":"none","_seopress_titles_title":"","_seopress_titles_desc":"","_seopress_robots_index":""},"product_brand":[3419],"product_cat":[28,568,575],"product_tag":[],"class_list":{"0":"post-752968","1":"product","2":"type-product","3":"status-publish","4":"has-post-thumbnail","6":"product_brand-la-sportiva","7":"product_cat-calzature","8":"product_cat-calzature-per-il-tempo-libero","9":"product_cat-calzature-da-donna","10":"sws-gruppo-abb-libero-fr","11":"sws-conto-ricavi-merci-rivendita-calzature-fr","12":"sws-gruppo-iva-iva81-fr","14":"first","15":"instock","16":"shipping-taxable","17":"purchasable","18":"product-type-variable","19":"has-default-attributes"},"_links":{"self":[{"href":"https:\/\/lucacastelli.com\/fr\/wp-json\/wp\/v2\/product\/752968","targetHints":{"allow":["GET"]}}],"collection":[{"href":"https:\/\/lucacastelli.com\/fr\/wp-json\/wp\/v2\/product"}],"about":[{"href":"https:\/\/lucacastelli.com\/fr\/wp-json\/wp\/v2\/types\/product"}],"wp:featuredmedia":[{"embeddable":true,"href":"https:\/\/lucacastelli.com\/fr\/wp-json\/wp\/v2\/media\/752973"}],"wp:attachment":[{"href":"https:\/\/lucacastelli.com\/fr\/wp-json\/wp\/v2\/media?parent=752968"}],"wp:term":[{"taxonomy":"product_brand","embeddable":true,"href":"https:\/\/lucacastelli.com\/fr\/wp-json\/wp\/v2\/product_brand?post=752968"},{"taxonomy":"product_cat","embeddable":true,"href":"https:\/\/lucacastelli.com\/fr\/wp-json\/wp\/v2\/product_cat?post=752968"},{"taxonomy":"product_tag","embeddable":true,"href":"https:\/\/lucacastelli.com\/fr\/wp-json\/wp\/v2\/product_tag?post=752968"}],"curies":[{"name":"wp","href":"https:\/\/api.w.org\/{rel}","templated":true}]}}