{"id":752525,"date":"2026-02-26T08:34:31","date_gmt":"2026-02-26T07:34:31","guid":{"rendered":"https:\/\/lucacastelli.com\/prodotto\/helly-hansen-veste-loke-terra-femme-2\/"},"modified":"2026-02-26T08:34:31","modified_gmt":"2026-02-26T07:34:31","slug":"helly-hansen-veste-loke-terra-femme-2","status":"publish","type":"product","link":"https:\/\/lucacastelli.com\/fr\/produit\/helly-hansen-veste-loke-terra-femme-2\/","title":{"rendered":"HELLY HANSEN Veste Loke Terra Femme"},"content":{"rendered":"<div class=\"productDetailsSection_productDescriptionSection__FDg0y\">\n<div class=\"productDescription_productDescription__sJIE6\" data-mt-type=\"product-description\">\n<div class=\"richtext_wrapper__3MzTU productDescription_productDescriptionContent__0A3VB\">Lorsque le mauvais temps vous surprend pendant une randonn\u00e9e, prot\u00e9gez-vous avec notre veste l\u00e9g\u00e8re Loke Terra Micro Jacket pour femme. Cette veste shell protectrice est pliable et vous pouvez la ranger facilement dans votre sac \u00e0 dos lorsque vous ne l&#8217;utilisez pas. Avec des caract\u00e9ristiques telles que la ventilation sous les manches, des poignets, une capuche et un ourlet r\u00e9glables, ainsi qu&#8217;une structure ripstop r\u00e9sistante et la technologie HELLY TECH\u00ae Protection enti\u00e8rement thermosoud\u00e9e, cette veste confortable offre une protection fiable contre la pluie et le vent mod\u00e9r\u00e9s. De plus, elle est \u00e9quip\u00e9e d&#8217;une poche poitrine et de poches pour les mains, toutes avec des fermetures \u00e9clair r\u00e9sistantes \u00e0 l&#8217;eau. Ce mod\u00e8le est fabriqu\u00e9 avec des mat\u00e9riaux certifi\u00e9s bluesign\u00ae.    <\/div>\n<\/div>\n<\/div>\n<div><\/div>\n<div><\/div>\n<div>Composition des fibres : Ext\u00e9rieur : 100 % Polyamide<\/div>\n<div><\/div>\n<div><\/div>\n<div class=\"productUseFor_listItem__bOFv_ productUseFor_listItemRight__oPxip\">\n<ul>\n<li>\n<p class=\"body_default__KVUF_ body_style--basic__yRiHa\">PROTECTION HELLY TECH<\/p>\n<\/li>\n<li>\n<p class=\"body_default__KVUF_ body_style--basic__yRiHa\">Structure 2,5 couches<\/p>\n<\/li>\n<li>\n<p class=\"body_default__KVUF_ body_style--basic__yRiHa\">Logo HH\u00ae imprim\u00e9<\/p>\n<\/li>\n<li>\n<p class=\"body_default__KVUF_ body_style--basic__yRiHa\">Poches pour les mains<\/p>\n<\/li>\n<li>\n<p class=\"body_default__KVUF_ body_style--basic__yRiHa\">Poignets r\u00e9glables<\/p>\n<\/li>\n<li>\n<p class=\"body_default__KVUF_ body_style--basic__yRiHa\">Capuche et ourlet r\u00e9glables<\/p>\n<\/li>\n<li>\n<p class=\"body_default__KVUF_ body_style--basic__yRiHa\">Poche poitrine<\/p>\n<\/li>\n<li>\n<p class=\"body_default__KVUF_ body_style--basic__yRiHa\">Coutures enti\u00e8rement thermosoud\u00e9es<\/p>\n<\/li>\n<li>\n<p class=\"body_default__KVUF_ body_style--basic__yRiHa\">Fermetures \u00e9clair de ventilation sous les manches<\/p>\n<\/li>\n<li>\n<p class=\"body_default__KVUF_ body_style--basic__yRiHa\">Traitement hydrofuge durable (DWR)<\/p>\n<\/li>\n<li>\n<p class=\"body_default__KVUF_ body_style--basic__yRiHa\">produit bluesign<\/p>\n<\/li>\n<li>\n<p class=\"body_default__KVUF_ body_style--basic__yRiHa\">Traitement hydrofuge durable (DWR) exempt de perfluorocarbures (PFC)<\/p>\n<\/li>\n<\/ul>\n<\/div>\n","protected":false},"excerpt":{"rendered":"<p>Lorsque le mauvais temps vous surprend pendant une randonn\u00e9e, prot\u00e9gez-vous avec notre veste l\u00e9g\u00e8re Loke Terra Micro Jacket pour femme.<\/p>\n","protected":false},"featured_media":751839,"template":"","meta":{"_seopress_robots_primary_cat":"none","_seopress_titles_title":"","_seopress_titles_desc":"","_seopress_robots_index":""},"product_brand":[3425],"product_cat":[21,189,200],"product_tag":[],"class_list":{"0":"post-752525","1":"product","2":"type-product","3":"status-publish","4":"has-post-thumbnail","6":"product_brand-helly-hansen","7":"product_cat-abbigliamento","8":"product_cat-abbigliamento-per-il-tempo-libero","9":"product_cat-abbigliamento-da-donna","10":"sws-gruppo-abb-libero-fr","11":"sws-conto-ricavi-merci-rivendita-abbigliamento-fr","12":"sws-gruppo-iva-iva81-fr","14":"first","15":"instock","16":"sale","17":"shipping-taxable","18":"purchasable","19":"product-type-variable","20":"has-default-attributes"},"_links":{"self":[{"href":"https:\/\/lucacastelli.com\/fr\/wp-json\/wp\/v2\/product\/752525","targetHints":{"allow":["GET"]}}],"collection":[{"href":"https:\/\/lucacastelli.com\/fr\/wp-json\/wp\/v2\/product"}],"about":[{"href":"https:\/\/lucacastelli.com\/fr\/wp-json\/wp\/v2\/types\/product"}],"wp:featuredmedia":[{"embeddable":true,"href":"https:\/\/lucacastelli.com\/fr\/wp-json\/wp\/v2\/media\/751839"}],"wp:attachment":[{"href":"https:\/\/lucacastelli.com\/fr\/wp-json\/wp\/v2\/media?parent=752525"}],"wp:term":[{"taxonomy":"product_brand","embeddable":true,"href":"https:\/\/lucacastelli.com\/fr\/wp-json\/wp\/v2\/product_brand?post=752525"},{"taxonomy":"product_cat","embeddable":true,"href":"https:\/\/lucacastelli.com\/fr\/wp-json\/wp\/v2\/product_cat?post=752525"},{"taxonomy":"product_tag","embeddable":true,"href":"https:\/\/lucacastelli.com\/fr\/wp-json\/wp\/v2\/product_tag?post=752525"}],"curies":[{"name":"wp","href":"https:\/\/api.w.org\/{rel}","templated":true}]}}