{"id":752518,"date":"2026-02-26T07:51:24","date_gmt":"2026-02-26T06:51:24","guid":{"rendered":"https:\/\/lucacastelli.com\/prodotto\/veste-helly-hansen-loke-terra-pour-homme-2\/"},"modified":"2026-02-26T07:51:24","modified_gmt":"2026-02-26T06:51:24","slug":"veste-helly-hansen-loke-terra-pour-homme-2","status":"publish","type":"product","link":"https:\/\/lucacastelli.com\/fr\/produit\/veste-helly-hansen-loke-terra-pour-homme-2\/","title":{"rendered":"Veste Helly Hansen Loke Terra pour homme"},"content":{"rendered":"<p>Prot\u00e9gez-vous des averses impr\u00e9vues lors de vos randonn\u00e9es avec notre veste Loke Terra pour homme. Cette veste shell l\u00e9g\u00e8re et compressible est con\u00e7ue pour vous offrir une protection fiable quand vous en avez le plus besoin : transportez-la facilement dans votre sac \u00e0 dos pour l\u2019avoir toujours avec vous. Dot\u00e9e de ventilations sous les bras, de poignets, d\u2019une capuche et d\u2019un ourlet r\u00e9glables, ainsi que d\u2019une structure ripstop r\u00e9sistante et de la technologie HELLY TECH\u00ae Protection enti\u00e8rement thermosoud\u00e9e, cette veste est pratique et confortable. De plus, elle dispose de poches repose-mains et d\u2019une poche poitrine, toutes \u00e9quip\u00e9es de fermetures \u00e9clair r\u00e9sistantes \u00e0 l\u2019eau. Cette veste est fabriqu\u00e9e \u00e0 partir de mat\u00e9riaux certifi\u00e9s bluesign\u00ae.    <\/p>\n<p>&nbsp;<\/p>\n<p>Composition des fibres :<\/p>\n<div class=\"richtext_wrapper__3MzTU blocks_root__vE_15\">Ext\u00e9rieur : 100 % polyamide<\/div>\n<p>Instructions d&#8217;entretien :<\/p>\n<div class=\"richtext_wrapper__3MzTU blocks_root__vE_15\">\n<ul>\n<li>\n<p class=\"body_default__KVUF_ body_style--basic__yRiHa\">PROTECTION HELLY TECH<\/p>\n<\/li>\n<li>\n<p class=\"body_default__KVUF_ body_style--basic__yRiHa\">Construction 2,5 couches<\/p>\n<\/li>\n<li>\n<p class=\"body_default__KVUF_ body_style--basic__yRiHa\">Logo HH\u00ae imprim\u00e9<\/p>\n<\/li>\n<li>\n<p class=\"body_default__KVUF_ body_style--basic__yRiHa\">Poches pour les mains<\/p>\n<\/li>\n<li>\n<p class=\"body_default__KVUF_ body_style--basic__yRiHa\">Poignets r\u00e9glables<\/p>\n<\/li>\n<li>\n<p class=\"body_default__KVUF_ body_style--basic__yRiHa\">Capuche et ourlet r\u00e9glables<\/p>\n<\/li>\n<li>\n<p class=\"body_default__KVUF_ body_style--basic__yRiHa\">Poche poitrine<\/p>\n<\/li>\n<li>\n<p class=\"body_default__KVUF_ body_style--basic__yRiHa\">Coutures enti\u00e8rement thermosoud\u00e9es<\/p>\n<\/li>\n<li>\n<p class=\"body_default__KVUF_ body_style--basic__yRiHa\">Fermetures \u00e9clair de ventilation sous les bras<\/p>\n<\/li>\n<li>\n<p class=\"body_default__KVUF_ body_style--basic__yRiHa\">Traitement hydrofuge durable (DWR)<\/p>\n<\/li>\n<li>\n<p class=\"body_default__KVUF_ body_style--basic__yRiHa\">produit bluesign<\/p>\n<\/li>\n<li>\n<p class=\"body_default__KVUF_ body_style--basic__yRiHa\">Traitement hydrofuge durable (DWR) exempt de perfluorocarbures (PFC)<\/p>\n<\/li>\n<\/ul>\n<\/div>\n","protected":false},"excerpt":{"rendered":"<p>Prot\u00e9gez-vous des averses impr\u00e9vues lors de vos randonn\u00e9es avec notre veste Loke Terra pour homme. Cette veste shell l\u00e9g\u00e8re et<\/p>\n","protected":false},"featured_media":751727,"template":"","meta":{"_seopress_robots_primary_cat":"","_seopress_titles_title":"","_seopress_titles_desc":"","_seopress_robots_index":""},"product_brand":[3646],"product_cat":[81,981,982],"product_tag":[],"class_list":{"0":"post-752518","1":"product","2":"type-product","3":"status-publish","4":"has-post-thumbnail","6":"product_brand-helly-hansen-fr","7":"product_cat-vetements","8":"product_cat-vetements-de-loisirs","9":"product_cat-vetements-pour-hommes","10":"sws-gruppo-abb-libero-fr","11":"sws-conto-ricavi-merci-rivendita-abbigliamento-fr","12":"sws-gruppo-iva-iva81-fr","14":"first","15":"instock","16":"sale","17":"shipping-taxable","18":"purchasable","19":"product-type-variable","20":"has-default-attributes"},"_links":{"self":[{"href":"https:\/\/lucacastelli.com\/fr\/wp-json\/wp\/v2\/product\/752518","targetHints":{"allow":["GET"]}}],"collection":[{"href":"https:\/\/lucacastelli.com\/fr\/wp-json\/wp\/v2\/product"}],"about":[{"href":"https:\/\/lucacastelli.com\/fr\/wp-json\/wp\/v2\/types\/product"}],"wp:featuredmedia":[{"embeddable":true,"href":"https:\/\/lucacastelli.com\/fr\/wp-json\/wp\/v2\/media\/751727"}],"wp:attachment":[{"href":"https:\/\/lucacastelli.com\/fr\/wp-json\/wp\/v2\/media?parent=752518"}],"wp:term":[{"taxonomy":"product_brand","embeddable":true,"href":"https:\/\/lucacastelli.com\/fr\/wp-json\/wp\/v2\/product_brand?post=752518"},{"taxonomy":"product_cat","embeddable":true,"href":"https:\/\/lucacastelli.com\/fr\/wp-json\/wp\/v2\/product_cat?post=752518"},{"taxonomy":"product_tag","embeddable":true,"href":"https:\/\/lucacastelli.com\/fr\/wp-json\/wp\/v2\/product_tag?post=752518"}],"curies":[{"name":"wp","href":"https:\/\/api.w.org\/{rel}","templated":true}]}}