{"id":752426,"date":"2026-02-25T15:40:23","date_gmt":"2026-02-25T14:40:23","guid":{"rendered":"https:\/\/lucacastelli.com\/prodotto\/la-sportiva-trango-pro-woman-gtx\/"},"modified":"2026-02-25T15:40:23","modified_gmt":"2026-02-25T14:40:23","slug":"la-sportiva-trango-pro-woman-gtx","status":"publish","type":"product","link":"https:\/\/lucacastelli.com\/fr\/produit\/la-sportiva-trango-pro-woman-gtx\/","title":{"rendered":"La Sportiva Trango Pro Woman GTX"},"content":{"rendered":"<p>Trango Pro Woman Gore-Tex est la chaussure d\u00e9velopp\u00e9e pour les utilisatrices les plus exigeantes qui recherchent s\u00e9curit\u00e9 et performance sur des itin\u00e9raires alpins techniques et traditionnels en conditions estivales. R\u00e9alis\u00e9e avec des concepts et mat\u00e9riaux de nouvelle g\u00e9n\u00e9ration, Trango Pro Gore-Tex a \u00e9t\u00e9 \u00e9tudi\u00e9e dans les moindres d\u00e9tails pour assurer une technicit\u00e9 maximale, une pr\u00e9cision en phase d&#8217;escalade et un poids extr\u00eamement r\u00e9duit, tout cela pour satisfaire les besoins des professionnelles de la montagne et des utilisatrices les plus \u00e9volu\u00e9es. La nouvelle forme Trango-Ergo, \u00e9tudi\u00e9e pour s&#8217;adapter et envelopper au mieux diff\u00e9rentes conformations de pied, permet \u00e0 l&#8217;alpiniste de progresser avec une pr\u00e9cision et un confort maximaux. La gu\u00eatre La Sportiva Vortex avec fermeture rapide \u00e9vite l&#8217;entr\u00e9e de d\u00e9bris et de neige et prot\u00e8ge le la\u00e7age sup\u00e9rieur de la chaussure. La semelle Vibram\u00ae Cube Evo r\u00e9alis\u00e9e avec la technologie SpringLug Tech pour garantir l&#8217;absorption de l&#8217;impact avec le terrain et une l\u00e9g\u00e8ret\u00e9 maximale, a \u00e9t\u00e9 con\u00e7ue par les techniciens La Sportiva avec pour objectifs de maximiser les performances en phase d&#8217;escalade gr\u00e2ce \u00e0 la large Climbing Zone en pointe et d&#8217;exalter les caract\u00e9ristiques en phase de traction et de freinage gr\u00e2ce \u00e0 l&#8217;utilisation de la technologie brevet\u00e9e Impact Brake System\u2122. La doublure imperm\u00e9able GORE-TEX Performance Comfort assure une protection maximale contre les intemp\u00e9ries.     <\/p>\n<p>&nbsp;<\/p>\n<p><strong>Informations techniques<\/strong><br \/>\n<strong>Doublure :<\/strong><br \/>\nGORE-TEX Performance Comfort<br \/>\n<strong>Semelle de propret\u00e9 :<\/strong><br \/>\nNylon renforc\u00e9 carbone<br \/>\n<strong>Semelle interm\u00e9diaire :<\/strong><br \/>\nPolyur\u00e9thane basse densit\u00e9 avec insert en TPU pour la fixation du crampon arri\u00e8re<br \/>\n<strong>Poids :<\/strong><br \/>\n535 g la paire<br \/>\n<strong>Brevet :<\/strong><br \/>\nImpact Brake System, 3D Flex System Evo\u2122<br \/>\n<strong>Semelle :<\/strong><br \/>\nVibram\u00ae avec technologie SpringLug Tech et Impact Brake System<br \/>\n<strong>Gu\u00eatre :<\/strong><br \/>\nTissu hydrofuge, \u00e9lastique et r\u00e9sistant \u00e0 l&#8217;abrasion avec syst\u00e8me de fermeture Vortex\u2122<br \/>\n<strong>Tige :<\/strong><br \/>\nNylon 6,6 haute r\u00e9sistance et hydrofuge avec zones de protection contre l&#8217;abrasion HoneyComb Guard\u2122<\/p>\n","protected":false},"excerpt":{"rendered":"<p>Trango Pro Woman Gore-Tex est la chaussure d\u00e9velopp\u00e9e pour les utilisatrices les plus exigeantes qui recherchent s\u00e9curit\u00e9 et performance sur<\/p>\n","protected":false},"featured_media":750713,"template":"","meta":{"_seopress_robots_primary_cat":"","_seopress_titles_title":"","_seopress_titles_desc":"","_seopress_robots_index":""},"product_brand":[3648],"product_cat":[173,1420,1429],"product_tag":[],"class_list":{"0":"post-752426","1":"product","2":"type-product","3":"status-publish","4":"has-post-thumbnail","6":"product_brand-la-sportiva-fr","7":"product_cat-chaussures","8":"product_cat-chaussures-de-loisirs","9":"product_cat-chaussures-pour-femmes","10":"sws-gruppo-abb-libero-fr","11":"sws-conto-ricavi-merci-rivendita-abbigliamento-fr","12":"sws-gruppo-iva-iva81-fr","14":"first","15":"instock","16":"shipping-taxable","17":"purchasable","18":"product-type-variable","19":"has-default-attributes"},"_links":{"self":[{"href":"https:\/\/lucacastelli.com\/fr\/wp-json\/wp\/v2\/product\/752426","targetHints":{"allow":["GET"]}}],"collection":[{"href":"https:\/\/lucacastelli.com\/fr\/wp-json\/wp\/v2\/product"}],"about":[{"href":"https:\/\/lucacastelli.com\/fr\/wp-json\/wp\/v2\/types\/product"}],"wp:featuredmedia":[{"embeddable":true,"href":"https:\/\/lucacastelli.com\/fr\/wp-json\/wp\/v2\/media\/750713"}],"wp:attachment":[{"href":"https:\/\/lucacastelli.com\/fr\/wp-json\/wp\/v2\/media?parent=752426"}],"wp:term":[{"taxonomy":"product_brand","embeddable":true,"href":"https:\/\/lucacastelli.com\/fr\/wp-json\/wp\/v2\/product_brand?post=752426"},{"taxonomy":"product_cat","embeddable":true,"href":"https:\/\/lucacastelli.com\/fr\/wp-json\/wp\/v2\/product_cat?post=752426"},{"taxonomy":"product_tag","embeddable":true,"href":"https:\/\/lucacastelli.com\/fr\/wp-json\/wp\/v2\/product_tag?post=752426"}],"curies":[{"name":"wp","href":"https:\/\/api.w.org\/{rel}","templated":true}]}}