{"id":750572,"date":"2026-02-22T16:20:44","date_gmt":"2026-02-22T15:20:44","guid":{"rendered":"https:\/\/lucacastelli.com\/prodotto\/milwaukee-fraise-a-mortaiser-8-mm-2\/"},"modified":"2026-02-22T16:20:44","modified_gmt":"2026-02-22T15:20:44","slug":"milwaukee-fraise-a-mortaiser-8-mm-2","status":"publish","type":"product","link":"https:\/\/lucacastelli.com\/fr\/produit\/milwaukee-fraise-a-mortaiser-8-mm-2\/","title":{"rendered":"MILWAUKEE Fraise \u00e0 mortaiser 8 mm"},"content":{"rendered":"<p>M\u00c8CHE ATT\/CYL P\/CHAR C2+2 S=8X30D=40X60<br \/>\nM\u00e8ches \u00e0 charni\u00e8res<\/p>\n<p>4058546623487<\/p>\n","protected":false},"excerpt":{"rendered":"<p>M\u00c8CHE ATT\/CYL P\/CHAR C2+2 S=8X30D=40X60 M\u00e8ches \u00e0 charni\u00e8res 4058546623487<\/p>\n","protected":false},"featured_media":740268,"template":"","meta":{"_seopress_robots_primary_cat":"","_seopress_titles_title":"","_seopress_titles_desc":"","_seopress_robots_index":""},"product_brand":[3658],"product_cat":[1555,5532,167,1552],"product_tag":[6838],"class_list":{"0":"post-750572","1":"product","2":"type-product","3":"status-publish","4":"has-post-thumbnail","6":"product_brand-milwaukee-fr","7":"product_cat-accessoires-pour-perceuses-et-tournevis","8":"product_cat-diverses-machines-milwaukee","9":"product_cat-machines","10":"product_cat-perceuses-et-tournevis","11":"product_tag-imp-26-mw_new","12":"sws-gruppo-macchinari-fr","13":"sws-conto-ricavi-merci-rivendita-macchinari-fr","14":"sws-gruppo-iva-iva81-fr","16":"first","17":"instock","18":"sale","19":"shipping-taxable","20":"purchasable","21":"product-type-simple"},"_links":{"self":[{"href":"https:\/\/lucacastelli.com\/fr\/wp-json\/wp\/v2\/product\/750572","targetHints":{"allow":["GET"]}}],"collection":[{"href":"https:\/\/lucacastelli.com\/fr\/wp-json\/wp\/v2\/product"}],"about":[{"href":"https:\/\/lucacastelli.com\/fr\/wp-json\/wp\/v2\/types\/product"}],"wp:featuredmedia":[{"embeddable":true,"href":"https:\/\/lucacastelli.com\/fr\/wp-json\/wp\/v2\/media\/740268"}],"wp:attachment":[{"href":"https:\/\/lucacastelli.com\/fr\/wp-json\/wp\/v2\/media?parent=750572"}],"wp:term":[{"taxonomy":"product_brand","embeddable":true,"href":"https:\/\/lucacastelli.com\/fr\/wp-json\/wp\/v2\/product_brand?post=750572"},{"taxonomy":"product_cat","embeddable":true,"href":"https:\/\/lucacastelli.com\/fr\/wp-json\/wp\/v2\/product_cat?post=750572"},{"taxonomy":"product_tag","embeddable":true,"href":"https:\/\/lucacastelli.com\/fr\/wp-json\/wp\/v2\/product_tag?post=750572"}],"curies":[{"name":"wp","href":"https:\/\/api.w.org\/{rel}","templated":true}]}}