{"id":750524,"date":"2026-02-22T16:21:15","date_gmt":"2026-02-22T15:21:15","guid":{"rendered":"https:\/\/lucacastelli.com\/prodotto\/milwaukee-jeu-de-fraises-1-4-pouce\/"},"modified":"2026-02-22T16:21:15","modified_gmt":"2026-02-22T15:21:15","slug":"milwaukee-jeu-de-fraises-1-4-pouce","status":"publish","type":"product","link":"https:\/\/lucacastelli.com\/fr\/produit\/milwaukee-jeu-de-fraises-1-4-pouce\/","title":{"rendered":"MILWAUKEE Jeu de fraises 1\/4 pouce"},"content":{"rendered":"<p>JEU FR S=1\/4(6,35 mm) &#8211; 7 PCS<br \/>\nCoffret<\/p>\n<p>Le coffret comprend 7 fraises \u00e0 2 tranchants : fraise \u00e0 affleurer (9,5 x 68,2 mm), fraise \u00e0 copier (15,8 x 66,5 mm), fraise \u00e0 gorge (12,7 x 50,8 mm), fraise \u00e0 rainurer (31,7 x 53,3 mm), fraise \u00e0 feuillure (31,7 x 9,5 mm), fraise \u00e0 cong\u00e9 (31,7 x 54,2 mm), fraise \u00e0 affleurer (31,7 x 57,3 mm)<br \/>\n4058546623500<\/p>\n","protected":false},"excerpt":{"rendered":"<p>JEU FR S=1\/4(6,35 mm) &#8211; 7 PCS Coffret Le coffret comprend 7 fraises \u00e0 2 tranchants : fraise \u00e0 affleurer<\/p>\n","protected":false},"featured_media":740277,"template":"","meta":{"_seopress_robots_primary_cat":"","_seopress_titles_title":"","_seopress_titles_desc":"","_seopress_robots_index":""},"product_brand":[3658],"product_cat":[1555,5532,167,1552],"product_tag":[6838],"class_list":{"0":"post-750524","1":"product","2":"type-product","3":"status-publish","4":"has-post-thumbnail","6":"product_brand-milwaukee-fr","7":"product_cat-accessoires-pour-perceuses-et-tournevis","8":"product_cat-diverses-machines-milwaukee","9":"product_cat-machines","10":"product_cat-perceuses-et-tournevis","11":"product_tag-imp-26-mw_new","12":"sws-gruppo-macchinari-fr","13":"sws-conto-ricavi-merci-rivendita-macchinari-fr","14":"sws-gruppo-iva-iva81-fr","16":"first","17":"instock","18":"sale","19":"shipping-taxable","20":"purchasable","21":"product-type-simple"},"_links":{"self":[{"href":"https:\/\/lucacastelli.com\/fr\/wp-json\/wp\/v2\/product\/750524","targetHints":{"allow":["GET"]}}],"collection":[{"href":"https:\/\/lucacastelli.com\/fr\/wp-json\/wp\/v2\/product"}],"about":[{"href":"https:\/\/lucacastelli.com\/fr\/wp-json\/wp\/v2\/types\/product"}],"wp:featuredmedia":[{"embeddable":true,"href":"https:\/\/lucacastelli.com\/fr\/wp-json\/wp\/v2\/media\/740277"}],"wp:attachment":[{"href":"https:\/\/lucacastelli.com\/fr\/wp-json\/wp\/v2\/media?parent=750524"}],"wp:term":[{"taxonomy":"product_brand","embeddable":true,"href":"https:\/\/lucacastelli.com\/fr\/wp-json\/wp\/v2\/product_brand?post=750524"},{"taxonomy":"product_cat","embeddable":true,"href":"https:\/\/lucacastelli.com\/fr\/wp-json\/wp\/v2\/product_cat?post=750524"},{"taxonomy":"product_tag","embeddable":true,"href":"https:\/\/lucacastelli.com\/fr\/wp-json\/wp\/v2\/product_tag?post=750524"}],"curies":[{"name":"wp","href":"https:\/\/api.w.org\/{rel}","templated":true}]}}