{"id":750492,"date":"2026-02-22T16:21:27","date_gmt":"2026-02-22T15:21:27","guid":{"rendered":"https:\/\/lucacastelli.com\/prodotto\/milwaukee-set-de-fraises-8-mm\/"},"modified":"2026-02-22T16:21:27","modified_gmt":"2026-02-22T15:21:27","slug":"milwaukee-set-de-fraises-8-mm","status":"publish","type":"product","link":"https:\/\/lucacastelli.com\/fr\/produit\/milwaukee-set-de-fraises-8-mm\/","title":{"rendered":"MILWAUKEE Set de fraises 8 mm"},"content":{"rendered":"<p>SET FRAISES S=8MM- 7PCS<br \/>\nSet<\/p>\n<p>Le set comprend 7 fraises \u00e0 2 tranchants : Fraise \u00e0 rainurer (16 x 57.2 mm), fraise \u00e0 affleurer (12.7 x 70.7 mm), fraise \u00e0 rainurer (4.75 x 50.8 mm), fraise \u00e0 rayon concave (9.5 x 50.8 mm), fraise \u00e0 feuillure (31.7 x 9.5 mm), fraise \u00e0 chanfreiner (31.7 x 53.3 mm), fraise \u00e0 chanfreiner (25.4 x 54 mm)<br \/>\n4058546623548<\/p>\n","protected":false},"excerpt":{"rendered":"<p>SET FRAISES S=8MM- 7PCS Set Le set comprend 7 fraises \u00e0 2 tranchants : Fraise \u00e0 rainurer (16 x 57.2<\/p>\n","protected":false},"featured_media":740281,"template":"","meta":{"_seopress_robots_primary_cat":"","_seopress_titles_title":"","_seopress_titles_desc":"","_seopress_robots_index":""},"product_brand":[3657],"product_cat":[5533,165,1551,1556],"product_tag":[6836],"class_list":{"0":"post-750492","1":"product","2":"type-product","3":"status-publish","4":"has-post-thumbnail","6":"product_brand-milwaukee-en","7":"product_cat-various-milwaukee-machines","8":"product_cat-machinery","9":"product_cat-drills-and-screwdrivers","10":"product_cat-accessories-for-drills-and-screwdrivers","11":"product_tag-imp-26-mw_new","12":"sws-gruppo-macchinari-fr","13":"sws-conto-ricavi-merci-rivendita-macchinari-fr","14":"sws-gruppo-iva-iva81-fr","16":"first","17":"instock","18":"sale","19":"shipping-taxable","20":"purchasable","21":"product-type-simple"},"_links":{"self":[{"href":"https:\/\/lucacastelli.com\/fr\/wp-json\/wp\/v2\/product\/750492","targetHints":{"allow":["GET"]}}],"collection":[{"href":"https:\/\/lucacastelli.com\/fr\/wp-json\/wp\/v2\/product"}],"about":[{"href":"https:\/\/lucacastelli.com\/fr\/wp-json\/wp\/v2\/types\/product"}],"wp:featuredmedia":[{"embeddable":true,"href":"https:\/\/lucacastelli.com\/fr\/wp-json\/wp\/v2\/media\/740281"}],"wp:attachment":[{"href":"https:\/\/lucacastelli.com\/fr\/wp-json\/wp\/v2\/media?parent=750492"}],"wp:term":[{"taxonomy":"product_brand","embeddable":true,"href":"https:\/\/lucacastelli.com\/fr\/wp-json\/wp\/v2\/product_brand?post=750492"},{"taxonomy":"product_cat","embeddable":true,"href":"https:\/\/lucacastelli.com\/fr\/wp-json\/wp\/v2\/product_cat?post=750492"},{"taxonomy":"product_tag","embeddable":true,"href":"https:\/\/lucacastelli.com\/fr\/wp-json\/wp\/v2\/product_tag?post=750492"}],"curies":[{"name":"wp","href":"https:\/\/api.w.org\/{rel}","templated":true}]}}