{"id":750477,"date":"2026-02-22T16:32:54","date_gmt":"2026-02-22T15:32:54","guid":{"rendered":"https:\/\/lucacastelli.com\/prodotto\/milwaukee-rondelle-4\/"},"modified":"2026-02-22T16:32:54","modified_gmt":"2026-02-22T15:32:54","slug":"milwaukee-rondelle-4","status":"publish","type":"product","link":"https:\/\/lucacastelli.com\/fr\/produit\/milwaukee-rondelle-4\/","title":{"rendered":"MILWAUKEE Rondelle"},"content":{"rendered":"<p>ROS PIA TRAN.UNI-6592 3.2x7x0.5MM<br \/>\nPi\u00e8ces d\u00e9tach\u00e9es : vis\/\u00e9crous<\/p>\n<p>4058546623968<\/p>\n","protected":false},"excerpt":{"rendered":"<p>ROS PIA TRAN.UNI-6592 3.2x7x0.5MM Pi\u00e8ces d\u00e9tach\u00e9es : vis\/\u00e9crous 4058546623968<\/p>\n","protected":false},"featured_media":740368,"template":"","meta":{"_seopress_robots_primary_cat":"","_seopress_titles_title":"","_seopress_titles_desc":"","_seopress_robots_index":""},"product_brand":[3658],"product_cat":[5417,144],"product_tag":[6838],"class_list":{"0":"post-750477","1":"product","2":"type-product","3":"status-publish","4":"has-post-thumbnail","6":"product_brand-milwaukee-fr","7":"product_cat-outils-pour-atelier","8":"product_cat-equipement","9":"product_tag-imp-26-mw_new","10":"sws-gruppo-macchinari-fr","11":"sws-conto-ricavi-merci-rivendita-macchinari-fr","12":"sws-gruppo-iva-iva81-fr","14":"first","15":"instock","16":"shipping-taxable","17":"purchasable","18":"product-type-simple"},"_links":{"self":[{"href":"https:\/\/lucacastelli.com\/fr\/wp-json\/wp\/v2\/product\/750477","targetHints":{"allow":["GET"]}}],"collection":[{"href":"https:\/\/lucacastelli.com\/fr\/wp-json\/wp\/v2\/product"}],"about":[{"href":"https:\/\/lucacastelli.com\/fr\/wp-json\/wp\/v2\/types\/product"}],"wp:featuredmedia":[{"embeddable":true,"href":"https:\/\/lucacastelli.com\/fr\/wp-json\/wp\/v2\/media\/740368"}],"wp:attachment":[{"href":"https:\/\/lucacastelli.com\/fr\/wp-json\/wp\/v2\/media?parent=750477"}],"wp:term":[{"taxonomy":"product_brand","embeddable":true,"href":"https:\/\/lucacastelli.com\/fr\/wp-json\/wp\/v2\/product_brand?post=750477"},{"taxonomy":"product_cat","embeddable":true,"href":"https:\/\/lucacastelli.com\/fr\/wp-json\/wp\/v2\/product_cat?post=750477"},{"taxonomy":"product_tag","embeddable":true,"href":"https:\/\/lucacastelli.com\/fr\/wp-json\/wp\/v2\/product_tag?post=750477"}],"curies":[{"name":"wp","href":"https:\/\/api.w.org\/{rel}","templated":true}]}}