{"id":750221,"date":"2026-02-22T16:39:06","date_gmt":"2026-02-22T15:39:06","guid":{"rendered":"https:\/\/lucacastelli.com\/prodotto\/milwaukee-scie-a-archet-3\/"},"modified":"2026-02-22T16:39:06","modified_gmt":"2026-02-22T15:39:06","slug":"milwaukee-scie-a-archet-3","status":"publish","type":"product","link":"https:\/\/lucacastelli.com\/fr\/produit\/milwaukee-scie-a-archet-3\/","title":{"rendered":"MILWAUKEE Scie \u00e0 archet"},"content":{"rendered":"<p>Scie \u00e0 m\u00e9taux 300 mm &#8211; 1 pc<br \/>\nScie \u00e0 m\u00e9taux<\/p>\n<p>300 mm (12 pouces) \/ Lame de scie \u00e0 m\u00e9taux 24 TPI<br \/>\n4058546619718<\/p>\n","protected":false},"excerpt":{"rendered":"<p>Scie \u00e0 m\u00e9taux 300 mm &#8211; 1 pc Scie \u00e0 m\u00e9taux 300 mm (12 pouces) \/ Lame de scie \u00e0<\/p>\n","protected":false},"featured_media":740505,"template":"","meta":{"_seopress_robots_primary_cat":"","_seopress_titles_title":"","_seopress_titles_desc":"","_seopress_robots_index":""},"product_brand":[3658],"product_cat":[5417,144],"product_tag":[6838],"class_list":{"0":"post-750221","1":"product","2":"type-product","3":"status-publish","4":"has-post-thumbnail","6":"product_brand-milwaukee-fr","7":"product_cat-outils-pour-atelier","8":"product_cat-equipement","9":"product_tag-imp-26-mw_new","10":"sws-gruppo-macchinari-fr","11":"sws-conto-ricavi-merci-rivendita-macchinari-fr","12":"sws-gruppo-iva-iva81-fr","14":"first","15":"instock","16":"sale","17":"shipping-taxable","18":"purchasable","19":"product-type-simple"},"_links":{"self":[{"href":"https:\/\/lucacastelli.com\/fr\/wp-json\/wp\/v2\/product\/750221","targetHints":{"allow":["GET"]}}],"collection":[{"href":"https:\/\/lucacastelli.com\/fr\/wp-json\/wp\/v2\/product"}],"about":[{"href":"https:\/\/lucacastelli.com\/fr\/wp-json\/wp\/v2\/types\/product"}],"wp:featuredmedia":[{"embeddable":true,"href":"https:\/\/lucacastelli.com\/fr\/wp-json\/wp\/v2\/media\/740505"}],"wp:attachment":[{"href":"https:\/\/lucacastelli.com\/fr\/wp-json\/wp\/v2\/media?parent=750221"}],"wp:term":[{"taxonomy":"product_brand","embeddable":true,"href":"https:\/\/lucacastelli.com\/fr\/wp-json\/wp\/v2\/product_brand?post=750221"},{"taxonomy":"product_cat","embeddable":true,"href":"https:\/\/lucacastelli.com\/fr\/wp-json\/wp\/v2\/product_cat?post=750221"},{"taxonomy":"product_tag","embeddable":true,"href":"https:\/\/lucacastelli.com\/fr\/wp-json\/wp\/v2\/product_tag?post=750221"}],"curies":[{"name":"wp","href":"https:\/\/api.w.org\/{rel}","templated":true}]}}