{"id":749955,"date":"2026-02-22T16:47:59","date_gmt":"2026-02-22T15:47:59","guid":{"rendered":"https:\/\/lucacastelli.com\/prodotto\/milwaukee-filiere-3\/"},"modified":"2026-02-22T16:47:59","modified_gmt":"2026-02-22T15:47:59","slug":"milwaukee-filiere-3","status":"publish","type":"product","link":"https:\/\/lucacastelli.com\/fr\/produit\/milwaukee-filiere-3\/","title":{"rendered":"MILWAUKEE Fili\u00e8re"},"content":{"rendered":"<p>M4-0.70 mm &#8211; FILI\u00c8RE UNIQUE<br \/>\nFili\u00e8res pour filetages ext\u00e9rieurs<\/p>\n<p>4058546619121<\/p>\n","protected":false},"excerpt":{"rendered":"<p>M4-0.70 mm &#8211; FILI\u00c8RE UNIQUE Fili\u00e8res pour filetages ext\u00e9rieurs 4058546619121<\/p>\n","protected":false},"featured_media":740602,"template":"","meta":{"_seopress_robots_primary_cat":"","_seopress_titles_title":"","_seopress_titles_desc":"","_seopress_robots_index":""},"product_brand":[3658],"product_cat":[5417,144],"product_tag":[6838],"class_list":{"0":"post-749955","1":"product","2":"type-product","3":"status-publish","4":"has-post-thumbnail","6":"product_brand-milwaukee-fr","7":"product_cat-outils-pour-atelier","8":"product_cat-equipement","9":"product_tag-imp-26-mw_new","10":"sws-gruppo-macchinari-fr","11":"sws-conto-ricavi-merci-rivendita-macchinari-fr","12":"sws-gruppo-iva-iva81-fr","14":"first","15":"instock","16":"sale","17":"shipping-taxable","18":"purchasable","19":"product-type-simple"},"_links":{"self":[{"href":"https:\/\/lucacastelli.com\/fr\/wp-json\/wp\/v2\/product\/749955","targetHints":{"allow":["GET"]}}],"collection":[{"href":"https:\/\/lucacastelli.com\/fr\/wp-json\/wp\/v2\/product"}],"about":[{"href":"https:\/\/lucacastelli.com\/fr\/wp-json\/wp\/v2\/types\/product"}],"wp:featuredmedia":[{"embeddable":true,"href":"https:\/\/lucacastelli.com\/fr\/wp-json\/wp\/v2\/media\/740602"}],"wp:attachment":[{"href":"https:\/\/lucacastelli.com\/fr\/wp-json\/wp\/v2\/media?parent=749955"}],"wp:term":[{"taxonomy":"product_brand","embeddable":true,"href":"https:\/\/lucacastelli.com\/fr\/wp-json\/wp\/v2\/product_brand?post=749955"},{"taxonomy":"product_cat","embeddable":true,"href":"https:\/\/lucacastelli.com\/fr\/wp-json\/wp\/v2\/product_cat?post=749955"},{"taxonomy":"product_tag","embeddable":true,"href":"https:\/\/lucacastelli.com\/fr\/wp-json\/wp\/v2\/product_tag?post=749955"}],"curies":[{"name":"wp","href":"https:\/\/api.w.org\/{rel}","templated":true}]}}