{"id":748796,"date":"2026-02-25T09:16:02","date_gmt":"2026-02-25T08:16:02","guid":{"rendered":"https:\/\/lucacastelli.com\/prodotto\/metre-ruban-milwaukee-pro-compact-5-m-25-mm\/"},"modified":"2026-02-25T09:16:02","modified_gmt":"2026-02-25T08:16:02","slug":"metre-ruban-milwaukee-pro-compact-5-m-25-mm","status":"publish","type":"product","link":"https:\/\/lucacastelli.com\/fr\/produit\/metre-ruban-milwaukee-pro-compact-5-m-25-mm\/","title":{"rendered":"M\u00e8tre ruban Milwaukee Pro-Compact 5 m, 25 mm"},"content":{"rendered":"<ul>\n<li>Ruban autoportant lat\u00e9ral : mesure jusqu&#8217;\u00e0 2 m sans se plier.<\/li>\n<li>Fonction d&#8217;arr\u00eat \u00e0 un doigt pour un enroulement rapide et contr\u00f4l\u00e9 du ruban de mesure.<\/li>\n<li>Ruban autoportant : mesure jusqu&#8217;\u00e0 3,2 m sans se plier.<\/li>\n<li>Clip ceinture avec crochet en fil m\u00e9tallique pour une fixation facile et une usure r\u00e9duite de la poche du pantalon.<\/li>\n<li>Design ergonomique pour une meilleure prise en main et une utilisation pr\u00e9cise.<\/li>\n<li>Rev\u00eatement anti-d\u00e9chirure qui renforce les 15 premiers cm du m\u00e8tre.<\/li>\n<li>\u0152illet pour la fixation s\u00e9curis\u00e9e d&#8217;une sangle.<\/li>\n<li>Longueurs disponibles : 3 m, 5 m, 8 m.<\/li>\n<\/ul>\n","protected":false},"excerpt":{"rendered":"<p>Ruban autoportant lat\u00e9ral : mesure jusqu&#8217;\u00e0 2 m sans se plier. Fonction d&#8217;arr\u00eat \u00e0 un doigt pour un enroulement rapide<\/p>\n","protected":false},"featured_media":748734,"template":"","meta":{"_seopress_robots_primary_cat":"","_seopress_titles_title":"","_seopress_titles_desc":"","_seopress_robots_index":""},"product_brand":[3658],"product_cat":[167,1453,1471,144,1397,1496],"product_tag":[],"class_list":{"0":"post-748796","1":"product","2":"type-product","3":"status-publish","4":"has-post-thumbnail","6":"product_brand-milwaukee-fr","7":"product_cat-machines","8":"product_cat-autres-appareils","9":"product_cat-appareils-de-mesure","10":"product_cat-equipement","11":"product_cat-equipement-de-travail","12":"product_cat-autres-equipements-de-travail","13":"sws-gruppo-macchinari-fr","14":"sws-conto-ricavi-merci-rivendita-macchinari-fr","15":"sws-gruppo-iva-iva81-fr","17":"first","18":"instock","19":"shipping-taxable","20":"purchasable","21":"product-type-simple"},"_links":{"self":[{"href":"https:\/\/lucacastelli.com\/fr\/wp-json\/wp\/v2\/product\/748796","targetHints":{"allow":["GET"]}}],"collection":[{"href":"https:\/\/lucacastelli.com\/fr\/wp-json\/wp\/v2\/product"}],"about":[{"href":"https:\/\/lucacastelli.com\/fr\/wp-json\/wp\/v2\/types\/product"}],"wp:featuredmedia":[{"embeddable":true,"href":"https:\/\/lucacastelli.com\/fr\/wp-json\/wp\/v2\/media\/748734"}],"wp:attachment":[{"href":"https:\/\/lucacastelli.com\/fr\/wp-json\/wp\/v2\/media?parent=748796"}],"wp:term":[{"taxonomy":"product_brand","embeddable":true,"href":"https:\/\/lucacastelli.com\/fr\/wp-json\/wp\/v2\/product_brand?post=748796"},{"taxonomy":"product_cat","embeddable":true,"href":"https:\/\/lucacastelli.com\/fr\/wp-json\/wp\/v2\/product_cat?post=748796"},{"taxonomy":"product_tag","embeddable":true,"href":"https:\/\/lucacastelli.com\/fr\/wp-json\/wp\/v2\/product_tag?post=748796"}],"curies":[{"name":"wp","href":"https:\/\/api.w.org\/{rel}","templated":true}]}}