{"id":747910,"date":"2026-02-24T15:00:17","date_gmt":"2026-02-24T14:00:17","guid":{"rendered":"https:\/\/lucacastelli.com\/prodotto\/bottes-de-securite-milwaukee-armourtred-s3s-noires\/"},"modified":"2026-02-24T15:00:17","modified_gmt":"2026-02-24T14:00:17","slug":"bottes-de-securite-milwaukee-armourtred-s3s-noires","status":"publish","type":"product","link":"https:\/\/lucacastelli.com\/fr\/produit\/bottes-de-securite-milwaukee-armourtred-s3s-noires\/","title":{"rendered":"Bottes de s\u00e9curit\u00e9 Milwaukee Armourtred\u2122 S3S noires"},"content":{"rendered":"<p>Caract\u00e9ristiques<br \/>\nBottines de s\u00e9curit\u00e9 robustes et protectrices pour les chantiers.<br \/>\nSyst\u00e8me d&#8217;amorti du talon ENERGY FOAM pour un retour d&#8217;\u00e9nergie sup\u00e9rieur et un confort maximal.<br \/>\nTalon STEP-RELEASE\u2122 pour un retrait facile et rapide de la chaussure.<br \/>\nStabilisateur de talon ROLLCAGE\u2122 pour une grande stabilit\u00e9 m\u00eame sur terrains difficiles.<br \/>\nPare-chocs avant SHOCKSHIELD pour une protection accrue et semelle en caoutchouc renforc\u00e9e avec des crampons robustes pour une meilleure adh\u00e9rence sur terrains difficiles.<br \/>\nPoche de rangement pour lacets afin d&#8217;\u00e9viter les ouvertures involontaires, les risques de tr\u00e9buchement et l&#8217;usure des lacets.<br \/>\nTige en cuir de vachette pleine fleur pour prot\u00e9ger de l&#8217;eau, de la poussi\u00e8re et de la salet\u00e9, facile \u00e0 nettoyer.<br \/>\nSemelle avec grip pour monter les \u00e9chelles en toute s\u00e9curit\u00e9.<br \/>\nEmbout renforc\u00e9 pour une protection et une durabilit\u00e9 accrues de la pointe.<br \/>\nAdh\u00e9rence sup\u00e9rieure pour \u00e9viter les glissades.<br \/>\nSemelle r\u00e9sistante \u00e0 la chaleur jusqu&#8217;\u00e0 300 \u00b0C.<br \/>\nCertifi\u00e9 ESD (d\u00e9charge \u00e9lectrostatique).<br \/>\nCertifi\u00e9 selon la norme EN ISO 20345:2022 S3S ESD CI HI HRO SC FO LG SR.<br \/>\nTailles disponibles : 39-48.<\/p>\n","protected":false},"excerpt":{"rendered":"<p>Caract\u00e9ristiques Bottines de s\u00e9curit\u00e9 robustes et protectrices pour les chantiers. Syst\u00e8me d&#8217;amorti du talon ENERGY FOAM pour un retour d&#8217;\u00e9nergie<\/p>\n","protected":false},"featured_media":747150,"template":"","meta":{"_seopress_robots_primary_cat":"none","_seopress_titles_title":"","_seopress_titles_desc":"","_seopress_robots_index":""},"product_brand":[3658],"product_cat":[173,1423],"product_tag":[],"class_list":{"0":"post-747910","1":"product","2":"type-product","3":"status-publish","4":"has-post-thumbnail","6":"product_brand-milwaukee-fr","7":"product_cat-chaussures","8":"product_cat-chaussures-de-travail","9":"sws-gruppo-abb-libero-fr","10":"sws-conto-ricavi-merci-rivendita-abbigliamento-fr","11":"sws-gruppo-iva-iva81-fr","13":"first","14":"instock","15":"sale","16":"shipping-taxable","17":"purchasable","18":"product-type-variable","19":"has-default-attributes"},"_links":{"self":[{"href":"https:\/\/lucacastelli.com\/fr\/wp-json\/wp\/v2\/product\/747910","targetHints":{"allow":["GET"]}}],"collection":[{"href":"https:\/\/lucacastelli.com\/fr\/wp-json\/wp\/v2\/product"}],"about":[{"href":"https:\/\/lucacastelli.com\/fr\/wp-json\/wp\/v2\/types\/product"}],"wp:featuredmedia":[{"embeddable":true,"href":"https:\/\/lucacastelli.com\/fr\/wp-json\/wp\/v2\/media\/747150"}],"wp:attachment":[{"href":"https:\/\/lucacastelli.com\/fr\/wp-json\/wp\/v2\/media?parent=747910"}],"wp:term":[{"taxonomy":"product_brand","embeddable":true,"href":"https:\/\/lucacastelli.com\/fr\/wp-json\/wp\/v2\/product_brand?post=747910"},{"taxonomy":"product_cat","embeddable":true,"href":"https:\/\/lucacastelli.com\/fr\/wp-json\/wp\/v2\/product_cat?post=747910"},{"taxonomy":"product_tag","embeddable":true,"href":"https:\/\/lucacastelli.com\/fr\/wp-json\/wp\/v2\/product_tag?post=747910"}],"curies":[{"name":"wp","href":"https:\/\/api.w.org\/{rel}","templated":true}]}}