{"id":747815,"date":"2026-02-22T17:16:16","date_gmt":"2026-02-22T16:16:16","guid":{"rendered":"https:\/\/lucacastelli.com\/prodotto\/milwaukee-etui\/"},"modified":"2026-02-22T17:16:16","modified_gmt":"2026-02-22T16:16:16","slug":"milwaukee-etui","status":"publish","type":"product","link":"https:\/\/lucacastelli.com\/fr\/produit\/milwaukee-etui\/","title":{"rendered":"MILWAUKEE \u00c9tui"},"content":{"rendered":"<p>\u00c9TUI POUR S\u00c9CATEURS<br \/>\n\u00c9tui pour s\u00e9cateurs de taille<\/p>\n<p>4058546524968<\/p>\n","protected":false},"excerpt":{"rendered":"<p>\u00c9TUI POUR S\u00c9CATEURS \u00c9tui pour s\u00e9cateurs de taille 4058546524968<\/p>\n","protected":false},"featured_media":741009,"template":"","meta":{"_seopress_robots_primary_cat":"","_seopress_titles_title":"","_seopress_titles_desc":"","_seopress_robots_index":""},"product_brand":[3658],"product_cat":[167,1685],"product_tag":[6838],"class_list":{"0":"post-747815","1":"product","2":"type-product","3":"status-publish","4":"has-post-thumbnail","6":"product_brand-milwaukee-fr","7":"product_cat-machines","8":"product_cat-outils-et-accessoires-forestiers","9":"product_tag-imp-26-mw_new","10":"sws-gruppo-macchinari-fr","11":"sws-conto-ricavi-merci-rivendita-macchinari-fr","12":"sws-gruppo-iva-iva81-fr","14":"first","15":"instock","16":"sale","17":"shipping-taxable","18":"purchasable","19":"product-type-simple"},"_links":{"self":[{"href":"https:\/\/lucacastelli.com\/fr\/wp-json\/wp\/v2\/product\/747815","targetHints":{"allow":["GET"]}}],"collection":[{"href":"https:\/\/lucacastelli.com\/fr\/wp-json\/wp\/v2\/product"}],"about":[{"href":"https:\/\/lucacastelli.com\/fr\/wp-json\/wp\/v2\/types\/product"}],"wp:featuredmedia":[{"embeddable":true,"href":"https:\/\/lucacastelli.com\/fr\/wp-json\/wp\/v2\/media\/741009"}],"wp:attachment":[{"href":"https:\/\/lucacastelli.com\/fr\/wp-json\/wp\/v2\/media?parent=747815"}],"wp:term":[{"taxonomy":"product_brand","embeddable":true,"href":"https:\/\/lucacastelli.com\/fr\/wp-json\/wp\/v2\/product_brand?post=747815"},{"taxonomy":"product_cat","embeddable":true,"href":"https:\/\/lucacastelli.com\/fr\/wp-json\/wp\/v2\/product_cat?post=747815"},{"taxonomy":"product_tag","embeddable":true,"href":"https:\/\/lucacastelli.com\/fr\/wp-json\/wp\/v2\/product_tag?post=747815"}],"curies":[{"name":"wp","href":"https:\/\/api.w.org\/{rel}","templated":true}]}}