{"id":747687,"date":"2026-02-24T18:17:26","date_gmt":"2026-02-24T17:17:26","guid":{"rendered":"https:\/\/lucacastelli.com\/prodotto\/stihl-rma-239-set-systeme-ak-tondeuse-avec-batterie-ak-20-et-chargeur-al-101\/"},"modified":"2026-02-24T18:17:26","modified_gmt":"2026-02-24T17:17:26","slug":"stihl-rma-239-set-systeme-ak-tondeuse-avec-batterie-ak-20-et-chargeur-al-101","status":"publish","type":"product","link":"https:\/\/lucacastelli.com\/fr\/produit\/stihl-rma-239-set-systeme-ak-tondeuse-avec-batterie-ak-20-et-chargeur-al-101\/","title":{"rendered":"STIHL RMA 239 Set &#8211; Syst\u00e8me AK tondeuse avec batterie AK 20 et chargeur AL 101"},"content":{"rendered":"<p>Tondeuse \u00e0 batterie RMA 239 en set avec batterie AK 20 et chargeur AL 101 : pour une tonte efficace et l\u00e9g\u00e8re de surfaces petites \u00e0 moyennes<br \/>\nLa tondeuse \u00e0 batterie STIHL RMA 239 en set avec batterie AK 20 et chargeur AL 101 est la solution id\u00e9ale pour l&#8217;entretien du jardin priv\u00e9 et permet de d\u00e9marrer imm\u00e9diatement, m\u00eame sans composants du syst\u00e8me AK. Avec une seule charge, il est possible de tondre jusqu&#8217;\u00e0 250 m\u00b2. La largeur de coupe de 37 cm garantit l\u00e9g\u00e8ret\u00e9 et efficacit\u00e9 \u00e9lev\u00e9e sur des surfaces de taille moyenne.  <\/p>\n<p>La lame optimis\u00e9e sur le plan a\u00e9rodynamique assure une consommation d&#8217;\u00e9nergie r\u00e9duite et un meilleur rendement. Le carter en polym\u00e8re est l\u00e9ger et r\u00e9sistant. Le r\u00e9glage centralis\u00e9 de la hauteur de coupe sur 5 niveaux (30-70 mm) offre une flexibilit\u00e9 maximale. Le bac de ramassage pliable de 40 l est facile \u00e0 vider, tandis que le guidon rabattable facilite le transport et le rangement peu encombrant.   <\/p>\n<p>&nbsp;<\/p>\n<p>&nbsp;<\/p>\n<table data-test-id=\"pdp-spec-tech-table\">\n<tbody>\n<tr>\n<td>Syst\u00e8me \u00e0 batterie<\/td>\n<td>AK<\/td>\n<\/tr>\n<tr>\n<td>Transmission<\/td>\n<td>&#8212;<\/td>\n<\/tr>\n<tr>\n<td>Batterie recommand\u00e9e<\/td>\n<td>AK 20<\/td>\n<\/tr>\n<tr>\n<td>Poids de l\u2019appareil sans batterie<\/td>\n<td>13 kg<\/td>\n<\/tr>\n<tr>\n<td>Largeur de coupe<\/td>\n<td>37 cm<\/td>\n<\/tr>\n<tr>\n<td>Hauteur de coupe<\/td>\n<td>30 &#8211; 70 mm<\/td>\n<\/tr>\n<tr>\n<td>R\u00e9gime nominal outil de travail<\/td>\n<td>3350 tr\/min<\/td>\n<\/tr>\n<tr>\n<td>Surface maximale par charge de la batterie AK 10<\/td>\n<td>120 m\u00b2<\/td>\n<\/tr>\n<tr>\n<td>Surface maximale par charge de la batterie AK 20<\/td>\n<td>250 m\u00b2<\/td>\n<\/tr>\n<tr>\n<td>Surface max. par charge de la batterie AK 30<\/td>\n<td>330 m\u00b2<\/td>\n<\/tr>\n<tr>\n<td>Surface maximale par charge de la batterie AK 30 S<\/td>\n<td>330 m\u00b2<\/td>\n<\/tr>\n<tr>\n<td>Capacit\u00e9 du bac de ramassage de l\u2019herbe<\/td>\n<td>40 l<\/td>\n<\/tr>\n<tr>\n<td>Largeur de l&#8217;appareil sans accessoires<\/td>\n<td>42 cm<\/td>\n<\/tr>\n<tr>\n<td>Hauteur maximale de l&#8217;appareil<\/td>\n<td>107 cm<\/td>\n<\/tr>\n<tr>\n<td>Diam\u00e8tre roue avant<\/td>\n<td>150 mm<\/td>\n<\/tr>\n<tr>\n<td>Diam\u00e8tre roue arri\u00e8re<\/td>\n<td>180 mm<\/td>\n<\/tr>\n<tr>\n<td>Niveau de pression acoustique mesur\u00e9 LpA<\/td>\n<td>76 dB(A)<\/td>\n<\/tr>\n<tr>\n<td>Niveau de puissance acoustique garanti LWA<\/td>\n<td>91 dB(A)<\/td>\n<\/tr>\n<tr>\n<td>Facteur d&#8217;incertitude niveau de pression acoustique KpA<\/td>\n<td>2 dB(A)<\/td>\n<\/tr>\n<tr>\n<td>Vibration guidon ahw<\/td>\n<td>1,40 m\/s\u00b2<\/td>\n<\/tr>\n<tr>\n<td>Vibrations incertitude K<\/td>\n<td>0,70 m\/s\u00b2<\/td>\n<\/tr>\n<\/tbody>\n<\/table>\n","protected":false},"excerpt":{"rendered":"<p>Tondeuse \u00e0 batterie RMA 239 en set avec batterie AK 20 et chargeur AL 101 : pour une tonte efficace<\/p>\n","protected":false},"featured_media":747615,"template":"","meta":{"_seopress_robots_primary_cat":"none","_seopress_titles_title":"","_seopress_titles_desc":"","_seopress_robots_index":""},"product_brand":[3555],"product_cat":[167,1670,1657],"product_tag":[],"class_list":{"0":"post-747687","1":"product","2":"type-product","3":"status-publish","4":"has-post-thumbnail","6":"product_brand-stihl-fr","7":"product_cat-machines","8":"product_cat-tondeuses-a-batterie","9":"product_cat-tondeuses-et-robots","10":"sws-gruppo-macchinari-fr","11":"sws-conto-ricavi-merci-rivendita-macchinari-fr","12":"sws-gruppo-iva-iva81-fr","14":"first","15":"instock","16":"shipping-taxable","17":"purchasable","18":"product-type-simple"},"_links":{"self":[{"href":"https:\/\/lucacastelli.com\/fr\/wp-json\/wp\/v2\/product\/747687","targetHints":{"allow":["GET"]}}],"collection":[{"href":"https:\/\/lucacastelli.com\/fr\/wp-json\/wp\/v2\/product"}],"about":[{"href":"https:\/\/lucacastelli.com\/fr\/wp-json\/wp\/v2\/types\/product"}],"wp:featuredmedia":[{"embeddable":true,"href":"https:\/\/lucacastelli.com\/fr\/wp-json\/wp\/v2\/media\/747615"}],"wp:attachment":[{"href":"https:\/\/lucacastelli.com\/fr\/wp-json\/wp\/v2\/media?parent=747687"}],"wp:term":[{"taxonomy":"product_brand","embeddable":true,"href":"https:\/\/lucacastelli.com\/fr\/wp-json\/wp\/v2\/product_brand?post=747687"},{"taxonomy":"product_cat","embeddable":true,"href":"https:\/\/lucacastelli.com\/fr\/wp-json\/wp\/v2\/product_cat?post=747687"},{"taxonomy":"product_tag","embeddable":true,"href":"https:\/\/lucacastelli.com\/fr\/wp-json\/wp\/v2\/product_tag?post=747687"}],"curies":[{"name":"wp","href":"https:\/\/api.w.org\/{rel}","templated":true}]}}