{"id":747646,"date":"2026-02-24T18:16:22","date_gmt":"2026-02-24T17:16:22","guid":{"rendered":"https:\/\/lucacastelli.com\/prodotto\/stihl-rma-239-tondeuse-a-batterie-ak-system-machine-seule\/"},"modified":"2026-02-24T18:16:22","modified_gmt":"2026-02-24T17:16:22","slug":"stihl-rma-239-tondeuse-a-batterie-ak-system-machine-seule","status":"publish","type":"product","link":"https:\/\/lucacastelli.com\/fr\/produit\/stihl-rma-239-tondeuse-a-batterie-ak-system-machine-seule\/","title":{"rendered":"STIHL RMA 239 &#8211; Tondeuse \u00e0 batterie AK-System (machine seule)"},"content":{"rendered":"<p>Pour une tonte efficace et l\u00e9g\u00e8re de petites et moyennes surfaces<br \/>\nPour l\u2019entretien des jardins priv\u00e9s, la tondeuse \u00e0 batterie STIHL RMA 239, l\u00e9g\u00e8re et maniable avec sa largeur de coupe de 37 cm, est l\u2019outil id\u00e9al si vous souhaitez tondre votre pelouse simplement et sans \u00e9missions. La STIHL RMA 239, \u00e9quip\u00e9e d\u2019une batterie du syst\u00e8me STIHL AK, convainc par son faible poids et sa grande efficacit\u00e9 pour la tonte de pelouses de taille moyenne. <\/p>\n<p>Le carter en polym\u00e8re de la tondeuse \u00e0 batterie STIHL RMA 239 est l\u00e9ger et tr\u00e8s robuste. Gr\u00e2ce \u00e0 sa lame \u00e0 flux d\u2019air optimis\u00e9, vous pouvez travailler en \u00e9conomisant de l\u2019\u00e9nergie et obtenir un meilleur rendement de surface. Gr\u00e2ce au r\u00e9glage central de la hauteur de coupe, vous pouvez r\u00e9gler la longueur de pelouse souhait\u00e9e sur 5 niveaux, de 30 mm \u00e0 70 mm. Le bac de ramassage pliable de 40 litres se vide facilement en quelques gestes. Le transport et surtout le stockage sont tr\u00e8s pratiques, car le guidon pliable permet de ranger la tondeuse de mani\u00e8re compacte.   <\/p>\n<p>Dans notre aper\u00e7u des temps de fonctionnement et de charge des batteries STIHL, vous pouvez voir quelle surface de pelouse vous pouvez traiter avec une charge de batterie de votre tondeuse \u00e0 batterie STIHL RMA 239 et combien de temps la batterie met \u00e0 se recharger.<\/p>\n<p>&nbsp;<\/p>\n<p>&nbsp;<\/p>\n<table data-test-id=\"pdp-spec-tech-table\">\n<tbody>\n<tr>\n<td>Syst\u00e8me \u00e0 batterie<\/td>\n<td>AK<\/td>\n<\/tr>\n<tr>\n<td>Entra\u00eenement<\/td>\n<td>&#8212;<\/td>\n<\/tr>\n<tr>\n<td>Batterie recommand\u00e9e<\/td>\n<td>AK 20<\/td>\n<\/tr>\n<tr>\n<td>Poids de l\u2019appareil sans batterie<\/td>\n<td>14 kg<\/td>\n<\/tr>\n<tr>\n<td>Largeur de coupe<\/td>\n<td>37 cm<\/td>\n<\/tr>\n<tr>\n<td>Hauteur de coupe<\/td>\n<td>30 &#8211; 70 mm<\/td>\n<\/tr>\n<tr>\n<td>R\u00e9gime nominal de l\u2019outil de travail<\/td>\n<td>3350 tr\/min<\/td>\n<\/tr>\n<tr>\n<td>Surface maximale par charge de batterie AK 10<\/td>\n<td>120 m\u00b2<\/td>\n<\/tr>\n<tr>\n<td>Surface maximale par charge de batterie AK 20<\/td>\n<td>250 m\u00b2<\/td>\n<\/tr>\n<tr>\n<td>Surface max. par charge de batterie AK 30<\/td>\n<td>330 m\u00b2<\/td>\n<\/tr>\n<tr>\n<td>Surface maximale par charge de batterie AK 30 S<\/td>\n<td>330 m\u00b2<\/td>\n<\/tr>\n<tr>\n<td>Capacit\u00e9 du bac de ramassage de l\u2019herbe<\/td>\n<td>40 l<\/td>\n<\/tr>\n<tr>\n<td>Largeur de l\u2019appareil sans accessoires<\/td>\n<td>42 cm<\/td>\n<\/tr>\n<tr>\n<td>Hauteur maximale de l\u2019appareil<\/td>\n<td>107 cm<\/td>\n<\/tr>\n<tr>\n<td>Diam\u00e8tre de la roue avant<\/td>\n<td>150 mm<\/td>\n<\/tr>\n<tr>\n<td>Diam\u00e8tre de la roue arri\u00e8re<\/td>\n<td>180 mm<\/td>\n<\/tr>\n<tr>\n<td>Niveau de pression acoustique mesur\u00e9 LpA<\/td>\n<td>76 dB(A)<\/td>\n<\/tr>\n<tr>\n<td>Niveau de puissance acoustique garanti LWA<\/td>\n<td>91 dB(A)<\/td>\n<\/tr>\n<tr>\n<td>Facteur d&#8217;incertitude niveau de pression acoustique KpA<\/td>\n<td>2 dB(A)<\/td>\n<\/tr>\n<tr>\n<td>Vibration au guidon ahw<\/td>\n<td>1,40 m\/s\u00b2<\/td>\n<\/tr>\n<tr>\n<td>Incertitude de vibrations K<\/td>\n<td>0,70 m\/s\u00b2<\/td>\n<\/tr>\n<\/tbody>\n<\/table>\n","protected":false},"excerpt":{"rendered":"<p>Pour une tonte efficace et l\u00e9g\u00e8re de petites et moyennes surfaces Pour l\u2019entretien des jardins priv\u00e9s, la tondeuse \u00e0 batterie<\/p>\n","protected":false},"featured_media":747612,"template":"","meta":{"_seopress_robots_primary_cat":"","_seopress_titles_title":"","_seopress_titles_desc":"","_seopress_robots_index":""},"product_brand":[3555],"product_cat":[167,1670,1657],"product_tag":[],"class_list":{"0":"post-747646","1":"product","2":"type-product","3":"status-publish","4":"has-post-thumbnail","6":"product_brand-stihl-fr","7":"product_cat-machines","8":"product_cat-tondeuses-a-batterie","9":"product_cat-tondeuses-et-robots","10":"sws-gruppo-macchinari-fr","11":"sws-conto-ricavi-merci-rivendita-macchinari-fr","12":"sws-gruppo-iva-iva81-fr","14":"first","15":"instock","16":"shipping-taxable","17":"purchasable","18":"product-type-simple"},"_links":{"self":[{"href":"https:\/\/lucacastelli.com\/fr\/wp-json\/wp\/v2\/product\/747646","targetHints":{"allow":["GET"]}}],"collection":[{"href":"https:\/\/lucacastelli.com\/fr\/wp-json\/wp\/v2\/product"}],"about":[{"href":"https:\/\/lucacastelli.com\/fr\/wp-json\/wp\/v2\/types\/product"}],"wp:featuredmedia":[{"embeddable":true,"href":"https:\/\/lucacastelli.com\/fr\/wp-json\/wp\/v2\/media\/747612"}],"wp:attachment":[{"href":"https:\/\/lucacastelli.com\/fr\/wp-json\/wp\/v2\/media?parent=747646"}],"wp:term":[{"taxonomy":"product_brand","embeddable":true,"href":"https:\/\/lucacastelli.com\/fr\/wp-json\/wp\/v2\/product_brand?post=747646"},{"taxonomy":"product_cat","embeddable":true,"href":"https:\/\/lucacastelli.com\/fr\/wp-json\/wp\/v2\/product_cat?post=747646"},{"taxonomy":"product_tag","embeddable":true,"href":"https:\/\/lucacastelli.com\/fr\/wp-json\/wp\/v2\/product_tag?post=747646"}],"curies":[{"name":"wp","href":"https:\/\/api.w.org\/{rel}","templated":true}]}}