{"id":747066,"date":"2026-02-24T13:25:47","date_gmt":"2026-02-24T12:25:47","guid":{"rendered":"https:\/\/lucacastelli.com\/prodotto\/milwaukee-bonnet-tricote-bnc\/"},"modified":"2026-02-24T13:25:47","modified_gmt":"2026-02-24T12:25:47","slug":"milwaukee-bonnet-tricote-bnc","status":"publish","type":"product","link":"https:\/\/lucacastelli.com\/fr\/produit\/milwaukee-bonnet-tricote-bnc\/","title":{"rendered":"Milwaukee Bonnet tricot\u00e9 BNC"},"content":{"rendered":"<ul>\n<li>Le tissu tricot\u00e9 double \u00e9paisseur retient la chaleur sur la t\u00eate dans les environnements froids<\/li>\n<li>Fabriqu\u00e9 en mati\u00e8re acrylique 100% pour un confort optimal<\/li>\n<li>Le design flexible tricot\u00e9 s&#8217;adapte parfaitement \u00e0 la forme de la t\u00eate sans se d\u00e9former<\/li>\n<\/ul>\n<p><b>Caract\u00e9ristiques techniques :<\/b><\/p>\n<p><b>Taille : <\/b>taille unique<\/p>\n<p><b>Contenu : <\/b>1<\/p>\n<p><b>Mati\u00e8re : <\/b>100% acrylique, 2 couches, tricot c\u00f4tes 3 x 1<\/p>\n","protected":false},"excerpt":{"rendered":"<p>Le tissu tricot\u00e9 double \u00e9paisseur retient la chaleur sur la t\u00eate dans les environnements froids Fabriqu\u00e9 en mati\u00e8re acrylique 100%<\/p>\n","protected":false},"featured_media":746594,"template":"","meta":{"_seopress_robots_primary_cat":"none","_seopress_titles_title":"","_seopress_titles_desc":"","_seopress_robots_index":""},"product_brand":[3658],"product_cat":[1390,81,981,1381],"product_tag":[],"class_list":{"0":"post-747066","1":"product","2":"type-product","3":"status-publish","4":"has-post-thumbnail","6":"product_brand-milwaukee-fr","7":"product_cat-accessoires-dhabillement","8":"product_cat-vetements","9":"product_cat-vetements-de-loisirs","10":"product_cat-vetements-de-travail","11":"sws-gruppo-abb-libero-fr","12":"sws-conto-ricavi-merci-rivendita-abbigliamento-fr","13":"sws-gruppo-iva-iva81-fr","15":"first","16":"instock","17":"sale","18":"shipping-taxable","19":"purchasable","20":"product-type-variable","21":"has-default-attributes"},"_links":{"self":[{"href":"https:\/\/lucacastelli.com\/fr\/wp-json\/wp\/v2\/product\/747066","targetHints":{"allow":["GET"]}}],"collection":[{"href":"https:\/\/lucacastelli.com\/fr\/wp-json\/wp\/v2\/product"}],"about":[{"href":"https:\/\/lucacastelli.com\/fr\/wp-json\/wp\/v2\/types\/product"}],"wp:featuredmedia":[{"embeddable":true,"href":"https:\/\/lucacastelli.com\/fr\/wp-json\/wp\/v2\/media\/746594"}],"wp:attachment":[{"href":"https:\/\/lucacastelli.com\/fr\/wp-json\/wp\/v2\/media?parent=747066"}],"wp:term":[{"taxonomy":"product_brand","embeddable":true,"href":"https:\/\/lucacastelli.com\/fr\/wp-json\/wp\/v2\/product_brand?post=747066"},{"taxonomy":"product_cat","embeddable":true,"href":"https:\/\/lucacastelli.com\/fr\/wp-json\/wp\/v2\/product_cat?post=747066"},{"taxonomy":"product_tag","embeddable":true,"href":"https:\/\/lucacastelli.com\/fr\/wp-json\/wp\/v2\/product_tag?post=747066"}],"curies":[{"name":"wp","href":"https:\/\/api.w.org\/{rel}","templated":true}]}}