{"id":747061,"date":"2026-02-24T13:02:53","date_gmt":"2026-02-24T12:02:53","guid":{"rendered":"https:\/\/lucacastelli.com\/prodotto\/milwaukee-stud-metre-ruban-magnetique-largeur-33-mm-10-metres\/"},"modified":"2026-02-24T13:02:53","modified_gmt":"2026-02-24T12:02:53","slug":"milwaukee-stud-metre-ruban-magnetique-largeur-33-mm-10-metres","status":"publish","type":"product","link":"https:\/\/lucacastelli.com\/fr\/produit\/milwaukee-stud-metre-ruban-magnetique-largeur-33-mm-10-metres\/","title":{"rendered":"Milwaukee STUD M\u00e8tre ruban magn\u00e9tique, largeur 33 mm, 10 m\u00e8tres"},"content":{"rendered":"<ul>\n<li>Couleur du ruban haute visibilit\u00e9 pour une lisibilit\u00e9 optimale, con\u00e7u sp\u00e9cifiquement pour les applications en ext\u00e9rieur et sur le terrain<\/li>\n<li>Technologie de rev\u00eatement EXO 360\u2122 enti\u00e8rement en nylon : extr\u00eamement r\u00e9sistant et anti-usure<\/li>\n<li>R\u00e9tractation fluide du ruban : pour moins de d\u00e9formation lors de travaux d\u2019excavation exigeants<\/li>\n<li>Bo\u00eetier robuste et r\u00e9sistant aux chocs, id\u00e9al pour une utilisation intensive sur chantier<\/li>\n<li>Le rev\u00eatement r\u00e9sistant \u00e0 la d\u00e9chirure sur les deux faces renforce les 15 premiers cm du ruban<\/li>\n<li>Le ruban de 33 mm de large garantit une stabilit\u00e9 et une rigidit\u00e9 \u00e9lev\u00e9es<\/li>\n<li>Fonction d\u2019arr\u00eat au doigt pour une r\u00e9tractation rapide et contr\u00f4l\u00e9e du ruban<\/li>\n<li>Port\u00e9e du ruban sans d\u00e9crochage : mesure jusqu\u2019\u00e0 4,5 m sans plier<\/li>\n<li>Impression recto-verso avec \u00e9chelle verticale et horizontale : id\u00e9al pour des mesures flexibles<\/li>\n<li>\u00c9chelle d\u2019architecte pour la mesure pr\u00e9cise de plans \u00e0 l\u2019\u00e9chelle, tels que les projets de construction<\/li>\n<\/ul>\n","protected":false},"excerpt":{"rendered":"<p>Couleur du ruban haute visibilit\u00e9 pour une lisibilit\u00e9 optimale, con\u00e7u sp\u00e9cifiquement pour les applications en ext\u00e9rieur et sur le terrain<\/p>\n","protected":false},"featured_media":746445,"template":"","meta":{"_seopress_robots_primary_cat":"none","_seopress_titles_title":"","_seopress_titles_desc":"","_seopress_robots_index":""},"product_brand":[3658],"product_cat":[1471,1453,1496,144,1397,167],"product_tag":[],"class_list":{"0":"post-747061","1":"product","2":"type-product","3":"status-publish","4":"has-post-thumbnail","6":"product_brand-milwaukee-fr","7":"product_cat-appareils-de-mesure","8":"product_cat-autres-appareils","9":"product_cat-autres-equipements-de-travail","10":"product_cat-equipement","11":"product_cat-equipement-de-travail","12":"product_cat-machines","13":"sws-gruppo-macchinari-fr","14":"sws-conto-ricavi-merci-rivendita-macchinari-fr","15":"sws-gruppo-iva-iva81-fr","17":"first","18":"instock","19":"sale","20":"shipping-taxable","21":"purchasable","22":"product-type-simple"},"_links":{"self":[{"href":"https:\/\/lucacastelli.com\/fr\/wp-json\/wp\/v2\/product\/747061","targetHints":{"allow":["GET"]}}],"collection":[{"href":"https:\/\/lucacastelli.com\/fr\/wp-json\/wp\/v2\/product"}],"about":[{"href":"https:\/\/lucacastelli.com\/fr\/wp-json\/wp\/v2\/types\/product"}],"wp:featuredmedia":[{"embeddable":true,"href":"https:\/\/lucacastelli.com\/fr\/wp-json\/wp\/v2\/media\/746445"}],"wp:attachment":[{"href":"https:\/\/lucacastelli.com\/fr\/wp-json\/wp\/v2\/media?parent=747061"}],"wp:term":[{"taxonomy":"product_brand","embeddable":true,"href":"https:\/\/lucacastelli.com\/fr\/wp-json\/wp\/v2\/product_brand?post=747061"},{"taxonomy":"product_cat","embeddable":true,"href":"https:\/\/lucacastelli.com\/fr\/wp-json\/wp\/v2\/product_cat?post=747061"},{"taxonomy":"product_tag","embeddable":true,"href":"https:\/\/lucacastelli.com\/fr\/wp-json\/wp\/v2\/product_tag?post=747061"}],"curies":[{"name":"wp","href":"https:\/\/api.w.org\/{rel}","templated":true}]}}