{"id":747058,"date":"2026-02-24T13:23:04","date_gmt":"2026-02-24T12:23:04","guid":{"rendered":"https:\/\/lucacastelli.com\/prodotto\/milwaukee-bonnet-en-maille-bnc-2\/"},"modified":"2026-02-24T13:23:04","modified_gmt":"2026-02-24T12:23:04","slug":"milwaukee-bonnet-en-maille-bnc-2","status":"publish","type":"product","link":"https:\/\/lucacastelli.com\/fr\/produit\/milwaukee-bonnet-en-maille-bnc-2\/","title":{"rendered":"Milwaukee Bonnet en maille BNC"},"content":{"rendered":"<ul>\n<li>La maille double \u00e9paisseur retient la chaleur par temps froid<\/li>\n<li>100 % acrylique pour un confort optimal<\/li>\n<li>Sa maille flexible s\u2019adapte parfaitement \u00e0 la forme de la t\u00eate sans se d\u00e9former<\/li>\n<\/ul>\n<p><b>Caract\u00e9ristiques techniques :<\/b><\/p>\n<p><b>Taille : <\/b>taille unique<\/p>\n<p><b>Contenu : <\/b>1<\/p>\n<p><b>Mat\u00e9riau : <\/b>100 % acrylique, 2 couches, maille c\u00f4tel\u00e9e 3 x 1<\/p>\n","protected":false},"excerpt":{"rendered":"<p>La maille double \u00e9paisseur retient la chaleur par temps froid 100 % acrylique pour un confort optimal Sa maille flexible<\/p>\n","protected":false},"featured_media":746569,"template":"","meta":{"_seopress_robots_primary_cat":"none","_seopress_titles_title":"","_seopress_titles_desc":"","_seopress_robots_index":""},"product_brand":[3658],"product_cat":[1390,81,981,1381],"product_tag":[],"class_list":{"0":"post-747058","1":"product","2":"type-product","3":"status-publish","4":"has-post-thumbnail","6":"product_brand-milwaukee-fr","7":"product_cat-accessoires-dhabillement","8":"product_cat-vetements","9":"product_cat-vetements-de-loisirs","10":"product_cat-vetements-de-travail","11":"sws-gruppo-abb-libero-fr","12":"sws-conto-ricavi-merci-rivendita-abbigliamento-fr","13":"sws-gruppo-iva-iva81-fr","15":"first","16":"instock","17":"sale","18":"shipping-taxable","19":"purchasable","20":"product-type-variable","21":"has-default-attributes"},"_links":{"self":[{"href":"https:\/\/lucacastelli.com\/fr\/wp-json\/wp\/v2\/product\/747058","targetHints":{"allow":["GET"]}}],"collection":[{"href":"https:\/\/lucacastelli.com\/fr\/wp-json\/wp\/v2\/product"}],"about":[{"href":"https:\/\/lucacastelli.com\/fr\/wp-json\/wp\/v2\/types\/product"}],"wp:featuredmedia":[{"embeddable":true,"href":"https:\/\/lucacastelli.com\/fr\/wp-json\/wp\/v2\/media\/746569"}],"wp:attachment":[{"href":"https:\/\/lucacastelli.com\/fr\/wp-json\/wp\/v2\/media?parent=747058"}],"wp:term":[{"taxonomy":"product_brand","embeddable":true,"href":"https:\/\/lucacastelli.com\/fr\/wp-json\/wp\/v2\/product_brand?post=747058"},{"taxonomy":"product_cat","embeddable":true,"href":"https:\/\/lucacastelli.com\/fr\/wp-json\/wp\/v2\/product_cat?post=747058"},{"taxonomy":"product_tag","embeddable":true,"href":"https:\/\/lucacastelli.com\/fr\/wp-json\/wp\/v2\/product_tag?post=747058"}],"curies":[{"name":"wp","href":"https:\/\/api.w.org\/{rel}","templated":true}]}}