{"id":747042,"date":"2026-02-24T13:40:27","date_gmt":"2026-02-24T12:40:27","guid":{"rendered":"https:\/\/lucacastelli.com\/prodotto\/milwaukee-pompe-a-graisse-m18-m18-gg-201c\/"},"modified":"2026-02-24T13:40:27","modified_gmt":"2026-02-24T12:40:27","slug":"milwaukee-pompe-a-graisse-m18-m18-gg-201c","status":"publish","type":"product","link":"https:\/\/lucacastelli.com\/fr\/produit\/milwaukee-pompe-a-graisse-m18-m18-gg-201c\/","title":{"rendered":"Milwaukee Pompe \u00e0 graisse M18\u2122 M18 GG-201C"},"content":{"rendered":"<p>Le puissant moteur de 18 V exerce une pression de plus de 690 bar<br \/>\nREDLINK\u2122 &#8211; technologie de protection contre les surcharges de l\u2019outil et de la batterie pour une durabilit\u00e9 maximale<br \/>\nAutonomie maximale, jusqu\u2019\u00e0 7 cartouches avec une seule charge<br \/>\nErgonomique et maniable, seulement 355 mm de long et 3,9 kg<br \/>\nSoupape de d\u00e9sa\u00e9ration<br \/>\nLogement du flexible int\u00e9gr\u00e9, bandouli\u00e8re et indicateur de charge LED<br \/>\nValve pour utilisation avec pompe \u00e0 graisse externe<br \/>\nTrois modes d\u2019utilisation : avec cartouche de 400 ml, graisse en vrac de 473 ml, ou par aspiration<br \/>\nCapacit\u00e9 du r\u00e9servoir : cartouche de 400 ml, 473 ml en vrac<br \/>\nGestion individuelle des cellules de la batterie pour garantir une consommation homog\u00e8ne du pack batterie et une autonomie et dur\u00e9e de vie accrues<br \/>\nIndicateur de niveau de charge de la batterie<br \/>\nLa batterie REDLITHIUM\u2122 offre une construction de pack sup\u00e9rieure, une \u00e9lectronique et des performances constantes pour plus d\u2019autonomie et de travail durant la vie de la batterie<br \/>\nPlateforme de batterie 18 V : fonctionne avec toutes les batteries MILWAUKEE\u00ae M18\u2122<br \/>\nFlexible de 1219 mm avec ressort de protection<\/p>\n<p>&nbsp;<\/p>\n<p><span class=\"ProductDetailsContentstyles__StandardEquipmentLabel-sc-x8zwy7-32 kfkwbJ\">\u00c9quipement standard :<\/span><\/p>\n<div class=\"ProductDetailsContentstyles__StandardEquipmentText-sc-x8zwy7-33 caBfcR\">Flexible 14,4 mm avec ressort de protection, raccord de graissage droit, raccord de graissage \u00e0 angle droit, bandouli\u00e8re<\/div>\n<p>&nbsp;<\/p>\n","protected":false},"excerpt":{"rendered":"<p>Le puissant moteur de 18 V exerce une pression de plus de 690 bar REDLINK\u2122 &#8211; technologie de protection contre<\/p>\n","protected":false},"featured_media":746614,"template":"","meta":{"_seopress_robots_primary_cat":"","_seopress_titles_title":"","_seopress_titles_desc":"","_seopress_robots_index":""},"product_brand":[3658],"product_cat":[1453,5532,167],"product_tag":[],"class_list":{"0":"post-747042","1":"product","2":"type-product","3":"status-publish","4":"has-post-thumbnail","6":"product_brand-milwaukee-fr","7":"product_cat-autres-appareils","8":"product_cat-diverses-machines-milwaukee","9":"product_cat-machines","10":"sws-gruppo-macchinari-fr","11":"sws-conto-ricavi-merci-rivendita-macchinari-fr","12":"sws-gruppo-iva-iva81-fr","14":"first","15":"instock","16":"sale","17":"shipping-taxable","18":"purchasable","19":"product-type-simple"},"_links":{"self":[{"href":"https:\/\/lucacastelli.com\/fr\/wp-json\/wp\/v2\/product\/747042","targetHints":{"allow":["GET"]}}],"collection":[{"href":"https:\/\/lucacastelli.com\/fr\/wp-json\/wp\/v2\/product"}],"about":[{"href":"https:\/\/lucacastelli.com\/fr\/wp-json\/wp\/v2\/types\/product"}],"wp:featuredmedia":[{"embeddable":true,"href":"https:\/\/lucacastelli.com\/fr\/wp-json\/wp\/v2\/media\/746614"}],"wp:attachment":[{"href":"https:\/\/lucacastelli.com\/fr\/wp-json\/wp\/v2\/media?parent=747042"}],"wp:term":[{"taxonomy":"product_brand","embeddable":true,"href":"https:\/\/lucacastelli.com\/fr\/wp-json\/wp\/v2\/product_brand?post=747042"},{"taxonomy":"product_cat","embeddable":true,"href":"https:\/\/lucacastelli.com\/fr\/wp-json\/wp\/v2\/product_cat?post=747042"},{"taxonomy":"product_tag","embeddable":true,"href":"https:\/\/lucacastelli.com\/fr\/wp-json\/wp\/v2\/product_tag?post=747042"}],"curies":[{"name":"wp","href":"https:\/\/api.w.org\/{rel}","templated":true}]}}