{"id":746816,"date":"2026-02-24T09:41:43","date_gmt":"2026-02-24T08:41:43","guid":{"rendered":"https:\/\/lucacastelli.com\/prodotto\/scie-sauteuse-sans-fil-milwaukee-m12-fuel-m12fjs-0\/"},"modified":"2026-02-24T09:41:43","modified_gmt":"2026-02-24T08:41:43","slug":"scie-sauteuse-sans-fil-milwaukee-m12-fuel-m12fjs-0","status":"publish","type":"product","link":"https:\/\/lucacastelli.com\/fr\/produit\/scie-sauteuse-sans-fil-milwaukee-m12-fuel-m12fjs-0\/","title":{"rendered":"Scie sauteuse sans fil Milwaukee M12 FUEL M12FJS-0"},"content":{"rendered":"<p>Scie sauteuse sans fil M12 FUEL M12FJS-0 \/ Milwaukee # 4933500574 \/ EAN : 4058546618766<br \/>\nRemplace l\u2019article MW4933493347 Contenu de l\u2019emballage :<br \/>\nMoteur POWERSTATE\u2122 sans charbons pour des coupes rapides et une longue dur\u00e9e de vie.<br \/>\nJusqu\u2019\u00e0 24 m de coupe dans de l\u2019OSB de 19 mm (avec une batterie de 4,0 Ah)<br \/>\nSyst\u00e8me de fixation brevet\u00e9 FIXTEC\u2122 pour un changement de lame rapide et facile<br \/>\n6 r\u00e9glages de vitesse avec mode de d\u00e9marrage auto-contr\u00f4l\u00e9 permettant un d\u00e9marrage lent et une acc\u00e9l\u00e9ration jusqu\u2019\u00e0 la vitesse maximale sous charge, pour une amorce de coupe fluide et pr\u00e9cise<br \/>\n3500 min-1 garantissent des coupes nettes, minimisant les \u00e9clats et les vibrations<br \/>\nLe souffleur de poussi\u00e8re d\u00e9gage la ligne de coupe<br \/>\n\u00c9clairage LED int\u00e9gr\u00e9 pour la zone de travail, d\u00e9sactivable manuellement<br \/>\nLe patin amovible anti-rayures \u00e9vite les marques sur les mat\u00e9riaux tendres<br \/>\nL\u2019ADN de notre plateforme FUEL\u2122 red\u00e9finit l\u2019\u00e9quilibre des technologies sans fil. Le moteur sans charbons POWERSTATE\u2122 de MILWAUKEE\u00ae, la batterie REDLITHIUM\u2122 et l\u2019intelligence \u00e9lectronique REDLINK PLUS\u2122 offrent une puissance, une autonomie et une durabilit\u00e9 exceptionnelles<br \/>\n100 % compatible avec la gamme MILWAUKEE\u00ae M12\u2122<br \/>\nBatteries non incluses<br \/>\nChargeur non inclus<br \/>\nContenu de l\u2019emballage<br \/>\nLame de scie sauteuse<br \/>\nAdaptateur d\u2019aspiration<br \/>\nCapot anti-poussi\u00e8re<br \/>\nPare-\u00e9clats<br \/>\nPatin en plastique<br \/>\nCl\u00e9 <\/p>\n<p>&nbsp;<\/p>\n<p>&nbsp;<\/p>\n<p><b>Batterie : <\/b>Li-ion<\/p>\n<p><b>Nombre de batteries fournies : <\/b>0<\/p>\n<p><b>Livr\u00e9 en : <\/b>bo\u00eete carton<\/p>\n<p><b>Course : <\/b>22 mm<\/p>\n<p><b>Vitesse \u00e0 vide : <\/b>800 &#8211; 3000 min<sup>-1<\/sup><\/p>\n<p><b>Capacit\u00e9 de coupe max. dans l\u2019aluminium : <\/b>3 mm<\/p>\n<p><b>Profondeur de coupe max. dans le bois : <\/b>70 mm<\/p>\n<p><b>Profondeur de coupe max. dans l\u2019acier : <\/b>3 mm<\/p>\n<p><b>R\u00e9glage de l\u2019inclinaison : <\/b>45 degr\u00e9s<\/p>\n<p><b>Tension : <\/b>12 V<\/p>\n<p><b>Poids avec batterie : <\/b>1,7 (M12 B2) kg<\/p>\n","protected":false},"excerpt":{"rendered":"<p>Scie sauteuse sans fil M12 FUEL M12FJS-0 \/ Milwaukee # 4933500574 \/ EAN : 4058546618766 Remplace l\u2019article MW4933493347 Contenu de<\/p>\n","protected":false},"featured_media":746124,"template":"","meta":{"_seopress_robots_primary_cat":"none","_seopress_titles_title":"","_seopress_titles_desc":"","_seopress_robots_index":""},"product_brand":[3658],"product_cat":[1453,167,1534],"product_tag":[],"class_list":{"0":"post-746816","1":"product","2":"type-product","3":"status-publish","4":"has-post-thumbnail","6":"product_brand-milwaukee-fr","7":"product_cat-autres-appareils","8":"product_cat-machines","9":"product_cat-scies","10":"sws-gruppo-macchinari-fr","11":"sws-conto-ricavi-merci-rivendita-macchinari-fr","12":"sws-gruppo-iva-iva81-fr","14":"first","15":"instock","16":"sale","17":"shipping-taxable","18":"purchasable","19":"product-type-simple"},"_links":{"self":[{"href":"https:\/\/lucacastelli.com\/fr\/wp-json\/wp\/v2\/product\/746816","targetHints":{"allow":["GET"]}}],"collection":[{"href":"https:\/\/lucacastelli.com\/fr\/wp-json\/wp\/v2\/product"}],"about":[{"href":"https:\/\/lucacastelli.com\/fr\/wp-json\/wp\/v2\/types\/product"}],"wp:featuredmedia":[{"embeddable":true,"href":"https:\/\/lucacastelli.com\/fr\/wp-json\/wp\/v2\/media\/746124"}],"wp:attachment":[{"href":"https:\/\/lucacastelli.com\/fr\/wp-json\/wp\/v2\/media?parent=746816"}],"wp:term":[{"taxonomy":"product_brand","embeddable":true,"href":"https:\/\/lucacastelli.com\/fr\/wp-json\/wp\/v2\/product_brand?post=746816"},{"taxonomy":"product_cat","embeddable":true,"href":"https:\/\/lucacastelli.com\/fr\/wp-json\/wp\/v2\/product_cat?post=746816"},{"taxonomy":"product_tag","embeddable":true,"href":"https:\/\/lucacastelli.com\/fr\/wp-json\/wp\/v2\/product_tag?post=746816"}],"curies":[{"name":"wp","href":"https:\/\/api.w.org\/{rel}","templated":true}]}}