{"id":746777,"date":"2026-02-24T09:53:09","date_gmt":"2026-02-24T08:53:09","guid":{"rendered":"https:\/\/lucacastelli.com\/prodotto\/milwaukee-scie-sauteuse-sans-fil-m12chz-0\/"},"modified":"2026-02-24T09:53:09","modified_gmt":"2026-02-24T08:53:09","slug":"milwaukee-scie-sauteuse-sans-fil-m12chz-0","status":"publish","type":"product","link":"https:\/\/lucacastelli.com\/fr\/produit\/milwaukee-scie-sauteuse-sans-fil-m12chz-0\/","title":{"rendered":"Milwaukee Scie sauteuse sans fil M12CHZ-0"},"content":{"rendered":"<p>Caract\u00e9ristiques<\/p>\n<p>Le moteur brushless POWERSTATE\u2122 garantit des performances jusqu&#8217;\u00e0 70% plus rapides<br \/>\nL&#8217;\u00e9lectronique REDLINK PLUS\u2122 offre une protection accrue contre les surcharges pour l&#8217;outil et la batterie, garantissant une durabilit\u00e9 sup\u00e9rieure dans les applications intensives<br \/>\nLa batterie REDLITHIUM\u2122 garantit une construction avanc\u00e9e du pack batterie et des performances constantes, pour offrir une autonomie sup\u00e9rieure et maximiser la dur\u00e9e de vie de la batterie<br \/>\n\u00c9lectronique optimis\u00e9e pour une autonomie maximale<br \/>\nSyst\u00e8me FIXTEC\u2122 pour un remplacement rapide de la lame<br \/>\nVibrations minimales : 6,5 m\/s\u00b2, pour des applications prolong\u00e9es<br \/>\nBo\u00eetier d&#8217;engrenages \u00e9tanche pour emp\u00eacher l&#8217;entr\u00e9e de poussi\u00e8re et d&#8217;eau<br \/>\nLumi\u00e8re LED pour \u00e9clairer la zone d&#8217;application<br \/>\nL\u00e9ger et compact : pour des applications dans des espaces restreints<br \/>\nCompatible avec toutes les batteries MILWAUKEE\u00ae M12\u2122<\/p>\n<p>&nbsp;<\/p>\n<p>&nbsp;<\/p>\n<p><b>DONN\u00c9ES TECHNIQUES<\/b><\/p>\n<p><b>Tension [V] : <\/b>12<\/p>\n<p><b>Batterie : <\/b>Li-ion<\/p>\n<p><b>Livr\u00e9 en : <\/b>en bo\u00eete<\/p>\n<p><b>\u00c9quipement standard | Contenu de l&#8217;emballage : <\/b>1 x lame<\/p>\n<p><b>D\u00e9nomination : Variante du mod\u00e8le : <\/b>M12 CHZ-0<\/p>\n<p><b>Poids avec batterie [kg] : <\/b>1,6 (M12 B4)<\/p>\n<p><b>Chargeur inclus : <\/b>Aucun chargeur inclus<\/p>\n<p><b>Batterie incluse : <\/b>Aucune batterie incluse<\/p>\n<p><b>EAN : <\/b>4058546618742<\/p>\n<p><b>Syst\u00e8me : <\/b>M12<\/p>\n","protected":false},"excerpt":{"rendered":"<p>Caract\u00e9ristiques Le moteur brushless POWERSTATE\u2122 garantit des performances jusqu&#8217;\u00e0 70% plus rapides L&#8217;\u00e9lectronique REDLINK PLUS\u2122 offre une protection accrue contre<\/p>\n","protected":false},"featured_media":746163,"template":"","meta":{"_seopress_robots_primary_cat":"","_seopress_titles_title":"","_seopress_titles_desc":"","_seopress_robots_index":""},"product_brand":[3658],"product_cat":[1453,167,1534],"product_tag":[],"class_list":{"0":"post-746777","1":"product","2":"type-product","3":"status-publish","4":"has-post-thumbnail","6":"product_brand-milwaukee-fr","7":"product_cat-autres-appareils","8":"product_cat-machines","9":"product_cat-scies","10":"sws-gruppo-macchinari-fr","11":"sws-conto-ricavi-merci-rivendita-macchinari-fr","12":"sws-gruppo-iva-iva81-fr","14":"first","15":"instock","16":"sale","17":"shipping-taxable","18":"purchasable","19":"product-type-simple"},"_links":{"self":[{"href":"https:\/\/lucacastelli.com\/fr\/wp-json\/wp\/v2\/product\/746777","targetHints":{"allow":["GET"]}}],"collection":[{"href":"https:\/\/lucacastelli.com\/fr\/wp-json\/wp\/v2\/product"}],"about":[{"href":"https:\/\/lucacastelli.com\/fr\/wp-json\/wp\/v2\/types\/product"}],"wp:featuredmedia":[{"embeddable":true,"href":"https:\/\/lucacastelli.com\/fr\/wp-json\/wp\/v2\/media\/746163"}],"wp:attachment":[{"href":"https:\/\/lucacastelli.com\/fr\/wp-json\/wp\/v2\/media?parent=746777"}],"wp:term":[{"taxonomy":"product_brand","embeddable":true,"href":"https:\/\/lucacastelli.com\/fr\/wp-json\/wp\/v2\/product_brand?post=746777"},{"taxonomy":"product_cat","embeddable":true,"href":"https:\/\/lucacastelli.com\/fr\/wp-json\/wp\/v2\/product_cat?post=746777"},{"taxonomy":"product_tag","embeddable":true,"href":"https:\/\/lucacastelli.com\/fr\/wp-json\/wp\/v2\/product_tag?post=746777"}],"curies":[{"name":"wp","href":"https:\/\/api.w.org\/{rel}","templated":true}]}}