{"id":746686,"date":"2026-02-24T10:07:25","date_gmt":"2026-02-24T09:07:25","guid":{"rendered":"https:\/\/lucacastelli.com\/prodotto\/milwaukee-m12-fuel-boulonneuse-a-chocs-1-4-carree-sans-fil-avec-bague-de-friction-m12fsciwf14-0\/"},"modified":"2026-02-24T10:07:25","modified_gmt":"2026-02-24T09:07:25","slug":"milwaukee-m12-fuel-boulonneuse-a-chocs-1-4-carree-sans-fil-avec-bague-de-friction-m12fsciwf14-0","status":"publish","type":"product","link":"https:\/\/lucacastelli.com\/fr\/produit\/milwaukee-m12-fuel-boulonneuse-a-chocs-1-4-carree-sans-fil-avec-bague-de-friction-m12fsciwf14-0\/","title":{"rendered":"Milwaukee M12 FUEL\u2122 Boulonneuse \u00e0 chocs 1\/4&#8243; carr\u00e9e sans fil avec bague de friction M12FSCIWF14-0"},"content":{"rendered":"<ul>\n<li>Un poids de 0,86 kg avec batterie M12 HB 2,5 Ah, une longueur de 112 mm et une circonf\u00e9rence de 51 mm garantissent un meilleur acc\u00e8s aux espaces restreints et moins de fatigue pour l\u2019utilisateur<\/li>\n<li>Couple de serrage de 95 Nm et couple de desserrage de 136 Nm pour la plupart des applications automobiles courantes dans les espaces restreints<\/li>\n<li>Jusqu\u2019\u00e0 3 800 tr\/min pour une vitesse d\u2019application exceptionnelle<\/li>\n<li>Avec le DRIVE CONTROL \u00e0 4 modes, l\u2019utilisateur peut choisir entre quatre r\u00e9glages de vitesse et de couple diff\u00e9rents pour maximiser la polyvalence de l\u2019application<\/li>\n<li>Mode 4 (marche avant) : le contr\u00f4le d\u2019arr\u00eat automatique applique un couple ne d\u00e9passant pas 9 Nm pour les applications de serrage manuel, afin d\u2019\u00e9viter un serrage excessif<\/li>\n<li>Mode 4 (marche arri\u00e8re) : le contr\u00f4le du desserrage fournit le couple maximal, puis r\u00e9duit la vitesse d\u00e8s que la vis est desserr\u00e9e, pour \u00e9viter qu\u2019elle ne tombe<\/li>\n<li>S\u00e9lection du mode d\u2019activation pour un choix facile des r\u00e9glages de vitesse d\u2019une seule main<\/li>\n<li>Tri-LED pour un \u00e9clairage sans ombre de la zone de travail<\/li>\n<li>L\u2019ADN de notre plateforme FUEL\u2122 red\u00e9finit l\u2019\u00e9quilibre des technologies sans fil. Le moteur sans charbon POWERSTATE\u2122 de MILWAUKEE\u00ae, la batterie REDLITHIUM\u2122 et l\u2019intelligence \u00e9lectronique REDLINK PLUS\u2122 garantissent des performances, une autonomie et une durabilit\u00e9 exceptionnelles <\/li>\n<li>Syst\u00e8me de batterie flexible : fonctionne avec toutes les batteries MILWAUKEE\u00ae M12\u2122<\/li>\n<\/ul>\n<p>&nbsp;<\/p>\n<p><b>DONN\u00c9ES TECHNIQUES<\/b><\/p>\n<p><b>Couple de serrage (Nm) <\/b>41\/ 68\/ 95\/ 9<\/p>\n<p><b>Cadence de frappe (cps\/min) <\/b>0-1 350 \/ 0-3 700 \/ 0-4 400 \/ 0-4 400<\/p>\n<p><b>Diam\u00e8tre max. du boulon <\/b>M12<\/p>\n<p><b>Couple de serrage max. (Nm) <\/b>136<\/p>\n<p><b>Vitesse \u00e0 vide (tr\/min) <\/b>0-1 500 \/ 0-2 900 \/ 0-3 800 \/ 0-2 200<\/p>\n<p><b>Livr\u00e9 en <\/b>bo\u00eete carton<\/p>\n<p><b>R\u00e9ception <\/b>\u00bc&#8221; carr\u00e9<\/p>\n<p><b>R\u00e9ception <\/b>Bague de friction<\/p>\n<p><b>Type de batterie <\/b>Li-ion<\/p>\n<p><b>Chargeur inclus <\/b>Chargeur non inclus<\/p>\n<p><b>Poids avec batterie (EPTA) (kg) <\/b>0,86 (M12 HB2,5)<\/p>\n<p><b>Niveau de puissance acoustique (Lwa)(dB(A)) <\/b>105<\/p>\n<p><b>Incertitude du niveau de puissance acoustique (dB(A)) <\/b>3<\/p>\n<p><b>Niveau de pression acoustique (Lpa)(dB(A)) <\/b>97<\/p>\n<p><b>Incertitude du niveau de pression acoustique (dB(A)) <\/b>3<\/p>\n<p><b>Niveau de vibration (m\/s\u00b2) <\/b>12,1<\/p>\n<p><b>Incertitude de vibration (m\/s\u00b2) <\/b>1,5<\/p>\n","protected":false},"excerpt":{"rendered":"<p>Un poids de 0,86 kg avec batterie M12 HB 2,5 Ah, une longueur de 112 mm et une circonf\u00e9rence de<\/p>\n","protected":false},"featured_media":746187,"template":"","meta":{"_seopress_robots_primary_cat":"none","_seopress_titles_title":"","_seopress_titles_desc":"","_seopress_robots_index":""},"product_brand":[3658],"product_cat":[1453,167,1552],"product_tag":[],"class_list":{"0":"post-746686","1":"product","2":"type-product","3":"status-publish","4":"has-post-thumbnail","6":"product_brand-milwaukee-fr","7":"product_cat-autres-appareils","8":"product_cat-machines","9":"product_cat-perceuses-et-tournevis","10":"sws-gruppo-macchinari-fr","11":"sws-conto-ricavi-merci-rivendita-macchinari-fr","12":"sws-gruppo-iva-iva81-fr","14":"first","15":"instock","16":"sale","17":"shipping-taxable","18":"purchasable","19":"product-type-simple"},"_links":{"self":[{"href":"https:\/\/lucacastelli.com\/fr\/wp-json\/wp\/v2\/product\/746686","targetHints":{"allow":["GET"]}}],"collection":[{"href":"https:\/\/lucacastelli.com\/fr\/wp-json\/wp\/v2\/product"}],"about":[{"href":"https:\/\/lucacastelli.com\/fr\/wp-json\/wp\/v2\/types\/product"}],"wp:featuredmedia":[{"embeddable":true,"href":"https:\/\/lucacastelli.com\/fr\/wp-json\/wp\/v2\/media\/746187"}],"wp:attachment":[{"href":"https:\/\/lucacastelli.com\/fr\/wp-json\/wp\/v2\/media?parent=746686"}],"wp:term":[{"taxonomy":"product_brand","embeddable":true,"href":"https:\/\/lucacastelli.com\/fr\/wp-json\/wp\/v2\/product_brand?post=746686"},{"taxonomy":"product_cat","embeddable":true,"href":"https:\/\/lucacastelli.com\/fr\/wp-json\/wp\/v2\/product_cat?post=746686"},{"taxonomy":"product_tag","embeddable":true,"href":"https:\/\/lucacastelli.com\/fr\/wp-json\/wp\/v2\/product_tag?post=746686"}],"curies":[{"name":"wp","href":"https:\/\/api.w.org\/{rel}","templated":true}]}}