{"id":746678,"date":"2026-02-24T10:48:41","date_gmt":"2026-02-24T09:48:41","guid":{"rendered":"https:\/\/lucacastelli.com\/prodotto\/milwaukee-stud-ruban-magnetique-ruban-large-33-mm-5-metres\/"},"modified":"2026-02-24T10:48:41","modified_gmt":"2026-02-24T09:48:41","slug":"milwaukee-stud-ruban-magnetique-ruban-large-33-mm-5-metres","status":"publish","type":"product","link":"https:\/\/lucacastelli.com\/fr\/produit\/milwaukee-stud-ruban-magnetique-ruban-large-33-mm-5-metres\/","title":{"rendered":"Milwaukee STUD Ruban magn\u00e9tique, ruban large 33 mm, 5 m\u00e8tres"},"content":{"rendered":"<ul>\n<li>Couleur du ruban haute visibilit\u00e9 pour une lisibilit\u00e9 optimale, d\u00e9velopp\u00e9 sp\u00e9cialement pour les applications ext\u00e9rieures et sur terrain<\/li>\n<li>Technologie de rev\u00eatement du ruban EXO 360\u2122 enti\u00e8rement en nylon : extr\u00eamement r\u00e9sistant et anti-usure<\/li>\n<li>R\u00e9traction fluide du ruban de mesure : pour une moindre d\u00e9formation lors de travaux d&#8217;excavation exigeants<\/li>\n<li>Bo\u00eetier robuste et r\u00e9sistant aux chocs, id\u00e9al pour les utilisations intensives sur chantier<\/li>\n<li>Le rev\u00eatement du ruban r\u00e9sistant \u00e0 la d\u00e9chirure des deux c\u00f4t\u00e9s renforce les 15 premiers cm du ruban<\/li>\n<li>Le ruban large 33 mm garantit une stabilit\u00e9 et une rigidit\u00e9 \u00e9lev\u00e9es<\/li>\n<li>Fonction d&#8217;arr\u00eat au doigt pour une r\u00e9traction rapide et contr\u00f4l\u00e9e du ruban de mesure<\/li>\n<li>Extension du ruban autoportante : mesure jusqu&#8217;\u00e0 4,5 m sans se plier<\/li>\n<li>Impression recto-verso avec \u00e9chelle verticale et horizontale : id\u00e9al pour des applications de mesure flexibles<\/li>\n<li>\u00c9chelle architecturale pour la mesure pr\u00e9cise de dessins \u00e0 l&#8217;\u00e9chelle, comme les projets de construction<\/li>\n<\/ul>\n","protected":false},"excerpt":{"rendered":"<p>Couleur du ruban haute visibilit\u00e9 pour une lisibilit\u00e9 optimale, d\u00e9velopp\u00e9 sp\u00e9cialement pour les applications ext\u00e9rieures et sur terrain Technologie de<\/p>\n","protected":false},"featured_media":746258,"template":"","meta":{"_seopress_robots_primary_cat":"none","_seopress_titles_title":"","_seopress_titles_desc":"","_seopress_robots_index":""},"product_brand":[3658],"product_cat":[1471,1453,1496,144,1397,167],"product_tag":[],"class_list":{"0":"post-746678","1":"product","2":"type-product","3":"status-publish","4":"has-post-thumbnail","6":"product_brand-milwaukee-fr","7":"product_cat-appareils-de-mesure","8":"product_cat-autres-appareils","9":"product_cat-autres-equipements-de-travail","10":"product_cat-equipement","11":"product_cat-equipement-de-travail","12":"product_cat-machines","13":"sws-gruppo-macchinari-fr","14":"sws-conto-ricavi-merci-rivendita-macchinari-fr","15":"sws-gruppo-iva-iva81-fr","17":"first","18":"instock","19":"sale","20":"shipping-taxable","21":"purchasable","22":"product-type-simple"},"_links":{"self":[{"href":"https:\/\/lucacastelli.com\/fr\/wp-json\/wp\/v2\/product\/746678","targetHints":{"allow":["GET"]}}],"collection":[{"href":"https:\/\/lucacastelli.com\/fr\/wp-json\/wp\/v2\/product"}],"about":[{"href":"https:\/\/lucacastelli.com\/fr\/wp-json\/wp\/v2\/types\/product"}],"wp:featuredmedia":[{"embeddable":true,"href":"https:\/\/lucacastelli.com\/fr\/wp-json\/wp\/v2\/media\/746258"}],"wp:attachment":[{"href":"https:\/\/lucacastelli.com\/fr\/wp-json\/wp\/v2\/media?parent=746678"}],"wp:term":[{"taxonomy":"product_brand","embeddable":true,"href":"https:\/\/lucacastelli.com\/fr\/wp-json\/wp\/v2\/product_brand?post=746678"},{"taxonomy":"product_cat","embeddable":true,"href":"https:\/\/lucacastelli.com\/fr\/wp-json\/wp\/v2\/product_cat?post=746678"},{"taxonomy":"product_tag","embeddable":true,"href":"https:\/\/lucacastelli.com\/fr\/wp-json\/wp\/v2\/product_tag?post=746678"}],"curies":[{"name":"wp","href":"https:\/\/api.w.org\/{rel}","templated":true}]}}