{"id":743605,"date":"2026-02-22T17:28:42","date_gmt":"2026-02-22T16:28:42","guid":{"rendered":"https:\/\/lucacastelli.com\/prodotto\/milwaukee-module-souple-6\/"},"modified":"2026-02-22T17:28:42","modified_gmt":"2026-02-22T16:28:42","slug":"milwaukee-module-souple-6","status":"publish","type":"product","link":"https:\/\/lucacastelli.com\/fr\/produit\/milwaukee-module-souple-6\/","title":{"rendered":"MILWAUKEE Module souple"},"content":{"rendered":"<p>JEU MIXTE DE CL\u00c9S EN MODULE SOUPLE<br \/>\nJeu mixte de cl\u00e9s en module souple<\/p>\n<p>Cl\u00e9s mixtes 6-32 mm, cl\u00e9s polygonales doubles 6 x 7, 8 x 9, 10 x 11, 12 x 13, 14 x 15, 16 x 17, 18 x 19, 20 x 22 mm, cl\u00e9s \u00e0 fourche doubles 6 x 7, 8 x 9, 10 x 11, 12 x 13, 14 x 15, 16 x 17, 18 x 19, 20 x 22 mm<br \/>\n4058546620608<\/p>\n","protected":false},"excerpt":{"rendered":"<p>JEU MIXTE DE CL\u00c9S EN MODULE SOUPLE Jeu mixte de cl\u00e9s en module souple Cl\u00e9s mixtes 6-32 mm, cl\u00e9s polygonales<\/p>\n","protected":false},"featured_media":741237,"template":"","meta":{"_seopress_robots_primary_cat":"","_seopress_titles_title":"","_seopress_titles_desc":"","_seopress_robots_index":""},"product_brand":[3658],"product_cat":[144,5417],"product_tag":[6838],"class_list":{"0":"post-743605","1":"product","2":"type-product","3":"status-publish","4":"has-post-thumbnail","6":"product_brand-milwaukee-fr","7":"product_cat-equipement","8":"product_cat-outils-pour-atelier","9":"product_tag-imp-26-mw_new","10":"sws-gruppo-macchinari-fr","11":"sws-conto-ricavi-merci-rivendita-macchinari-fr","12":"sws-gruppo-iva-iva81-fr","14":"first","15":"instock","16":"sale","17":"shipping-taxable","18":"purchasable","19":"product-type-simple"},"_links":{"self":[{"href":"https:\/\/lucacastelli.com\/fr\/wp-json\/wp\/v2\/product\/743605","targetHints":{"allow":["GET"]}}],"collection":[{"href":"https:\/\/lucacastelli.com\/fr\/wp-json\/wp\/v2\/product"}],"about":[{"href":"https:\/\/lucacastelli.com\/fr\/wp-json\/wp\/v2\/types\/product"}],"wp:featuredmedia":[{"embeddable":true,"href":"https:\/\/lucacastelli.com\/fr\/wp-json\/wp\/v2\/media\/741237"}],"wp:attachment":[{"href":"https:\/\/lucacastelli.com\/fr\/wp-json\/wp\/v2\/media?parent=743605"}],"wp:term":[{"taxonomy":"product_brand","embeddable":true,"href":"https:\/\/lucacastelli.com\/fr\/wp-json\/wp\/v2\/product_brand?post=743605"},{"taxonomy":"product_cat","embeddable":true,"href":"https:\/\/lucacastelli.com\/fr\/wp-json\/wp\/v2\/product_cat?post=743605"},{"taxonomy":"product_tag","embeddable":true,"href":"https:\/\/lucacastelli.com\/fr\/wp-json\/wp\/v2\/product_tag?post=743605"}],"curies":[{"name":"wp","href":"https:\/\/api.w.org\/{rel}","templated":true}]}}