{"id":743557,"date":"2026-02-22T17:30:22","date_gmt":"2026-02-22T16:30:22","guid":{"rendered":"https:\/\/lucacastelli.com\/prodotto\/milwaukee-chariot-porte-outils-6\/"},"modified":"2026-02-22T17:30:22","modified_gmt":"2026-02-22T16:30:22","slug":"milwaukee-chariot-porte-outils-6","status":"publish","type":"product","link":"https:\/\/lucacastelli.com\/fr\/produit\/milwaukee-chariot-porte-outils-6\/","title":{"rendered":"MILWAUKEE Chariot porte-outils"},"content":{"rendered":"<p>TOOLGUARD FILLED 30in\/78CM STD EU<br \/>\nNE PAS AFFICHER<\/p>\n<p>Ensemble de 119 pi\u00e8ces avec cliquets et douilles 1\/4\u201c, 3\/8\u201d et 1\/2&#8243; dans un insert en mousse, ensemble de 27 cl\u00e9s mixtes MAXBITE dans un insert en mousse, ensemble de 4 pinces dans un insert en mousse, ensemble de 15 cl\u00e9s \u00e0 douille avec cliquet MAXBITE dans un insert en mousse, ensemble de 10 cl\u00e9s \u00e0 fourche double dans un insert en mousse, ensemble de 23 tournevis trilob\u00e9s dans un insert en mousse, ensemble de 3 pinces pour circlips dans un insert en mousse, ensemble de 2 marteaux dans un insert en mousse, ensemble de 3 outils de coupe et de mesure dans un insert en mousse, servante d\u2019atelier TOOLGUARD\u2122 de 30\u2033<br \/>\n4058546620462<\/p>\n","protected":false},"excerpt":{"rendered":"<p>TOOLGUARD FILLED 30in\/78CM STD EU NE PAS AFFICHER Ensemble de 119 pi\u00e8ces avec cliquets et douilles 1\/4\u201c, 3\/8\u201d et 1\/2&#8243;<\/p>\n","protected":false},"featured_media":741264,"template":"","meta":{"_seopress_robots_primary_cat":"","_seopress_titles_title":"","_seopress_titles_desc":"","_seopress_robots_index":""},"product_brand":[3658],"product_cat":[144,5417],"product_tag":[6838],"class_list":{"0":"post-743557","1":"product","2":"type-product","3":"status-publish","4":"has-post-thumbnail","6":"product_brand-milwaukee-fr","7":"product_cat-equipement","8":"product_cat-outils-pour-atelier","9":"product_tag-imp-26-mw_new","10":"sws-gruppo-macchinari-fr","11":"sws-conto-ricavi-merci-rivendita-macchinari-fr","12":"sws-gruppo-iva-iva81-fr","14":"first","15":"instock","16":"sale","17":"shipping-taxable","18":"purchasable","19":"product-type-simple"},"_links":{"self":[{"href":"https:\/\/lucacastelli.com\/fr\/wp-json\/wp\/v2\/product\/743557","targetHints":{"allow":["GET"]}}],"collection":[{"href":"https:\/\/lucacastelli.com\/fr\/wp-json\/wp\/v2\/product"}],"about":[{"href":"https:\/\/lucacastelli.com\/fr\/wp-json\/wp\/v2\/types\/product"}],"wp:featuredmedia":[{"embeddable":true,"href":"https:\/\/lucacastelli.com\/fr\/wp-json\/wp\/v2\/media\/741264"}],"wp:attachment":[{"href":"https:\/\/lucacastelli.com\/fr\/wp-json\/wp\/v2\/media?parent=743557"}],"wp:term":[{"taxonomy":"product_brand","embeddable":true,"href":"https:\/\/lucacastelli.com\/fr\/wp-json\/wp\/v2\/product_brand?post=743557"},{"taxonomy":"product_cat","embeddable":true,"href":"https:\/\/lucacastelli.com\/fr\/wp-json\/wp\/v2\/product_cat?post=743557"},{"taxonomy":"product_tag","embeddable":true,"href":"https:\/\/lucacastelli.com\/fr\/wp-json\/wp\/v2\/product_tag?post=743557"}],"curies":[{"name":"wp","href":"https:\/\/api.w.org\/{rel}","templated":true}]}}