{"id":743529,"date":"2026-02-22T17:29:47","date_gmt":"2026-02-22T16:29:47","guid":{"rendered":"https:\/\/lucacastelli.com\/prodotto\/milwaukee-chariot-porte-outils-5\/"},"modified":"2026-02-22T17:29:47","modified_gmt":"2026-02-22T16:29:47","slug":"milwaukee-chariot-porte-outils-5","status":"publish","type":"product","link":"https:\/\/lucacastelli.com\/fr\/produit\/milwaukee-chariot-porte-outils-5\/","title":{"rendered":"MILWAUKEE Chariot porte-outils"},"content":{"rendered":"<p>TOOLGUARD FILLED 30in\/78CM PR EU<br \/>\nNE PAS AFFICHER<\/p>\n<p>Ensemble de 194 pi\u00e8ces avec cl\u00e9s \u00e0 cliquet et douilles de 1\/4&#8243;, 3\/8&#8243; et 1\/2&#8243; en insert mousse, ensemble de 27 cl\u00e9s mixtes MAXBITE en insert mousse, ensemble de 4 pinces en insert mousse, ensemble de 15 cl\u00e9s \u00e0 douille avec cliquet MAXBITE en insert mousse, ensemble de 10 cl\u00e9s \u00e0 double ouverture en insert mousse, ensemble de 23 tournevis trilob\u00e9s en insert mousse, ensemble de 3 pinces pour anneaux de s\u00e9curit\u00e9 en insert mousse, ensemble de 2 marteaux en insert mousse, ensemble de 3 outils de coupe et de mesure en insert mousse, ensemble de 32 douilles \u00e0 percussion Shockwave\u2122 de 1\/2 pouce en insert mousse, M18FIW2F12-0 visseuse \u00e0 chocs compacte de 1\/2 pouce, 2 batteries M18\u2122 r\u00e9sistantes aux agents chimiques de 5.0 Ah, chargeur rapide M12\u2122 et M18\u2122, lunettes de protection anti-rayures, 3 bouchons d&#8217;oreilles r\u00e9utilisables, chariot d&#8217;atelier TOOLGUARD\u2122 de 30 pouces<br \/>\n4058546620455<\/p>\n","protected":false},"excerpt":{"rendered":"<p>TOOLGUARD FILLED 30in\/78CM PR EU NE PAS AFFICHER Ensemble de 194 pi\u00e8ces avec cl\u00e9s \u00e0 cliquet et douilles de 1\/4&#8243;,<\/p>\n","protected":false},"featured_media":741257,"template":"","meta":{"_seopress_robots_primary_cat":"","_seopress_titles_title":"","_seopress_titles_desc":"","_seopress_robots_index":""},"product_brand":[3658],"product_cat":[144,5417],"product_tag":[6838],"class_list":{"0":"post-743529","1":"product","2":"type-product","3":"status-publish","4":"has-post-thumbnail","6":"product_brand-milwaukee-fr","7":"product_cat-equipement","8":"product_cat-outils-pour-atelier","9":"product_tag-imp-26-mw_new","10":"sws-gruppo-macchinari-fr","11":"sws-conto-ricavi-merci-rivendita-macchinari-fr","12":"sws-gruppo-iva-iva81-fr","14":"first","15":"instock","16":"sale","17":"shipping-taxable","18":"purchasable","19":"product-type-simple"},"_links":{"self":[{"href":"https:\/\/lucacastelli.com\/fr\/wp-json\/wp\/v2\/product\/743529","targetHints":{"allow":["GET"]}}],"collection":[{"href":"https:\/\/lucacastelli.com\/fr\/wp-json\/wp\/v2\/product"}],"about":[{"href":"https:\/\/lucacastelli.com\/fr\/wp-json\/wp\/v2\/types\/product"}],"wp:featuredmedia":[{"embeddable":true,"href":"https:\/\/lucacastelli.com\/fr\/wp-json\/wp\/v2\/media\/741257"}],"wp:attachment":[{"href":"https:\/\/lucacastelli.com\/fr\/wp-json\/wp\/v2\/media?parent=743529"}],"wp:term":[{"taxonomy":"product_brand","embeddable":true,"href":"https:\/\/lucacastelli.com\/fr\/wp-json\/wp\/v2\/product_brand?post=743529"},{"taxonomy":"product_cat","embeddable":true,"href":"https:\/\/lucacastelli.com\/fr\/wp-json\/wp\/v2\/product_cat?post=743529"},{"taxonomy":"product_tag","embeddable":true,"href":"https:\/\/lucacastelli.com\/fr\/wp-json\/wp\/v2\/product_tag?post=743529"}],"curies":[{"name":"wp","href":"https:\/\/api.w.org\/{rel}","templated":true}]}}