{"id":743484,"date":"2026-02-22T17:28:28","date_gmt":"2026-02-22T16:28:28","guid":{"rendered":"https:\/\/lucacastelli.com\/prodotto\/milwaukee-module-souple-4\/"},"modified":"2026-02-22T17:28:28","modified_gmt":"2026-02-22T16:28:28","slug":"milwaukee-module-souple-4","status":"publish","type":"product","link":"https:\/\/lucacastelli.com\/fr\/produit\/milwaukee-module-souple-4\/","title":{"rendered":"MILWAUKEE Module souple"},"content":{"rendered":"<p>SET D\u2019EMBOUTS, DOUILLES ET CLIQUETS 1\/4\u2033 ET 3\/8\u2033 MODULE MOUSSE<br \/>\nJeu d\u2019embouts, douilles et cliquets 1\/4\u2033 et 3\/8\u2033 en module mousse<\/p>\n<p>Douilles hexagonales 1\/4 pouce : standard 5-14 mm, longues 5-14 mm, embouts Hex 1\/4 pouce : 2,5-6 mm, embouts Torx 1\/4 pouce : T8-T27, cliquet 1\/4 pouce standard et compact, poign\u00e9e porte-douille carr\u00e9 1\/4 pouce, rallonges 1\/4 pouce : 76 mm, 152 mm, cardan universel 1\/4 pouce, adaptateurs : 1\/4 pouce F x 3\/8 pouce M, 3\/8 pouce F x 1\/2 pouce M, 1\/2 pouce F x 3\/8 pouce M, 3\/8 pouce F x 1\/4 pouce M, Shockwave 1\/4 pouce hexagonal &#8211; 1\/4 pouce carr\u00e9, Shockwave 1\/4 pouce hexagonal &#8211; 3\/8 pouce carr\u00e9, Shockwave 1\/4 pouce hexagonal &#8211; 1\/2 pouce carr\u00e9, Shockwave 3\/8 pouce hexagonal &#8211; 1\/4 pouce carr\u00e9, douilles porte-embouts 1\/4 pouce et 3\/8 pouce, douilles hexagonales 3\/8 pouce : standard 8-22 mm, longues 8-22 mm, embouts Hex 3\/8 pouce : 7-13 mm, embouts Torx 3\/8 pouce : T27-T55, douilles pour bougies d\u2019allumage 3\/8 pouce : 14-20,8, rallonges oscillantes 3\/8 pouce : 76 mm, 152 mm, 254 mm, 305 mm, jeu de 9 cl\u00e9s m\u00e2les en L Torx, jeu de 9 cl\u00e9s m\u00e2les en L hexagonales, coffret d\u2019embouts Shockwave pour visseuse \u00e0 chocs 32 pcs<br \/>\n4058546620585  <\/p>\n","protected":false},"excerpt":{"rendered":"<p>SET D\u2019EMBOUTS, DOUILLES ET CLIQUETS 1\/4\u2033 ET 3\/8\u2033 MODULE MOUSSE Jeu d\u2019embouts, douilles et cliquets 1\/4\u2033 et 3\/8\u2033 en module<\/p>\n","protected":false},"featured_media":741233,"template":"","meta":{"_seopress_robots_primary_cat":"","_seopress_titles_title":"","_seopress_titles_desc":"","_seopress_robots_index":""},"product_brand":[3658],"product_cat":[144,5417],"product_tag":[6838],"class_list":{"0":"post-743484","1":"product","2":"type-product","3":"status-publish","4":"has-post-thumbnail","6":"product_brand-milwaukee-fr","7":"product_cat-equipement","8":"product_cat-outils-pour-atelier","9":"product_tag-imp-26-mw_new","10":"sws-gruppo-macchinari-fr","11":"sws-conto-ricavi-merci-rivendita-macchinari-fr","12":"sws-gruppo-iva-iva81-fr","14":"first","15":"instock","16":"sale","17":"shipping-taxable","18":"purchasable","19":"product-type-simple"},"_links":{"self":[{"href":"https:\/\/lucacastelli.com\/fr\/wp-json\/wp\/v2\/product\/743484","targetHints":{"allow":["GET"]}}],"collection":[{"href":"https:\/\/lucacastelli.com\/fr\/wp-json\/wp\/v2\/product"}],"about":[{"href":"https:\/\/lucacastelli.com\/fr\/wp-json\/wp\/v2\/types\/product"}],"wp:featuredmedia":[{"embeddable":true,"href":"https:\/\/lucacastelli.com\/fr\/wp-json\/wp\/v2\/media\/741233"}],"wp:attachment":[{"href":"https:\/\/lucacastelli.com\/fr\/wp-json\/wp\/v2\/media?parent=743484"}],"wp:term":[{"taxonomy":"product_brand","embeddable":true,"href":"https:\/\/lucacastelli.com\/fr\/wp-json\/wp\/v2\/product_brand?post=743484"},{"taxonomy":"product_cat","embeddable":true,"href":"https:\/\/lucacastelli.com\/fr\/wp-json\/wp\/v2\/product_cat?post=743484"},{"taxonomy":"product_tag","embeddable":true,"href":"https:\/\/lucacastelli.com\/fr\/wp-json\/wp\/v2\/product_tag?post=743484"}],"curies":[{"name":"wp","href":"https:\/\/api.w.org\/{rel}","templated":true}]}}