{"id":743463,"date":"2026-02-22T17:28:13","date_gmt":"2026-02-22T16:28:13","guid":{"rendered":"https:\/\/lucacastelli.com\/prodotto\/milwaukee-chariot-porte-outils-3\/"},"modified":"2026-02-22T17:28:13","modified_gmt":"2026-02-22T16:28:13","slug":"milwaukee-chariot-porte-outils-3","status":"publish","type":"product","link":"https:\/\/lucacastelli.com\/fr\/produit\/milwaukee-chariot-porte-outils-3\/","title":{"rendered":"MILWAUKEE Chariot porte-outils"},"content":{"rendered":"<p>337 pi\u00e8ces 69 cm RANGEMENT EN ACIER REMPLI<\/p>\n<p>SRC27\/7-1, ensemble de tournevis et pieds-de-biche 38 pi\u00e8ces \u2013 insert mousse, ensemble de cl\u00e9s \u00e0 cliquet, douilles et embouts 153 pi\u00e8ces 1\/4 de pouce et 3\/8 de pouce \u2013 insert mousse, ensemble de cl\u00e9s \u00e0 cliquet et douilles 60 pi\u00e8ces 1\/2 pouce \u2013 insert mousse, ensemble de cl\u00e9s mixtes 36 pi\u00e8ces \u2013 insert mousse, ensemble de cl\u00e9s, lampes, outils de coupe et de mesure 36 pi\u00e8ces \u2013 insert mousse, ensemble de pinces et marteaux 14 pi\u00e8ces \u2013 insert mousse<br \/>\n4058546620561<\/p>\n","protected":false},"excerpt":{"rendered":"<p>337 pi\u00e8ces 69 cm RANGEMENT EN ACIER REMPLI SRC27\/7-1, ensemble de tournevis et pieds-de-biche 38 pi\u00e8ces \u2013 insert mousse, ensemble<\/p>\n","protected":false},"featured_media":741228,"template":"","meta":{"_seopress_robots_primary_cat":"","_seopress_titles_title":"","_seopress_titles_desc":"","_seopress_robots_index":""},"product_brand":[3658],"product_cat":[144,5417],"product_tag":[6838],"class_list":{"0":"post-743463","1":"product","2":"type-product","3":"status-publish","4":"has-post-thumbnail","6":"product_brand-milwaukee-fr","7":"product_cat-equipement","8":"product_cat-outils-pour-atelier","9":"product_tag-imp-26-mw_new","10":"sws-gruppo-macchinari-fr","11":"sws-conto-ricavi-merci-rivendita-macchinari-fr","12":"sws-gruppo-iva-iva81-fr","14":"first","15":"instock","16":"sale","17":"shipping-taxable","18":"purchasable","19":"product-type-simple"},"_links":{"self":[{"href":"https:\/\/lucacastelli.com\/fr\/wp-json\/wp\/v2\/product\/743463","targetHints":{"allow":["GET"]}}],"collection":[{"href":"https:\/\/lucacastelli.com\/fr\/wp-json\/wp\/v2\/product"}],"about":[{"href":"https:\/\/lucacastelli.com\/fr\/wp-json\/wp\/v2\/types\/product"}],"wp:featuredmedia":[{"embeddable":true,"href":"https:\/\/lucacastelli.com\/fr\/wp-json\/wp\/v2\/media\/741228"}],"wp:attachment":[{"href":"https:\/\/lucacastelli.com\/fr\/wp-json\/wp\/v2\/media?parent=743463"}],"wp:term":[{"taxonomy":"product_brand","embeddable":true,"href":"https:\/\/lucacastelli.com\/fr\/wp-json\/wp\/v2\/product_brand?post=743463"},{"taxonomy":"product_cat","embeddable":true,"href":"https:\/\/lucacastelli.com\/fr\/wp-json\/wp\/v2\/product_cat?post=743463"},{"taxonomy":"product_tag","embeddable":true,"href":"https:\/\/lucacastelli.com\/fr\/wp-json\/wp\/v2\/product_tag?post=743463"}],"curies":[{"name":"wp","href":"https:\/\/api.w.org\/{rel}","templated":true}]}}