{"id":743439,"date":"2026-02-22T17:28:49","date_gmt":"2026-02-22T16:28:49","guid":{"rendered":"https:\/\/lucacastelli.com\/prodotto\/milwaukee-module-souple-2\/"},"modified":"2026-02-22T17:28:49","modified_gmt":"2026-02-22T16:28:49","slug":"milwaukee-module-souple-2","status":"publish","type":"product","link":"https:\/\/lucacastelli.com\/fr\/produit\/milwaukee-module-souple-2\/","title":{"rendered":"MILWAUKEE Module souple"},"content":{"rendered":"<p>SET COUPE, MESURE, LUMI\u00c8RES CL\u00c9S MOD SOUPLE<br \/>\nSet Mesure, Coupe, Lumi\u00e8res et Cl\u00e9s en module souple<\/p>\n<p>Cl\u00e9 mixte \u00e0 cliquet MAXBITE\u2122 avec t\u00eate flexible 8\u201319 mm, cl\u00e9 mixte \u00e0 cliquet MAXBITE\u2122 8\u201319 mm, set de marqueurs, pointe fine \u2013 4 pi\u00e8ces, cl\u00e9 \u00e0 douille 8 x 10, 10 x 11, 12 x 14, 17 x 19, 19 x 22 mm, lampe torche rechargeable par USB 550 L, L4SL550-301, lampe de cou rechargeable par USB L4NL400-301, m\u00e8tre ruban magn\u00e9tique 5 m \/ 27 mm, cutter 18 mm, ciseaux d&#8217;\u00e9lectricien<br \/>\n4058546620615<\/p>\n","protected":false},"excerpt":{"rendered":"<p>SET COUPE, MESURE, LUMI\u00c8RES CL\u00c9S MOD SOUPLE Set Mesure, Coupe, Lumi\u00e8res et Cl\u00e9s en module souple Cl\u00e9 mixte \u00e0 cliquet<\/p>\n","protected":false},"featured_media":741239,"template":"","meta":{"_seopress_robots_primary_cat":"","_seopress_titles_title":"","_seopress_titles_desc":"","_seopress_robots_index":""},"product_brand":[3658],"product_cat":[144,5417],"product_tag":[6838],"class_list":{"0":"post-743439","1":"product","2":"type-product","3":"status-publish","4":"has-post-thumbnail","6":"product_brand-milwaukee-fr","7":"product_cat-equipement","8":"product_cat-outils-pour-atelier","9":"product_tag-imp-26-mw_new","10":"sws-gruppo-macchinari-fr","11":"sws-conto-ricavi-merci-rivendita-macchinari-fr","12":"sws-gruppo-iva-iva81-fr","14":"first","15":"instock","16":"sale","17":"shipping-taxable","18":"purchasable","19":"product-type-simple"},"_links":{"self":[{"href":"https:\/\/lucacastelli.com\/fr\/wp-json\/wp\/v2\/product\/743439","targetHints":{"allow":["GET"]}}],"collection":[{"href":"https:\/\/lucacastelli.com\/fr\/wp-json\/wp\/v2\/product"}],"about":[{"href":"https:\/\/lucacastelli.com\/fr\/wp-json\/wp\/v2\/types\/product"}],"wp:featuredmedia":[{"embeddable":true,"href":"https:\/\/lucacastelli.com\/fr\/wp-json\/wp\/v2\/media\/741239"}],"wp:attachment":[{"href":"https:\/\/lucacastelli.com\/fr\/wp-json\/wp\/v2\/media?parent=743439"}],"wp:term":[{"taxonomy":"product_brand","embeddable":true,"href":"https:\/\/lucacastelli.com\/fr\/wp-json\/wp\/v2\/product_brand?post=743439"},{"taxonomy":"product_cat","embeddable":true,"href":"https:\/\/lucacastelli.com\/fr\/wp-json\/wp\/v2\/product_cat?post=743439"},{"taxonomy":"product_tag","embeddable":true,"href":"https:\/\/lucacastelli.com\/fr\/wp-json\/wp\/v2\/product_tag?post=743439"}],"curies":[{"name":"wp","href":"https:\/\/api.w.org\/{rel}","templated":true}]}}