{"id":743405,"date":"2026-02-22T17:28:35","date_gmt":"2026-02-22T16:28:35","guid":{"rendered":"https:\/\/lucacastelli.com\/prodotto\/milwaukee-module-souple\/"},"modified":"2026-02-22T17:28:35","modified_gmt":"2026-02-22T16:28:35","slug":"milwaukee-module-souple","status":"publish","type":"product","link":"https:\/\/lucacastelli.com\/fr\/produit\/milwaukee-module-souple\/","title":{"rendered":"MILWAUKEE Module souple"},"content":{"rendered":"<p>SET CLIQUET ET DOUILLES 1\/2&#8243; MOD SOUPLE<br \/>\nSet cliquet et douilles \u00e0 choc 1\/2&#8243; en module souple<\/p>\n<p>Cliquet 1\/2 pouce, rallonges 1\/2 pouce : 127 mm, 254 mm, joint de cardan 1\/2 pouce, douilles hexagonales 1\/2 pouce : standard 10-32 mm, longues 10-36 mm, avec embouts hexagonaux 5-19 mm, avec embouts Torx T20-T60, douilles \u00e0 choc 17-22, adaptateur pour douilles \u00e0 choc de 1\/2 pouce \u00e0 3\/4 pouce et de 1\/2 pouce \u00e0 3\/8 pouce, joint universel \u00e0 choc 1\/2 pouce, rallonge pour douilles \u00e0 choc 1\/2 pouce : 150 mm, carr\u00e9 m\u00e2le articul\u00e9 1\/2 pouce<br \/>\n4058546620592<\/p>\n","protected":false},"excerpt":{"rendered":"<p>SET CLIQUET ET DOUILLES 1\/2&#8243; MOD SOUPLE Set cliquet et douilles \u00e0 choc 1\/2&#8243; en module souple Cliquet 1\/2 pouce,<\/p>\n","protected":false},"featured_media":741235,"template":"","meta":{"_seopress_robots_primary_cat":"","_seopress_titles_title":"","_seopress_titles_desc":"","_seopress_robots_index":""},"product_brand":[3658],"product_cat":[144,5417],"product_tag":[6838],"class_list":{"0":"post-743405","1":"product","2":"type-product","3":"status-publish","4":"has-post-thumbnail","6":"product_brand-milwaukee-fr","7":"product_cat-equipement","8":"product_cat-outils-pour-atelier","9":"product_tag-imp-26-mw_new","10":"sws-gruppo-macchinari-fr","11":"sws-conto-ricavi-merci-rivendita-macchinari-fr","12":"sws-gruppo-iva-iva81-fr","14":"first","15":"instock","16":"sale","17":"shipping-taxable","18":"purchasable","19":"product-type-simple"},"_links":{"self":[{"href":"https:\/\/lucacastelli.com\/fr\/wp-json\/wp\/v2\/product\/743405","targetHints":{"allow":["GET"]}}],"collection":[{"href":"https:\/\/lucacastelli.com\/fr\/wp-json\/wp\/v2\/product"}],"about":[{"href":"https:\/\/lucacastelli.com\/fr\/wp-json\/wp\/v2\/types\/product"}],"wp:featuredmedia":[{"embeddable":true,"href":"https:\/\/lucacastelli.com\/fr\/wp-json\/wp\/v2\/media\/741235"}],"wp:attachment":[{"href":"https:\/\/lucacastelli.com\/fr\/wp-json\/wp\/v2\/media?parent=743405"}],"wp:term":[{"taxonomy":"product_brand","embeddable":true,"href":"https:\/\/lucacastelli.com\/fr\/wp-json\/wp\/v2\/product_brand?post=743405"},{"taxonomy":"product_cat","embeddable":true,"href":"https:\/\/lucacastelli.com\/fr\/wp-json\/wp\/v2\/product_cat?post=743405"},{"taxonomy":"product_tag","embeddable":true,"href":"https:\/\/lucacastelli.com\/fr\/wp-json\/wp\/v2\/product_tag?post=743405"}],"curies":[{"name":"wp","href":"https:\/\/api.w.org\/{rel}","templated":true}]}}