{"id":743396,"date":"2026-02-22T17:29:41","date_gmt":"2026-02-22T16:29:41","guid":{"rendered":"https:\/\/lucacastelli.com\/prodotto\/milwaukee-chariot-porte-outils\/"},"modified":"2026-02-22T17:29:41","modified_gmt":"2026-02-22T16:29:41","slug":"milwaukee-chariot-porte-outils","status":"publish","type":"product","link":"https:\/\/lucacastelli.com\/fr\/produit\/milwaukee-chariot-porte-outils\/","title":{"rendered":"MILWAUKEE Chariot porte-outils"},"content":{"rendered":"<p>FILLED TOOLGUARD 27&#8243;\/69 UNIVERSAL 131PC<br \/>\nNE PAS AFFICHER<\/p>\n<p>Set de 28 pi\u00e8ces avec cl\u00e9 \u00e0 cliquet \u00bc de pouce et douilles \u00e0 cliquet \u00bc de pouce, douilles standard de 5 \u00e0 15 mm, douilles longues de 5 \u00e0 15 mm, rallonges de 76 mm et 152 mm, joint universel, set de 32 pi\u00e8ces avec cl\u00e9 \u00e0 cliquet et douilles 3\u20448 de pouce avec cliquet 3\u20448 de pouce, douilles standard de 6 \u00e0 19 mm, douilles longues de 6 \u00e0 19 mm, rallonges de 76 mm et 152 mm, joint universel, set de 28 douilles et cl\u00e9 \u00e0 cliquet \u00bd pouce avec cliquet \u00bd pouce, douilles standard de 10 \u2013 24 mm, douilles longues de 10 \u2013 19 mm, rallonges de 76 mm et 152 mm, joint universel. Set de 15 cl\u00e9s mixtes MAXBITE\u2122 avec cl\u00e9 mixte de 8 \u00e0 22 mm, set de 6 tournevis Tri-Lobe avec tournevis de TX10 \u00e0 TX40, set de 7 tournevis Tri-Lobe avec tournevis de SL 0.5 \u00e0 1.2, PH0 \u2013 PH2. TIROIR 3 : insert universel de 15 pi\u00e8ces avec set de cl\u00e9s Allen m\u00e9triques, pince coupante 160 mm, pince universelle 165 mm, pince multiprise 250 mm, marteau de forgeron en noyer am\u00e9ricain 500 g, scie \u00e0 main, m\u00e8tre ruban magn\u00e9tique 5 m \/ 16 ft<br \/>\n4058546624552  <\/p>\n","protected":false},"excerpt":{"rendered":"<p>FILLED TOOLGUARD 27&#8243;\/69 UNIVERSAL 131PC NE PAS AFFICHER Set de 28 pi\u00e8ces avec cl\u00e9 \u00e0 cliquet \u00bc de pouce et<\/p>\n","protected":false},"featured_media":741255,"template":"","meta":{"_seopress_robots_primary_cat":"","_seopress_titles_title":"","_seopress_titles_desc":"","_seopress_robots_index":""},"product_brand":[3658],"product_cat":[144,5417],"product_tag":[6838],"class_list":{"0":"post-743396","1":"product","2":"type-product","3":"status-publish","4":"has-post-thumbnail","6":"product_brand-milwaukee-fr","7":"product_cat-equipement","8":"product_cat-outils-pour-atelier","9":"product_tag-imp-26-mw_new","10":"sws-gruppo-macchinari-fr","11":"sws-conto-ricavi-merci-rivendita-macchinari-fr","12":"sws-gruppo-iva-iva81-fr","14":"first","15":"instock","16":"sale","17":"shipping-taxable","18":"purchasable","19":"product-type-simple"},"_links":{"self":[{"href":"https:\/\/lucacastelli.com\/fr\/wp-json\/wp\/v2\/product\/743396","targetHints":{"allow":["GET"]}}],"collection":[{"href":"https:\/\/lucacastelli.com\/fr\/wp-json\/wp\/v2\/product"}],"about":[{"href":"https:\/\/lucacastelli.com\/fr\/wp-json\/wp\/v2\/types\/product"}],"wp:featuredmedia":[{"embeddable":true,"href":"https:\/\/lucacastelli.com\/fr\/wp-json\/wp\/v2\/media\/741255"}],"wp:attachment":[{"href":"https:\/\/lucacastelli.com\/fr\/wp-json\/wp\/v2\/media?parent=743396"}],"wp:term":[{"taxonomy":"product_brand","embeddable":true,"href":"https:\/\/lucacastelli.com\/fr\/wp-json\/wp\/v2\/product_brand?post=743396"},{"taxonomy":"product_cat","embeddable":true,"href":"https:\/\/lucacastelli.com\/fr\/wp-json\/wp\/v2\/product_cat?post=743396"},{"taxonomy":"product_tag","embeddable":true,"href":"https:\/\/lucacastelli.com\/fr\/wp-json\/wp\/v2\/product_tag?post=743396"}],"curies":[{"name":"wp","href":"https:\/\/api.w.org\/{rel}","templated":true}]}}