{"id":743146,"date":"2026-02-22T17:47:32","date_gmt":"2026-02-22T16:47:32","guid":{"rendered":"https:\/\/lucacastelli.com\/prodotto\/milwaukee-set-de-forets-metal-hss-g-6\/"},"modified":"2026-02-22T17:47:32","modified_gmt":"2026-02-22T16:47:32","slug":"milwaukee-set-de-forets-metal-hss-g-6","status":"publish","type":"product","link":"https:\/\/lucacastelli.com\/fr\/produit\/milwaukee-set-de-forets-metal-hss-g-6\/","title":{"rendered":"MILWAUKEE Set de forets m\u00e9tal HSS-G"},"content":{"rendered":"<p>COFFRET DE FORETS HSS-G CO 19 Pcs<br \/>\nCoffrets de forets pour m\u00e9tal forg\u00e9s en HSS-G COBALT &#8211; DIN 338<\/p>\n<p>Diam\u00e8tre : 1 \/ 1,5 \/ 2 \/ 2,5 \/ 3 \/ 3,5 \/ 4 \/ 4,5 \/ 5 \/ 5,5 \/ 6 \/ 6,5 \/ 7 \/ 7,5 \/ 8 \/ 8,5 \/ 9 \/ 9,5 \/ 10 mm<br \/>\n4058546569280<\/p>\n","protected":false},"excerpt":{"rendered":"<p>COFFRET DE FORETS HSS-G CO 19 Pcs Coffrets de forets pour m\u00e9tal forg\u00e9s en HSS-G COBALT &#8211; DIN 338 Diam\u00e8tre<\/p>\n","protected":false},"featured_media":741397,"template":"","meta":{"_seopress_robots_primary_cat":"","_seopress_titles_title":"","_seopress_titles_desc":"","_seopress_robots_index":""},"product_brand":[3407],"product_cat":[5531,29,549,550],"product_tag":[6832],"class_list":{"0":"post-743146","1":"product","2":"type-product","3":"status-publish","4":"has-post-thumbnail","6":"product_brand-milwaukee","7":"product_cat-vari-macchinari-milwaukee","8":"product_cat-macchinari","9":"product_cat-trapani-e-avvitatori","10":"product_cat-accessori-per-trapani-ed-avvitatori","11":"product_tag-imp-26-mw_new","12":"sws-gruppo-macchinari-fr","13":"sws-conto-ricavi-merci-rivendita-macchinari-fr","14":"sws-gruppo-iva-iva81-fr","16":"first","17":"instock","18":"shipping-taxable","19":"purchasable","20":"product-type-simple"},"_links":{"self":[{"href":"https:\/\/lucacastelli.com\/fr\/wp-json\/wp\/v2\/product\/743146","targetHints":{"allow":["GET"]}}],"collection":[{"href":"https:\/\/lucacastelli.com\/fr\/wp-json\/wp\/v2\/product"}],"about":[{"href":"https:\/\/lucacastelli.com\/fr\/wp-json\/wp\/v2\/types\/product"}],"wp:featuredmedia":[{"embeddable":true,"href":"https:\/\/lucacastelli.com\/fr\/wp-json\/wp\/v2\/media\/741397"}],"wp:attachment":[{"href":"https:\/\/lucacastelli.com\/fr\/wp-json\/wp\/v2\/media?parent=743146"}],"wp:term":[{"taxonomy":"product_brand","embeddable":true,"href":"https:\/\/lucacastelli.com\/fr\/wp-json\/wp\/v2\/product_brand?post=743146"},{"taxonomy":"product_cat","embeddable":true,"href":"https:\/\/lucacastelli.com\/fr\/wp-json\/wp\/v2\/product_cat?post=743146"},{"taxonomy":"product_tag","embeddable":true,"href":"https:\/\/lucacastelli.com\/fr\/wp-json\/wp\/v2\/product_tag?post=743146"}],"curies":[{"name":"wp","href":"https:\/\/api.w.org\/{rel}","templated":true}]}}