{"id":743067,"date":"2026-02-22T17:46:46","date_gmt":"2026-02-22T16:46:46","guid":{"rendered":"https:\/\/lucacastelli.com\/prodotto\/milwaukee-chaine\/"},"modified":"2026-02-24T14:07:12","modified_gmt":"2026-02-24T13:07:12","slug":"milwaukee-chaine","status":"publish","type":"product","link":"https:\/\/lucacastelli.com\/fr\/produit\/milwaukee-chaine\/","title":{"rendered":"MILWAUKEE Cha\u00eene"},"content":{"rendered":"<p>CHA\u00ceNE 40 cm\/16\u02dd pour M18 F2CHS50<br \/>\nCha\u00eenes pour tron\u00e7onneuses \u00e9lectriques<\/p>\n<p>4058546618797<\/p>\n","protected":false},"excerpt":{"rendered":"<p>CHA\u00ceNE 40 cm\/16\u02dd pour M18 F2CHS50 Cha\u00eenes pour tron\u00e7onneuses \u00e9lectriques 4058546618797<\/p>\n","protected":false},"featured_media":743068,"template":"","meta":{"_seopress_robots_primary_cat":"","_seopress_titles_title":"","_seopress_titles_desc":"","_seopress_robots_index":""},"product_brand":[3658],"product_cat":[1607,167,1604,1606],"product_tag":[6838],"class_list":{"0":"post-743067","1":"product","2":"type-product","3":"status-publish","4":"has-post-thumbnail","6":"product_brand-milwaukee-fr","7":"product_cat-chaines-et-enrouleurs","8":"product_cat-machines","9":"product_cat-tronconneuses","10":"product_cat-tronconneuses-a-batterie","11":"product_tag-imp-26-mw_new","12":"sws-gruppo-macchinari-fr","13":"sws-conto-ricavi-merci-rivendita-macchinari-fr","14":"sws-gruppo-iva-iva81-fr","16":"first","17":"instock","18":"sale","19":"shipping-taxable","20":"purchasable","21":"product-type-simple"},"_links":{"self":[{"href":"https:\/\/lucacastelli.com\/fr\/wp-json\/wp\/v2\/product\/743067","targetHints":{"allow":["GET"]}}],"collection":[{"href":"https:\/\/lucacastelli.com\/fr\/wp-json\/wp\/v2\/product"}],"about":[{"href":"https:\/\/lucacastelli.com\/fr\/wp-json\/wp\/v2\/types\/product"}],"wp:featuredmedia":[{"embeddable":true,"href":"https:\/\/lucacastelli.com\/fr\/wp-json\/wp\/v2\/media\/743068"}],"wp:attachment":[{"href":"https:\/\/lucacastelli.com\/fr\/wp-json\/wp\/v2\/media?parent=743067"}],"wp:term":[{"taxonomy":"product_brand","embeddable":true,"href":"https:\/\/lucacastelli.com\/fr\/wp-json\/wp\/v2\/product_brand?post=743067"},{"taxonomy":"product_cat","embeddable":true,"href":"https:\/\/lucacastelli.com\/fr\/wp-json\/wp\/v2\/product_cat?post=743067"},{"taxonomy":"product_tag","embeddable":true,"href":"https:\/\/lucacastelli.com\/fr\/wp-json\/wp\/v2\/product_tag?post=743067"}],"curies":[{"name":"wp","href":"https:\/\/api.w.org\/{rel}","templated":true}]}}