{"id":743055,"date":"2026-02-22T17:47:13","date_gmt":"2026-02-22T16:47:13","guid":{"rendered":"https:\/\/lucacastelli.com\/prodotto\/milwaukee-foret-a-beton\/"},"modified":"2026-02-22T17:47:13","modified_gmt":"2026-02-22T16:47:13","slug":"milwaukee-foret-a-beton","status":"publish","type":"product","link":"https:\/\/lucacastelli.com\/fr\/produit\/milwaukee-foret-a-beton\/","title":{"rendered":"MILWAUKEE Foret \u00e0 b\u00e9ton"},"content":{"rendered":"<p>FORET \u00c0 B\u00c9TON PREMIUM 25X300 MM<br \/>\nForets \u00e0 b\u00e9ton &#8211; s\u00e9rie premium<\/p>\n<p>4058546639617<\/p>\n","protected":false},"excerpt":{"rendered":"<p>FORET \u00c0 B\u00c9TON PREMIUM 25X300 MM Forets \u00e0 b\u00e9ton &#8211; s\u00e9rie premium 4058546639617<\/p>\n","protected":false},"featured_media":741391,"template":"","meta":{"_seopress_robots_primary_cat":"","_seopress_titles_title":"","_seopress_titles_desc":"","_seopress_robots_index":""},"product_brand":[3407],"product_cat":[5531,29,549,550],"product_tag":[6832],"class_list":{"0":"post-743055","1":"product","2":"type-product","3":"status-publish","4":"has-post-thumbnail","6":"product_brand-milwaukee","7":"product_cat-vari-macchinari-milwaukee","8":"product_cat-macchinari","9":"product_cat-trapani-e-avvitatori","10":"product_cat-accessori-per-trapani-ed-avvitatori","11":"product_tag-imp-26-mw_new","12":"sws-gruppo-macchinari-fr","13":"sws-conto-ricavi-merci-rivendita-macchinari-fr","14":"sws-gruppo-iva-iva81-fr","16":"first","17":"instock","18":"shipping-taxable","19":"purchasable","20":"product-type-simple"},"_links":{"self":[{"href":"https:\/\/lucacastelli.com\/fr\/wp-json\/wp\/v2\/product\/743055","targetHints":{"allow":["GET"]}}],"collection":[{"href":"https:\/\/lucacastelli.com\/fr\/wp-json\/wp\/v2\/product"}],"about":[{"href":"https:\/\/lucacastelli.com\/fr\/wp-json\/wp\/v2\/types\/product"}],"wp:featuredmedia":[{"embeddable":true,"href":"https:\/\/lucacastelli.com\/fr\/wp-json\/wp\/v2\/media\/741391"}],"wp:attachment":[{"href":"https:\/\/lucacastelli.com\/fr\/wp-json\/wp\/v2\/media?parent=743055"}],"wp:term":[{"taxonomy":"product_brand","embeddable":true,"href":"https:\/\/lucacastelli.com\/fr\/wp-json\/wp\/v2\/product_brand?post=743055"},{"taxonomy":"product_cat","embeddable":true,"href":"https:\/\/lucacastelli.com\/fr\/wp-json\/wp\/v2\/product_cat?post=743055"},{"taxonomy":"product_tag","embeddable":true,"href":"https:\/\/lucacastelli.com\/fr\/wp-json\/wp\/v2\/product_tag?post=743055"}],"curies":[{"name":"wp","href":"https:\/\/api.w.org\/{rel}","templated":true}]}}