{"id":742913,"date":"2026-02-22T17:48:04","date_gmt":"2026-02-22T16:48:04","guid":{"rendered":"https:\/\/lucacastelli.com\/prodotto\/milwaukee-ensemble-coupe-etain-et-foret-a-fer-2\/"},"modified":"2026-02-23T05:38:03","modified_gmt":"2026-02-23T04:38:03","slug":"milwaukee-ensemble-coupe-etain-et-foret-a-fer-2","status":"publish","type":"product","link":"https:\/\/lucacastelli.com\/fr\/produit\/milwaukee-ensemble-coupe-etain-et-foret-a-fer-2\/","title":{"rendered":"MILWAUKEE Ensemble coupe-\u00e9tain et foret \u00e0 fer"},"content":{"rendered":"<p>SET FRAISES \u00c9TAG\u00c9ES 1&#215;4-12\/1,1&#215;4-20\/2mm+f m\u00e9t<\/p>\n<p>2 forets \u00e9tag\u00e9s : 4 &#8211; 12 mm par incr\u00e9ments de 1 mm, 4 &#8211; 20 mm par incr\u00e9ments de 2 mm. 8 forets pour m\u00e9tal THUNDERWEB HSS-G : 2 de diam\u00e8tre 2,0 mm, 2 de diam\u00e8tre 3,0 mm, 2 de diam\u00e8tre 4,0 mm, 1 de diam\u00e8tre 5,0 mm, 1 de diam\u00e8tre 6,0 mm<br \/>\n4058546624217<\/p>\n","protected":false},"excerpt":{"rendered":"<p>SET FRAISES \u00c9TAG\u00c9ES 1&#215;4-12\/1,1&#215;4-20\/2mm+f m\u00e9t 2 forets \u00e9tag\u00e9s : 4 &#8211; 12 mm par incr\u00e9ments de 1 mm, 4 &#8211;<\/p>\n","protected":false},"featured_media":741407,"template":"","meta":{"_seopress_robots_primary_cat":"","_seopress_titles_title":"","_seopress_titles_desc":"","_seopress_robots_index":""},"product_brand":[3658],"product_cat":[1555,5532,167,1552],"product_tag":[6838],"class_list":{"0":"post-742913","1":"product","2":"type-product","3":"status-publish","4":"has-post-thumbnail","6":"product_brand-milwaukee-fr","7":"product_cat-accessoires-pour-perceuses-et-tournevis","8":"product_cat-diverses-machines-milwaukee","9":"product_cat-machines","10":"product_cat-perceuses-et-tournevis","11":"product_tag-imp-26-mw_new","12":"sws-gruppo-macchinari-fr","13":"sws-conto-ricavi-merci-rivendita-macchinari-fr","14":"sws-gruppo-iva-iva81-fr","16":"first","17":"outofstock","18":"shipping-taxable","19":"purchasable","20":"product-type-simple"},"_links":{"self":[{"href":"https:\/\/lucacastelli.com\/fr\/wp-json\/wp\/v2\/product\/742913","targetHints":{"allow":["GET"]}}],"collection":[{"href":"https:\/\/lucacastelli.com\/fr\/wp-json\/wp\/v2\/product"}],"about":[{"href":"https:\/\/lucacastelli.com\/fr\/wp-json\/wp\/v2\/types\/product"}],"wp:featuredmedia":[{"embeddable":true,"href":"https:\/\/lucacastelli.com\/fr\/wp-json\/wp\/v2\/media\/741407"}],"wp:attachment":[{"href":"https:\/\/lucacastelli.com\/fr\/wp-json\/wp\/v2\/media?parent=742913"}],"wp:term":[{"taxonomy":"product_brand","embeddable":true,"href":"https:\/\/lucacastelli.com\/fr\/wp-json\/wp\/v2\/product_brand?post=742913"},{"taxonomy":"product_cat","embeddable":true,"href":"https:\/\/lucacastelli.com\/fr\/wp-json\/wp\/v2\/product_cat?post=742913"},{"taxonomy":"product_tag","embeddable":true,"href":"https:\/\/lucacastelli.com\/fr\/wp-json\/wp\/v2\/product_tag?post=742913"}],"curies":[{"name":"wp","href":"https:\/\/api.w.org\/{rel}","templated":true}]}}