{"id":730690,"date":"2026-02-16T10:29:49","date_gmt":"2026-02-16T09:29:49","guid":{"rendered":"https:\/\/lucacastelli.com\/prodotto\/stihl-disque-diamante-d-sb90-o-400-mm\/"},"modified":"2026-02-16T10:29:49","modified_gmt":"2026-02-16T09:29:49","slug":"stihl-disque-diamante-d-sb90-o-400-mm","status":"publish","type":"product","link":"https:\/\/lucacastelli.com\/fr\/produit\/stihl-disque-diamante-d-sb90-o-400-mm\/","title":{"rendered":"STIHL Disque diamant\u00e9 D-SB90 \u00d8 400 mm"},"content":{"rendered":"<p>Recommand\u00e9 \u00e9galement pour les travaux de d\u00e9blaiement et en cas de catastrophe. Disque de base en m\u00e9tal argent\u00e9. Disponible en diff\u00e9rentes versions : longue dur\u00e9e et coupe rapide sur pierres courantes et granit, \u00e9galement pour l&#8217;acier de construction jusqu&#8217;\u00e0 une \u00e9paisseur de 10 mm.  <\/p>\n","protected":false},"excerpt":{"rendered":"<p>Recommand\u00e9 \u00e9galement pour les travaux de d\u00e9blaiement et en cas de catastrophe. Disque de base en m\u00e9tal argent\u00e9. Disponible en<\/p>\n","protected":false},"featured_media":728398,"template":"","meta":{"_seopress_robots_primary_cat":"none","_seopress_titles_title":"","_seopress_titles_desc":"","_seopress_robots_index":""},"product_brand":[3555],"product_cat":[1688,1689,167,1686],"product_tag":[],"class_list":{"0":"post-730690","1":"product","2":"type-product","3":"status-publish","4":"has-post-thumbnail","6":"product_brand-stihl-fr","7":"product_cat-accessoires-et-consommables-fr-8","8":"product_cat-coupe-bordures-et-elagueurs","9":"product_cat-machines","10":"product_cat-tronconneuses-fr","11":"sws-gruppo-macchinari-fr","12":"sws-conto-ricavi-merci-rivendita-macchinari-fr","13":"sws-gruppo-iva-iva81-fr","15":"first","16":"instock","17":"sale","18":"shipping-taxable","19":"purchasable","20":"product-type-simple"},"_links":{"self":[{"href":"https:\/\/lucacastelli.com\/fr\/wp-json\/wp\/v2\/product\/730690","targetHints":{"allow":["GET"]}}],"collection":[{"href":"https:\/\/lucacastelli.com\/fr\/wp-json\/wp\/v2\/product"}],"about":[{"href":"https:\/\/lucacastelli.com\/fr\/wp-json\/wp\/v2\/types\/product"}],"wp:featuredmedia":[{"embeddable":true,"href":"https:\/\/lucacastelli.com\/fr\/wp-json\/wp\/v2\/media\/728398"}],"wp:attachment":[{"href":"https:\/\/lucacastelli.com\/fr\/wp-json\/wp\/v2\/media?parent=730690"}],"wp:term":[{"taxonomy":"product_brand","embeddable":true,"href":"https:\/\/lucacastelli.com\/fr\/wp-json\/wp\/v2\/product_brand?post=730690"},{"taxonomy":"product_cat","embeddable":true,"href":"https:\/\/lucacastelli.com\/fr\/wp-json\/wp\/v2\/product_cat?post=730690"},{"taxonomy":"product_tag","embeddable":true,"href":"https:\/\/lucacastelli.com\/fr\/wp-json\/wp\/v2\/product_tag?post=730690"}],"curies":[{"name":"wp","href":"https:\/\/api.w.org\/{rel}","templated":true}]}}