{"id":730686,"date":"2026-02-05T18:47:46","date_gmt":"2026-02-05T17:47:46","guid":{"rendered":"https:\/\/lucacastelli.com\/prodotto\/stihl-tsa-230-systeme-ap-tronconneuse-a-batterie\/"},"modified":"2026-02-05T18:47:46","modified_gmt":"2026-02-05T17:47:46","slug":"stihl-tsa-230-systeme-ap-tronconneuse-a-batterie","status":"publish","type":"product","link":"https:\/\/lucacastelli.com\/fr\/produit\/stihl-tsa-230-systeme-ap-tronconneuse-a-batterie\/","title":{"rendered":"STIHL TSA 230 &#8211; Syst\u00e8me AP Tron\u00e7onneuse \u00e0 batterie"},"content":{"rendered":"<p>Compacte, l\u00e9g\u00e8re et puissante pour de multiples applications professionnelles.<br \/>\nLa tron\u00e7onneuse \u00e0 batterie STIHL TSA 230, puissante et maniable, est id\u00e9ale pour les applications professionnelles dans l&#8217;am\u00e9nagement paysager, la construction routi\u00e8re, la construction de toitures et d&#8217;int\u00e9rieurs, ainsi que pour de multiples applications dans le b\u00e2timent et l&#8217;industrie. Gr\u00e2ce \u00e0 son \u00e9quilibre parfait, sa structure compacte, son poids r\u00e9duit et sa puissance \u00e9lev\u00e9e, vous pouvez effectuer des coupes courtes sur pierres de construction et de pavage, des travaux de d\u00e9coupe de mat\u00e9riaux de construction, des coupes d&#8217;armatures en acier et de profil\u00e9s m\u00e9talliques, ainsi que la d\u00e9coupe de m\u00e9taux et de mat\u00e9riaux composites, m\u00eame dans des espaces restreints et avec une grande pr\u00e9cision. <\/p>\n<p>Avec le disque de coupe de 230 mm de la tron\u00e7onneuse STIHL TSA 230, des profondeurs de coupe jusqu&#8217;\u00e0 70 mm sont possibles. La poign\u00e9e ergonomique de la STIHL TSA 230 vous permet une prise s\u00fbre et un guidage pr\u00e9cis pendant la coupe. Le puissant moteur EC sans balais fonctionne pratiquement sans usure. Son contr\u00f4le \u00e9lectronique adapte toujours de mani\u00e8re optimale la puissance et la vitesse au mat\u00e9riau \u00e0 couper.  <\/p>\n<p>Gr\u00e2ce \u00e0 son fonctionnement sans \u00e9missions, la tron\u00e7onneuse \u00e0 batterie TSA 230 peut \u00e9galement \u00eatre utilis\u00e9e \u00e0 l&#8217;int\u00e9rieur des b\u00e2timents, par exemple dans les salles. La poussi\u00e8re g\u00e9n\u00e9r\u00e9e est alors aspir\u00e9e directement dans un aspirateur eau et poussi\u00e8re connect\u00e9, par exemple STIHL SE 133 ME. <\/p>\n<p>Le changement du disque de coupe est tr\u00e8s simple : il suffit d&#8217;appuyer sur le blocage de l&#8217;arbre, de desserrer la vis de fixation avec une cl\u00e9, puis de la resserrer. Parmi les autres avantages figurent le frein d&#8217;arr\u00eat, qui ralentit le disque de coupe en quelques secondes, et la protection en magn\u00e9sium STIHL avec guidage d&#8217;eau int\u00e9gr\u00e9. <\/p>\n<p>Outre le disque de coupe en r\u00e9sine synth\u00e9tique STIHL K-ME fourni de s\u00e9rie, d&#8217;autres disques de coupe en r\u00e9sine synth\u00e9tique et diamant sont disponibles comme accessoires pour la STIHL TSA 230 pour de multiples applications.<\/p>\n<p>Dans notre aper\u00e7u des temps de fonctionnement et de charge de la batterie, vous pouvez voir combien de temps vous pouvez travailler avec votre tron\u00e7onneuse \u00e0 batterie STIHL TSA 230 et combien de temps la batterie met \u00e0 se recharger.<\/p>\n<p>Tous les appareils \u00e0 batterie du syst\u00e8me STIHL AP sont con\u00e7us pour un usage professionnel quotidien r\u00e9gulier, m\u00eame dans des conditions m\u00e9t\u00e9orologiques d\u00e9favorables. Ils disposent donc d&#8217;une protection contre les projections d&#8217;eau test\u00e9e. L&#8217;efficacit\u00e9 est d\u00e9montr\u00e9e par des tests internes rigoureux. Le test de projection d&#8217;eau se base notamment sur la norme IPX4. La STIHL TSA 230 convient \u00e9galement pour les travaux sous la pluie.    <\/p>\n<p>&nbsp;<\/p>\n<p>&nbsp;<\/p>\n<table data-test-id=\"pdp-spec-tech-table\">\n<tbody>\n<tr>\n<td>Tension nominale<\/td>\n<td>36 V<\/td>\n<\/tr>\n<tr>\n<td>Tension max<\/td>\n<td>40 V<\/td>\n<\/tr>\n<tr>\n<td>Puissance absorb\u00e9e<\/td>\n<td>2,10 kW<\/td>\n<\/tr>\n<tr>\n<td>Puissance<\/td>\n<td>1,60 kW<\/td>\n<\/tr>\n<tr>\n<td>Syst\u00e8me \u00e0 batterie<\/td>\n<td>AP<\/td>\n<\/tr>\n<tr>\n<td>Batterie recommand\u00e9e<\/td>\n<td>AP 300 S<\/td>\n<\/tr>\n<tr>\n<td>Poids de l&#8217;appareil sans batterie<\/td>\n<td>3,9 kg<\/td>\n<\/tr>\n<tr>\n<td>Diam\u00e8tre du disque de coupe<\/td>\n<td>230 mm<\/td>\n<\/tr>\n<tr>\n<td>Profondeur de coupe max<\/td>\n<td>70 mm<\/td>\n<\/tr>\n<tr>\n<td>Temps de fonctionnement minimum de la batterie AP 200 S<\/td>\n<td>9 min<\/td>\n<\/tr>\n<tr>\n<td>Temps de fonctionnement maximum de la batterie AP 200 S<\/td>\n<td>14 min<\/td>\n<\/tr>\n<tr>\n<td>Temps de fonctionnement minimum de la batterie AP 300 S<\/td>\n<td>15 min<\/td>\n<\/tr>\n<tr>\n<td>Temps de fonctionnement maximum de la batterie AP 300 S<\/td>\n<td>24 min<\/td>\n<\/tr>\n<tr>\n<td>Temps de fonctionnement maximum de la batterie AP 500 S<\/td>\n<td>26 min<\/td>\n<\/tr>\n<tr>\n<td>Longueur de l&#8217;appareil avec disque de coupe<\/td>\n<td>55 cm<\/td>\n<\/tr>\n<tr>\n<td>Niveau de pression acoustique<\/td>\n<td>104 dB(A)<\/td>\n<\/tr>\n<tr>\n<td>Niveau de puissance acoustique<\/td>\n<td>115 dB(A)<\/td>\n<\/tr>\n<tr>\n<td>Valeur vibratoire gauche<\/td>\n<td>4,3 m\/s\u00b2<\/td>\n<\/tr>\n<tr>\n<td>Valeur vibratoire droite<\/td>\n<td>2,4 m\/s\u00b2<\/td>\n<\/tr>\n<\/tbody>\n<\/table>\n","protected":false},"excerpt":{"rendered":"<p>Compacte, l\u00e9g\u00e8re et puissante pour de multiples applications professionnelles. La tron\u00e7onneuse \u00e0 batterie STIHL TSA 230, puissante et maniable, est<\/p>\n","protected":false},"featured_media":713627,"template":"","meta":{"_seopress_robots_primary_cat":"","_seopress_titles_title":"","_seopress_titles_desc":"","_seopress_robots_index":""},"product_brand":[3555],"product_cat":[167,1689,1686],"product_tag":[],"class_list":{"0":"post-730686","1":"product","2":"type-product","3":"status-publish","4":"has-post-thumbnail","6":"product_brand-stihl-fr","7":"product_cat-machines","8":"product_cat-coupe-bordures-et-elagueurs","9":"product_cat-tronconneuses-fr","10":"sws-gruppo-macchinari-fr","11":"sws-conto-ricavi-merci-rivendita-macchinari-fr","12":"sws-gruppo-iva-iva81-fr","14":"first","15":"instock","16":"shipping-taxable","17":"purchasable","18":"product-type-simple"},"_links":{"self":[{"href":"https:\/\/lucacastelli.com\/fr\/wp-json\/wp\/v2\/product\/730686","targetHints":{"allow":["GET"]}}],"collection":[{"href":"https:\/\/lucacastelli.com\/fr\/wp-json\/wp\/v2\/product"}],"about":[{"href":"https:\/\/lucacastelli.com\/fr\/wp-json\/wp\/v2\/types\/product"}],"wp:featuredmedia":[{"embeddable":true,"href":"https:\/\/lucacastelli.com\/fr\/wp-json\/wp\/v2\/media\/713627"}],"wp:attachment":[{"href":"https:\/\/lucacastelli.com\/fr\/wp-json\/wp\/v2\/media?parent=730686"}],"wp:term":[{"taxonomy":"product_brand","embeddable":true,"href":"https:\/\/lucacastelli.com\/fr\/wp-json\/wp\/v2\/product_brand?post=730686"},{"taxonomy":"product_cat","embeddable":true,"href":"https:\/\/lucacastelli.com\/fr\/wp-json\/wp\/v2\/product_cat?post=730686"},{"taxonomy":"product_tag","embeddable":true,"href":"https:\/\/lucacastelli.com\/fr\/wp-json\/wp\/v2\/product_tag?post=730686"}],"curies":[{"name":"wp","href":"https:\/\/api.w.org\/{rel}","templated":true}]}}