{"id":730600,"date":"2026-02-06T18:03:16","date_gmt":"2026-02-06T17:03:16","guid":{"rendered":"https:\/\/lucacastelli.com\/prodotto\/stihl-tsa-300-secours-ap-system-decoupeuse-a-batterie\/"},"modified":"2026-02-06T18:03:16","modified_gmt":"2026-02-06T17:03:16","slug":"stihl-tsa-300-secours-ap-system-decoupeuse-a-batterie","status":"publish","type":"product","link":"https:\/\/lucacastelli.com\/fr\/produit\/stihl-tsa-300-secours-ap-system-decoupeuse-a-batterie\/","title":{"rendered":"STIHL TSA 300 SECOURS &#8211; AP-System &#8211; d\u00e9coupeuse \u00e0 batterie"},"content":{"rendered":"<p>D\u00e9coupeuse \u00e0 disque \u00e0 batterie TSA 300 avec disque Rescue D-R80 : appareil professionnel compact, l\u00e9ger et tr\u00e8s puissant pour des utilisations polyvalentes<br \/>\nLa d\u00e9coupeuse \u00e0 disque \u00e0 batterie STIHL TSA 300 du syst\u00e8me AP est compacte, l\u00e9g\u00e8re et polyvalente, id\u00e9ale pour les secours, les pompiers et la protection civile. Fournie avec un disque standard et un disque diamant\u00e9 STIHL D-R80, parfait pour les interventions d\u2019urgence, avec une profondeur de coupe maximale de 110 mm. <\/p>\n<p>Le puissant moteur EC fonctionne silencieusement, avec peu de vibrations, et le contr\u00f4le \u00e9lectronique garantit des performances optimales pendant toute la dur\u00e9e de la batterie. Le filtre magn\u00e9tique STIHL prot\u00e8ge le moteur des poussi\u00e8res m\u00e9talliques et prolonge sa dur\u00e9e de vie. <\/p>\n<p>Un design compact, un poids r\u00e9duit et une poign\u00e9e ergonomique assurent une utilisation pr\u00e9cise et s\u00fbre. Le frein avec fonction de r\u00e9cup\u00e9ration d\u2019\u00e9nergie arr\u00eate rapidement le disque et recharge partiellement la batterie. Travail sans \u00e9missions, utilisable \u00e9galement \u00e0 l\u2019int\u00e9rieur, avec raccord d\u2019eau pour limiter la poussi\u00e8re. Le TSA 300 est r\u00e9sistant aux projections d\u2019eau (IPX4) et utilisable sous la pluie.   <\/p>\n<p>&nbsp;<\/p>\n<p>&nbsp;<\/p>\n<table data-test-id=\"pdp-spec-tech-table\">\n<tbody>\n<tr>\n<td>Tension nominale<\/td>\n<td>36 V<\/td>\n<\/tr>\n<tr>\n<td>Tension max<\/td>\n<td>40 V<\/td>\n<\/tr>\n<tr>\n<td>Puissance absorb\u00e9e<\/td>\n<td>3 kW<\/td>\n<\/tr>\n<tr>\n<td>Puissance<\/td>\n<td>2.50 kW<\/td>\n<\/tr>\n<tr>\n<td>Syst\u00e8me \u00e0 batterie<\/td>\n<td>AP<\/td>\n<\/tr>\n<tr>\n<td>Batterie recommand\u00e9e<\/td>\n<td>AP 500 S<\/td>\n<\/tr>\n<tr>\n<td>Poids de l\u2019appareil sans batterie<\/td>\n<td>6.3 kg<\/td>\n<\/tr>\n<tr>\n<td>Diam\u00e8tre du disque de coupe<\/td>\n<td>300 mm<\/td>\n<\/tr>\n<tr>\n<td>Profondeur de coupe max.<\/td>\n<td>110 mm<\/td>\n<\/tr>\n<tr>\n<td>Degr\u00e9 de protection IP<\/td>\n<td>IPX4<\/td>\n<\/tr>\n<tr>\n<td>Temps de fonctionnement minimum de la batterie AP 200 S<\/td>\n<td>5 min<\/td>\n<\/tr>\n<tr>\n<td>Temps de fonctionnement maximum de la batterie AP 200 S<\/td>\n<td>9 min<\/td>\n<\/tr>\n<tr>\n<td>Temps de fonctionnement minimum de la batterie AP 300 S<\/td>\n<td>9 min<\/td>\n<\/tr>\n<tr>\n<td>Temps de fonctionnement maximum de la batterie AP 300 S<\/td>\n<td>16 min<\/td>\n<\/tr>\n<tr>\n<td>Temps de fonctionnement minimum de la batterie AP 500 S<\/td>\n<td>12 min<\/td>\n<\/tr>\n<tr>\n<td>Temps de fonctionnement maximum de la batterie AP 500 S<\/td>\n<td>22 min<\/td>\n<\/tr>\n<tr>\n<td>Longueur de l\u2019appareil avec disque de coupe<\/td>\n<td>74.2 cm<\/td>\n<\/tr>\n<tr>\n<td>Niveau de pression acoustique<\/td>\n<td>105 dB(A)<\/td>\n<\/tr>\n<tr>\n<td>Niveau de puissance acoustique<\/td>\n<td>116 dB(A)<\/td>\n<\/tr>\n<tr>\n<td>Valeur de vibration gauche<\/td>\n<td>3 m\/s\u00b2<\/td>\n<\/tr>\n<tr>\n<td>Valeur vibratoire droite<\/td>\n<td>2,3 m\/s\u00b2<\/td>\n<\/tr>\n<\/tbody>\n<\/table>\n","protected":false},"excerpt":{"rendered":"<p>D\u00e9coupeuse \u00e0 disque \u00e0 batterie TSA 300 avec disque Rescue D-R80 : appareil professionnel compact, l\u00e9ger et tr\u00e8s puissant pour<\/p>\n","protected":false},"featured_media":714902,"template":"","meta":{"_seopress_robots_primary_cat":"none","_seopress_titles_title":"","_seopress_titles_desc":"","_seopress_robots_index":""},"product_brand":[3555],"product_cat":[1689,167,1686],"product_tag":[],"class_list":{"0":"post-730600","1":"product","2":"type-product","3":"status-publish","4":"has-post-thumbnail","6":"product_brand-stihl-fr","7":"product_cat-coupe-bordures-et-elagueurs","8":"product_cat-machines","9":"product_cat-tronconneuses-fr","10":"sws-gruppo-macchinari-fr","11":"sws-conto-ricavi-merci-rivendita-macchinari-fr","12":"sws-gruppo-iva-iva81-fr","14":"first","15":"instock","16":"shipping-taxable","17":"purchasable","18":"product-type-simple"},"_links":{"self":[{"href":"https:\/\/lucacastelli.com\/fr\/wp-json\/wp\/v2\/product\/730600","targetHints":{"allow":["GET"]}}],"collection":[{"href":"https:\/\/lucacastelli.com\/fr\/wp-json\/wp\/v2\/product"}],"about":[{"href":"https:\/\/lucacastelli.com\/fr\/wp-json\/wp\/v2\/types\/product"}],"wp:featuredmedia":[{"embeddable":true,"href":"https:\/\/lucacastelli.com\/fr\/wp-json\/wp\/v2\/media\/714902"}],"wp:attachment":[{"href":"https:\/\/lucacastelli.com\/fr\/wp-json\/wp\/v2\/media?parent=730600"}],"wp:term":[{"taxonomy":"product_brand","embeddable":true,"href":"https:\/\/lucacastelli.com\/fr\/wp-json\/wp\/v2\/product_brand?post=730600"},{"taxonomy":"product_cat","embeddable":true,"href":"https:\/\/lucacastelli.com\/fr\/wp-json\/wp\/v2\/product_cat?post=730600"},{"taxonomy":"product_tag","embeddable":true,"href":"https:\/\/lucacastelli.com\/fr\/wp-json\/wp\/v2\/product_tag?post=730600"}],"curies":[{"name":"wp","href":"https:\/\/api.w.org\/{rel}","templated":true}]}}