{"id":730584,"date":"2026-02-05T19:04:18","date_gmt":"2026-02-05T18:04:18","guid":{"rendered":"https:\/\/lucacastelli.com\/prodotto\/stihl-tsa-350-systeme-ap-tronconneuse-a-batterie\/"},"modified":"2026-02-05T19:04:18","modified_gmt":"2026-02-05T18:04:18","slug":"stihl-tsa-350-systeme-ap-tronconneuse-a-batterie","status":"publish","type":"product","link":"https:\/\/lucacastelli.com\/fr\/produit\/stihl-tsa-350-systeme-ap-tronconneuse-a-batterie\/","title":{"rendered":"STIHL TSA 350 &#8211; Syst\u00e8me AP Tron\u00e7onneuse \u00e0 batterie"},"content":{"rendered":"<p>Tron\u00e7onneuse \u00e0 batterie TSA 350 : tron\u00e7onneuse professionnelle compacte, l\u00e9g\u00e8re et puissante pour disques de 350 mm.<br \/>\nLa STIHL TSA 350, du syst\u00e8me STIHL AP, est id\u00e9ale pour les professionnels du jardinage, du paysage et de la construction. Son design compact permet des coupes pr\u00e9cises jusqu&#8217;\u00e0 125 mm de profondeur. Pour exploiter toute sa puissance, la batterie STIHL AP 500 S est recommand\u00e9e.  <\/p>\n<p>Le moteur EC haute performance, silencieux et \u00e0 faibles vibrations, assure une puissance constante gr\u00e2ce au contr\u00f4le \u00e9lectronique. Le filtre magn\u00e9tique STIHL prot\u00e8ge le moteur de la poussi\u00e8re m\u00e9tallique, garantissant une longue dur\u00e9e de vie. <\/p>\n<p>L\u00e9g\u00e8re et ergonomique, la TSA 350 offre un contr\u00f4le pr\u00e9cis et s\u00fbr. Le frein d&#8217;arr\u00eat avec r\u00e9cup\u00e9ration d&#8217;\u00e9nergie bloque rapidement le disque et recharge la batterie. L&#8217;absence d&#8217;\u00e9missions permet l&#8217;utilisation m\u00eame en int\u00e9rieur, et le raccordement d&#8217;eau r\u00e9duit efficacement la poussi\u00e8re.  <\/p>\n<p>Le carter de protection en magn\u00e9sium r\u00e9glable avec guidage de l&#8217;eau garantit s\u00e9curit\u00e9, excellente visibilit\u00e9 et \u00e9vacuation cibl\u00e9e des r\u00e9sidus. Certifi\u00e9e IPX4, la TSA 350 est con\u00e7ue pour un usage professionnel intensif m\u00eame dans des conditions climatiques difficiles. <\/p>\n<p>&nbsp;<\/p>\n<p>&nbsp;<\/p>\n<table data-test-id=\"pdp-spec-tech-table\">\n<tbody>\n<tr>\n<td>Tension nominale<\/td>\n<td>36 V<\/td>\n<\/tr>\n<tr>\n<td>Tension max<\/td>\n<td>40 V<\/td>\n<\/tr>\n<tr>\n<td>Puissance absorb\u00e9e<\/td>\n<td>3,30 kW<\/td>\n<\/tr>\n<tr>\n<td>Puissance<\/td>\n<td>2,70 kW<\/td>\n<\/tr>\n<tr>\n<td>Syst\u00e8me \u00e0 batterie<\/td>\n<td>AP<\/td>\n<\/tr>\n<tr>\n<td>Batterie recommand\u00e9e<\/td>\n<td>AP 500 S<\/td>\n<\/tr>\n<tr>\n<td>Poids de l&#8217;appareil sans batterie<\/td>\n<td>7,3 kg<\/td>\n<\/tr>\n<tr>\n<td>Diam\u00e8tre du disque de coupe<\/td>\n<td>350 mm<\/td>\n<\/tr>\n<tr>\n<td>Profondeur de coupe max<\/td>\n<td>125 mm<\/td>\n<\/tr>\n<tr>\n<td>Temps de fonctionnement minimum de la batterie AP 200 S<\/td>\n<td>4 min<\/td>\n<\/tr>\n<tr>\n<td>Temps de fonctionnement maximum de la batterie AP 200 S<\/td>\n<td>8 min<\/td>\n<\/tr>\n<tr>\n<td>Temps de fonctionnement minimum de la batterie AP 300 S<\/td>\n<td>8 min<\/td>\n<\/tr>\n<tr>\n<td>Temps de fonctionnement maximum de la batterie AP 300 S<\/td>\n<td>15 min<\/td>\n<\/tr>\n<tr>\n<td>Temps de fonctionnement minimum de la batterie AP 500 S<\/td>\n<td>11 min<\/td>\n<\/tr>\n<tr>\n<td>Temps de fonctionnement maximum de la batterie AP 500 S<\/td>\n<td>20 min<\/td>\n<\/tr>\n<tr>\n<td>Longueur de l&#8217;appareil avec disque de coupe<\/td>\n<td>78,9 cm<\/td>\n<\/tr>\n<tr>\n<td>Niveau de pression acoustique<\/td>\n<td>106 dB(A)<\/td>\n<\/tr>\n<tr>\n<td>Niveau de puissance acoustique<\/td>\n<td>117 dB(A)<\/td>\n<\/tr>\n<tr>\n<td>Valeur vibratoire gauche<\/td>\n<td>2,4 m\/s\u00b2<\/td>\n<\/tr>\n<tr>\n<td>Valeur vibratoire droite<\/td>\n<td>2 m\/s\u00b2<\/td>\n<\/tr>\n<\/tbody>\n<\/table>\n","protected":false},"excerpt":{"rendered":"<p>Tron\u00e7onneuse \u00e0 batterie TSA 350 : tron\u00e7onneuse professionnelle compacte, l\u00e9g\u00e8re et puissante pour disques de 350 mm. La STIHL TSA<\/p>\n","protected":false},"featured_media":713645,"template":"","meta":{"_seopress_robots_primary_cat":"none","_seopress_titles_title":"","_seopress_titles_desc":"","_seopress_robots_index":""},"product_brand":[3555],"product_cat":[167,1689,1686],"product_tag":[],"class_list":{"0":"post-730584","1":"product","2":"type-product","3":"status-publish","4":"has-post-thumbnail","6":"product_brand-stihl-fr","7":"product_cat-machines","8":"product_cat-coupe-bordures-et-elagueurs","9":"product_cat-tronconneuses-fr","10":"sws-gruppo-macchinari-fr","11":"sws-conto-ricavi-merci-rivendita-macchinari-fr","12":"sws-gruppo-iva-iva81-fr","14":"first","15":"instock","16":"shipping-taxable","17":"purchasable","18":"product-type-simple"},"_links":{"self":[{"href":"https:\/\/lucacastelli.com\/fr\/wp-json\/wp\/v2\/product\/730584","targetHints":{"allow":["GET"]}}],"collection":[{"href":"https:\/\/lucacastelli.com\/fr\/wp-json\/wp\/v2\/product"}],"about":[{"href":"https:\/\/lucacastelli.com\/fr\/wp-json\/wp\/v2\/types\/product"}],"wp:featuredmedia":[{"embeddable":true,"href":"https:\/\/lucacastelli.com\/fr\/wp-json\/wp\/v2\/media\/713645"}],"wp:attachment":[{"href":"https:\/\/lucacastelli.com\/fr\/wp-json\/wp\/v2\/media?parent=730584"}],"wp:term":[{"taxonomy":"product_brand","embeddable":true,"href":"https:\/\/lucacastelli.com\/fr\/wp-json\/wp\/v2\/product_brand?post=730584"},{"taxonomy":"product_cat","embeddable":true,"href":"https:\/\/lucacastelli.com\/fr\/wp-json\/wp\/v2\/product_cat?post=730584"},{"taxonomy":"product_tag","embeddable":true,"href":"https:\/\/lucacastelli.com\/fr\/wp-json\/wp\/v2\/product_tag?post=730584"}],"curies":[{"name":"wp","href":"https:\/\/api.w.org\/{rel}","templated":true}]}}