{"id":730567,"date":"2026-02-16T10:00:57","date_gmt":"2026-02-16T09:00:57","guid":{"rendered":"https:\/\/lucacastelli.com\/prodotto\/stihl-disque-d-sb80-diametre-230-mm\/"},"modified":"2026-02-17T15:18:54","modified_gmt":"2026-02-17T14:18:54","slug":"stihl-disque-d-sb80-diametre-230-mm","status":"publish","type":"product","link":"https:\/\/lucacastelli.com\/fr\/produit\/stihl-disque-d-sb80-diametre-230-mm\/","title":{"rendered":"STIHL Disque D-SB80 diam\u00e8tre 230 mm"},"content":{"rendered":"<p><b>STIHL D-SB80 Disque diamant\u00e9 pour la coupe de pierre naturelle\/b\u00e9ton (SB)<\/b><\/p>\n<p>Ce disque diamant\u00e9 STIHL D-SB80 pour la coupe de pierre naturelle\/b\u00e9ton (SB) est utilis\u00e9 pour des travaux professionnels sur des mat\u00e9riaux de construction durs, tels que le granit, la pierre naturelle dure, le b\u00e9ton arm\u00e9 ou le vieux b\u00e9ton.<\/p>\n<p><b><strong>Caract\u00e9ristiques<\/strong><\/b><\/p>\n<ul>\n<li>Adapt\u00e9 pour TSA 230<\/li>\n<li>Diam\u00e8tre 230 mm<\/li>\n<li>Pour travaux professionnels<\/li>\n<li>Haute pr\u00e9cision<\/li>\n<li>Excellente capacit\u00e9 de coupe<\/li>\n<li>Longue dur\u00e9e de vie<\/li>\n<\/ul>\n","protected":false},"excerpt":{"rendered":"<p>STIHL D-SB80 Disque diamant\u00e9 pour la coupe de pierre naturelle\/b\u00e9ton (SB) Ce disque diamant\u00e9 STIHL D-SB80 pour la coupe de<\/p>\n","protected":false},"featured_media":728379,"template":"","meta":{"_seopress_robots_primary_cat":"","_seopress_titles_title":"","_seopress_titles_desc":"","_seopress_robots_index":""},"product_brand":[3555],"product_cat":[167,1689,1688,1686],"product_tag":[],"class_list":{"0":"post-730567","1":"product","2":"type-product","3":"status-publish","4":"has-post-thumbnail","6":"product_brand-stihl-fr","7":"product_cat-machines","8":"product_cat-coupe-bordures-et-elagueurs","9":"product_cat-accessoires-et-consommables-fr-8","10":"product_cat-tronconneuses-fr","11":"sws-gruppo-macchinari-fr","12":"sws-conto-ricavi-merci-rivendita-macchinari-fr","13":"sws-gruppo-iva-iva81-fr","15":"first","16":"instock","17":"shipping-taxable","18":"purchasable","19":"product-type-simple"},"_links":{"self":[{"href":"https:\/\/lucacastelli.com\/fr\/wp-json\/wp\/v2\/product\/730567","targetHints":{"allow":["GET"]}}],"collection":[{"href":"https:\/\/lucacastelli.com\/fr\/wp-json\/wp\/v2\/product"}],"about":[{"href":"https:\/\/lucacastelli.com\/fr\/wp-json\/wp\/v2\/types\/product"}],"wp:featuredmedia":[{"embeddable":true,"href":"https:\/\/lucacastelli.com\/fr\/wp-json\/wp\/v2\/media\/728379"}],"wp:attachment":[{"href":"https:\/\/lucacastelli.com\/fr\/wp-json\/wp\/v2\/media?parent=730567"}],"wp:term":[{"taxonomy":"product_brand","embeddable":true,"href":"https:\/\/lucacastelli.com\/fr\/wp-json\/wp\/v2\/product_brand?post=730567"},{"taxonomy":"product_cat","embeddable":true,"href":"https:\/\/lucacastelli.com\/fr\/wp-json\/wp\/v2\/product_cat?post=730567"},{"taxonomy":"product_tag","embeddable":true,"href":"https:\/\/lucacastelli.com\/fr\/wp-json\/wp\/v2\/product_tag?post=730567"}],"curies":[{"name":"wp","href":"https:\/\/api.w.org\/{rel}","templated":true}]}}