{"id":730564,"date":"2026-02-10T13:23:02","date_gmt":"2026-02-10T12:23:02","guid":{"rendered":"https:\/\/lucacastelli.com\/prodotto\/stihl-chariot-de-guidage-fw-20\/"},"modified":"2026-02-10T13:23:02","modified_gmt":"2026-02-10T12:23:02","slug":"stihl-chariot-de-guidage-fw-20","status":"publish","type":"product","link":"https:\/\/lucacastelli.com\/fr\/produit\/stihl-chariot-de-guidage-fw-20\/","title":{"rendered":"STIHL chariot de guidage FW 20"},"content":{"rendered":"<p>STIHL 4224 710 1403 FW 20 Chariot CutQuik pour TS 410, TS 420, TS 700 et TS 800.<\/p>\n<p>Le chariot STIHL Cutquik est sp\u00e9cialement con\u00e7u pour \u00eatre utilis\u00e9 avec les d\u00e9coupeuses STIHL lorsqu\u2019il est n\u00e9cessaire de r\u00e9aliser des joints de dilatation ou des bordures et qu\u2019un outil sur roues est requis. Ce chariot offre une meilleure maniabilit\u00e9 et des performances de coupe accrues gr\u00e2ce \u00e0 l\u2019orientation du poids vers l\u2019avant et au syst\u00e8me de fixation rapide sans outil. Le chariot est \u00e9galement \u00e9quip\u00e9 d\u2019un large d\u00e9flecteur et de roues avec roulements \u00e9tanches pour prot\u00e9ger de la poussi\u00e8re et des d\u00e9bris. La poign\u00e9e est pliable pour faciliter le transport, faisant de ce chariot l\u00e9ger, compact et portable un accessoire id\u00e9al pour tout utilisateur de d\u00e9coupeuse.<br \/>\nCaract\u00e9ristiques<br \/>\nParticuli\u00e8rement utile pour les coupes longues et rectilignes, comme la r\u00e9alisation de joints de dilatation sur les surfaces routi\u00e8res ou le d\u00e9coupage de bordures dans l\u2019asphalte.<br \/>\nS\u2019adapte facilement \u00e0 tous les mod\u00e8les de d\u00e9coupeuses STIHL Cutquik.<br \/>\nPoign\u00e9e r\u00e9glable pour un plus grand confort.<br \/>\nPoign\u00e9e pliable pour le stockage ou le transport.<br \/>\nKit de roues de profondeur pour chariot STIHL Cutquik.<br \/>\nGuide de coupe pour chariot Cutquik.<br \/>\nR\u00e9servoir d\u2019eau optionnel mont\u00e9 sur le chariot. Capacit\u00e9 3,4 gallons. Facilement amovible pour le remplissage.     <\/p>\n","protected":false},"excerpt":{"rendered":"<p>STIHL 4224 710 1403 FW 20 Chariot CutQuik pour TS 410, TS 420, TS 700 et TS 800. Le chariot<\/p>\n","protected":false},"featured_media":720742,"template":"","meta":{"_seopress_robots_primary_cat":"none","_seopress_titles_title":"","_seopress_titles_desc":"","_seopress_robots_index":""},"product_brand":[3366],"product_cat":[29,495,512,496],"product_tag":[],"class_list":{"0":"post-730564","1":"product","2":"type-product","3":"status-publish","4":"has-post-thumbnail","6":"product_brand-stihl","7":"product_cat-macchinari","8":"product_cat-troncatrici-e-mototroncatrici","9":"product_cat-accessori-e-materiale-di-consumo-troncatrici-e-mototroncatrici","10":"product_cat-troncatrici","11":"sws-gruppo-macchinari-fr","12":"sws-conto-ricavi-merci-rivendita-macchinari-fr","13":"sws-gruppo-iva-iva81-fr","15":"first","16":"instock","17":"sale","18":"shipping-taxable","19":"purchasable","20":"product-type-simple"},"_links":{"self":[{"href":"https:\/\/lucacastelli.com\/fr\/wp-json\/wp\/v2\/product\/730564","targetHints":{"allow":["GET"]}}],"collection":[{"href":"https:\/\/lucacastelli.com\/fr\/wp-json\/wp\/v2\/product"}],"about":[{"href":"https:\/\/lucacastelli.com\/fr\/wp-json\/wp\/v2\/types\/product"}],"wp:featuredmedia":[{"embeddable":true,"href":"https:\/\/lucacastelli.com\/fr\/wp-json\/wp\/v2\/media\/720742"}],"wp:attachment":[{"href":"https:\/\/lucacastelli.com\/fr\/wp-json\/wp\/v2\/media?parent=730564"}],"wp:term":[{"taxonomy":"product_brand","embeddable":true,"href":"https:\/\/lucacastelli.com\/fr\/wp-json\/wp\/v2\/product_brand?post=730564"},{"taxonomy":"product_cat","embeddable":true,"href":"https:\/\/lucacastelli.com\/fr\/wp-json\/wp\/v2\/product_cat?post=730564"},{"taxonomy":"product_tag","embeddable":true,"href":"https:\/\/lucacastelli.com\/fr\/wp-json\/wp\/v2\/product_tag?post=730564"}],"curies":[{"name":"wp","href":"https:\/\/api.w.org\/{rel}","templated":true}]}}