{"id":727282,"date":"2026-02-13T09:30:58","date_gmt":"2026-02-13T08:30:58","guid":{"rendered":"https:\/\/lucacastelli.com\/prodotto\/isc-poulie-extra-large-50-kn\/"},"modified":"2026-02-13T09:30:58","modified_gmt":"2026-02-13T08:30:58","slug":"isc-poulie-extra-large-50-kn","status":"publish","type":"product","link":"https:\/\/lucacastelli.com\/fr\/produit\/isc-poulie-extra-large-50-kn\/","title":{"rendered":"ISC Poulie Extra Large 50 kN"},"content":{"rendered":"<p>Poulie de haute qualit\u00e9 avec une charge de rupture \u00e9lev\u00e9e et un poids r\u00e9duit. Id\u00e9ale pour l\u2019abaissement de charges lourdes. <\/p>\n<p>La poulie ISC 50 kN offre une charge de rupture \u00e9lev\u00e9e malgr\u00e9 son poids r\u00e9duit.<br \/>\nGr\u00e2ce aux flasques rotatifs en aluminium, les cordes s\u2019ins\u00e8rent facilement dans la poulie. Le r\u00e9a est mont\u00e9 sur roulements \u00e0 billes et est \u00e9galement fabriqu\u00e9 en aluminium.<br \/>\nLa poulie est adapt\u00e9e aux cordes synth\u00e9tiques dans le secteur du rigging. <\/p>\n","protected":false},"excerpt":{"rendered":"<p>Poulie de haute qualit\u00e9 avec une charge de rupture \u00e9lev\u00e9e et un poids r\u00e9duit. Id\u00e9ale pour l\u2019abaissement de charges lourdes.<\/p>\n","protected":false},"featured_media":724280,"template":"","meta":{"_seopress_robots_primary_cat":"none","_seopress_titles_title":"","_seopress_titles_desc":"","_seopress_robots_index":""},"product_brand":[6763],"product_cat":[33,5416,537,822,814],"product_tag":[],"class_list":{"0":"post-727282","1":"product","2":"type-product","3":"status-publish","4":"has-post-thumbnail","6":"product_brand-isc","7":"product_cat-attrezzature","8":"product_cat-utensili-per-officina","9":"product_cat-attrezzatura-da-lavoro","10":"product_cat-altro-attrezzatura-da-lavoro","11":"product_cat-imbraghi-e-materiale-di-sicurezza","13":"first","14":"instock","15":"shipping-taxable","16":"purchasable","17":"product-type-simple"},"_links":{"self":[{"href":"https:\/\/lucacastelli.com\/fr\/wp-json\/wp\/v2\/product\/727282","targetHints":{"allow":["GET"]}}],"collection":[{"href":"https:\/\/lucacastelli.com\/fr\/wp-json\/wp\/v2\/product"}],"about":[{"href":"https:\/\/lucacastelli.com\/fr\/wp-json\/wp\/v2\/types\/product"}],"wp:featuredmedia":[{"embeddable":true,"href":"https:\/\/lucacastelli.com\/fr\/wp-json\/wp\/v2\/media\/724280"}],"wp:attachment":[{"href":"https:\/\/lucacastelli.com\/fr\/wp-json\/wp\/v2\/media?parent=727282"}],"wp:term":[{"taxonomy":"product_brand","embeddable":true,"href":"https:\/\/lucacastelli.com\/fr\/wp-json\/wp\/v2\/product_brand?post=727282"},{"taxonomy":"product_cat","embeddable":true,"href":"https:\/\/lucacastelli.com\/fr\/wp-json\/wp\/v2\/product_cat?post=727282"},{"taxonomy":"product_tag","embeddable":true,"href":"https:\/\/lucacastelli.com\/fr\/wp-json\/wp\/v2\/product_tag?post=727282"}],"curies":[{"name":"wp","href":"https:\/\/api.w.org\/{rel}","templated":true}]}}